{"id":3314,"date":"2018-11-26T13:29:03","date_gmt":"2018-11-26T13:29:03","guid":{"rendered":"http:\/\/autocaravanascamperdadi.com\/?post_type=product&#038;p=3314"},"modified":"2022-12-02T08:29:49","modified_gmt":"2022-12-02T08:29:49","slug":"motorhome-mc-louis-glamys-340","status":"publish","type":"product","link":"https:\/\/autocaravanascamperdadi.com\/en\/tienda\/motorhome-mc-louis-glamys-340\/","title":{"rendered":"Motorhome MC LOUIS GLAMYS 340"},"content":{"rendered":"[wpsbc id=&#8221;3&#8243; title=&#8221;yes&#8221; legend=&#8221;yes&#8221; dropdown=&#8221;yes&#8221; start=&#8221;1&#8243; display=&#8221;1&#8243; language=&#8221;auto&#8221; month=&#8221;0&#8243; year=&#8221;0&#8243; jump=&#8221;no&#8221; history=&#8221;1&#8243; tooltip=&#8221;1&#8243; theme=&#8221;modern&#8221; weeknumbers=&#8221;no&#8221; highlighttoday=&#8221;no&#8221; themehbc=&#8221;#333&#8243;]\n<p>&nbsp;<\/p>\n<p><span id=\"result_box\" class=\"\" lang=\"en\"><span title=\"CONDICIONES GENERALES DEL ALQUILER \">GENERAL CONDITIONS OF RENT<\/span><\/span><\/p>\n<p><span title=\"- Es obligatorio haber abonado la totalidad de la factura y depositar la fianza antes de recoger la autocaravana. \">&#8211; It is mandatory to have paid the entire bill and deposit the deposit before collecting the motorhome.<\/span><\/p>\n<p><span title=\"- La autocaravana se devolver\u00e1 limpia, con el dep\u00f3sito de agua residual y w.c.\">&#8211; The motorhome will be returned clean, with the waste water tank and w.c. <\/span><span title=\"vac\u00edos;\">empty <\/span><span title=\"en caso contrario, el cliente deber\u00e1 abonar 150 \u20ac en concepto de limpieza. \">otherwise, the customer must pay \u20ac 150 for cleaning.<\/span><\/p>\n<p><span title=\"- El usuario responde de cualquier sanci\u00f3n o multa. \">&#8211; The user responds to any penalty or fine.<\/span><\/p>\n<p><span title=\"- Las presentes condiciones son s\u00f3lo un extracto, siendo a todos los efectos \u00fanicamente v\u00e1lidas las que se firmen. \">&#8211; The present conditions are only an extract, being to all the effects only valid those that are signed.<\/span><\/p>\n<p><span title=\"LOS PRECIOS SE\u00d1ALADOS SON POR D\u00cdA INCLUYEN \">THE PRICES INDICATED ARE PER DAY INCLUDE<\/span><\/p>\n<p><span title=\"- Aire Acondicionado en cabina. \">&#8211; Air conditioning in the cabin.<\/span><\/p>\n<p><span title=\"- 500 Kil\u00f3metros diarios. \">&#8211; 500 Kilometers per day.<\/span><\/p>\n<p><span title=\"- Seguro a todo riesgo con franquicia de 600 \u20ac. \">&#8211; Comprehensive insurance with a \u20ac 600 deductible.<\/span><\/p>\n<p><span title=\"- Gastos de Salida: gas, l\u00edquido qu\u00edmico y papel higi\u00e9nico. \">&#8211; Expenses of exit: gas, chemical liquid and toilet paper.<\/span><\/p>\n<p><span title=\"- Asistencia en carretera 24 horas \">&#8211; 24 hour roadside assistance<\/span><\/p>\n<p><span title=\"dentro y fuera de Espa\u00f1a \">inside and outside of Spain<\/span><\/p>\n<p><span title=\"- Aparcamiento gratuito para su coche \">&#8211; Free parking for your car<\/span><\/p>\n<p><span title=\"- I.V.A.\">&#8211; I.V.A. <\/span><span title=\"Inclu\u00eddo \">Included<\/span><\/p>\n<p><span title=\"LOS PRECIOS NO INCLUYEN \">THE PRICES DO NOT INCLUDE<\/span><\/p>\n<p><span title=\"- Kil\u00f3metros excedentes a 0,30 \u20ac\/unid. \">&#8211; Surplus kilometers at \u20ac 0.30 \/ unit.<\/span><\/p>\n<p><span title=\"- Fianza 600 \u20ac \">&#8211; \u20ac 600 deposit<\/span><\/p>\n<p><span title=\"-Franquicia 600 \u20ac \">-Franchise \u20ac 600<\/span><\/p>\n<p><span title=\"- Carburante \">&#8211; Fuel<\/span><\/p>\n<p><span title=\"CONDICIONES DEL CONDUCTOR \">CONDITIONS OF THE DRIVER<\/span><\/p>\n<p><span title=\"- Edad no inferior a 25 a\u00f1os \">&#8211; Age not less than 25 years<\/span><\/p>\n<p><span title=\"- Carnet de conducir B1 vigente con 2 a\u00f1os de antiguedad. \">&#8211; B1 driving license valid 2 years old.<\/span><\/p>\n<p><span title=\"EQUIPAMIENTO DE LOS VEH\u00cdCULOS \">EQUIPMENT OF VEHICLES<\/span><\/p>\n<p><span title=\"- Dep\u00f3sito de agua potable residual. \">&#8211; Residual drinking water tank.<\/span><\/p>\n<p><span title=\"- Bomba el\u00e9ctrica. \">&#8211; Electric bomb.<\/span><\/p>\n<p><span title=\"- W.C.\">&#8211; W.C. <\/span><span title=\"Lavado, ducha y agua caliente. \">Washing, shower and hot water.<\/span><\/p>\n<p><span title=\"- Calefacci\u00f3n. \">&#8211; Heating<\/span><\/p>\n<p><span title=\"- Cocina con fregadero, frigor\u00edfico trivalente (12V 220V y Gas). \">&#8211; Kitchen with sink, trivalent refrigerator (12V 220V and Gas).<\/span><\/p>\n<p><span title=\"- Conexi\u00f3n 220V. \">&#8211; 220V connection.<\/span><\/p>\n<p><span title=\"-Antena TV\">-TV antenna<\/span><\/p>\n","protected":false},"excerpt":{"rendered":"<p>BRAND: MC LOUIS<br \/>\nMODEL: GLAMYS 340<br \/>\nENGINE: FIAT DUCATO<br \/>\nYEAR: April 2020<br \/>\nMILEAGE: 75,000KM<\/p>\n","protected":false},"featured_media":6074,"comment_status":"closed","ping_status":"closed","template":"","meta":[],"product_brand":[],"product_cat":[85],"product_tag":[],"class_list":{"0":"post-3314","1":"product","2":"type-product","3":"status-publish","4":"has-post-thumbnail","6":"product_cat-second-hand","8":"first","9":"instock","10":"virtual","11":"product-type-simple"},"yoast_head":"<!-- This site is optimized with the Yoast SEO plugin v27.3 - https:\/\/yoast.com\/product\/yoast-seo-wordpress\/ -->\n<title>Motorhome MC LOUIS GLAMYS 340 - Camperdadi<\/title>\n<meta name=\"robots\" content=\"index, follow, max-snippet:-1, max-image-preview:large, max-video-preview:-1\" \/>\n<link rel=\"canonical\" href=\"https:\/\/autocaravanascamperdadi.com\/tienda\/autocaravana-mc-louis-glamys-40-ocasion\/\" \/>\n<meta property=\"og:locale\" content=\"en_US\" \/>\n<meta property=\"og:type\" content=\"article\" \/>\n<meta property=\"og:title\" content=\"Motorhome MC LOUIS GLAMYS 340 - Camperdadi\" \/>\n<meta property=\"og:description\" content=\"BRAND: MC LOUIS MODEL: GLAMYS 340 ENGINE: FIAT DUCATO YEAR: April 2020 MILEAGE: 75,000KM\" \/>\n<meta property=\"og:url\" content=\"https:\/\/autocaravanascamperdadi.com\/tienda\/autocaravana-mc-louis-glamys-40-ocasion\/\" \/>\n<meta property=\"og:site_name\" content=\"Camperdadi\" \/>\n<meta property=\"article:publisher\" content=\"https:\/\/es-es.facebook.com\/camperdadi\/\" \/>\n<meta property=\"article:modified_time\" content=\"2022-12-02T08:29:49+00:00\" \/>\n<meta property=\"og:image\" content=\"https:\/\/autocaravanascamperdadi.com\/wp-content\/uploads\/2018\/11\/mclouis-glamys-340-13.jpg\" \/>\n\t<meta property=\"og:image:width\" content=\"640\" \/>\n\t<meta property=\"og:image:height\" content=\"480\" \/>\n\t<meta property=\"og:image:type\" content=\"image\/jpeg\" \/>\n<meta name=\"twitter:card\" content=\"summary_large_image\" \/>\n<meta name=\"twitter:site\" content=\"@camperdadi\" \/>\n<meta name=\"twitter:label1\" content=\"Est. reading time\" \/>\n\t<meta name=\"twitter:data1\" content=\"1 minute\" \/>\n<script type=\"application\/ld+json\" class=\"yoast-schema-graph\">{\"@context\":\"https:\\\/\\\/schema.org\",\"@graph\":[{\"@type\":\"WebPage\",\"@id\":\"https:\\\/\\\/autocaravanascamperdadi.com\\\/tienda\\\/autocaravana-mc-louis-glamys-40-ocasion\\\/\",\"url\":\"https:\\\/\\\/autocaravanascamperdadi.com\\\/tienda\\\/autocaravana-mc-louis-glamys-40-ocasion\\\/\",\"name\":\"Motorhome MC LOUIS GLAMYS 340 - Camperdadi\",\"isPartOf\":{\"@id\":\"https:\\\/\\\/autocaravanascamperdadi.com\\\/en\\\/#website\"},\"primaryImageOfPage\":{\"@id\":\"https:\\\/\\\/autocaravanascamperdadi.com\\\/tienda\\\/autocaravana-mc-louis-glamys-40-ocasion\\\/#primaryimage\"},\"image\":{\"@id\":\"https:\\\/\\\/autocaravanascamperdadi.com\\\/tienda\\\/autocaravana-mc-louis-glamys-40-ocasion\\\/#primaryimage\"},\"thumbnailUrl\":\"https:\\\/\\\/autocaravanascamperdadi.com\\\/wp-content\\\/uploads\\\/2018\\\/11\\\/mclouis-glamys-340-13.jpg\",\"datePublished\":\"2018-11-26T13:29:03+00:00\",\"dateModified\":\"2022-12-02T08:29:49+00:00\",\"breadcrumb\":{\"@id\":\"https:\\\/\\\/autocaravanascamperdadi.com\\\/tienda\\\/autocaravana-mc-louis-glamys-40-ocasion\\\/#breadcrumb\"},\"inLanguage\":\"en-US\",\"potentialAction\":[{\"@type\":\"ReadAction\",\"target\":[\"https:\\\/\\\/autocaravanascamperdadi.com\\\/tienda\\\/autocaravana-mc-louis-glamys-40-ocasion\\\/\"]}]},{\"@type\":\"ImageObject\",\"inLanguage\":\"en-US\",\"@id\":\"https:\\\/\\\/autocaravanascamperdadi.com\\\/tienda\\\/autocaravana-mc-louis-glamys-40-ocasion\\\/#primaryimage\",\"url\":\"https:\\\/\\\/autocaravanascamperdadi.com\\\/wp-content\\\/uploads\\\/2018\\\/11\\\/mclouis-glamys-340-13.jpg\",\"contentUrl\":\"https:\\\/\\\/autocaravanascamperdadi.com\\\/wp-content\\\/uploads\\\/2018\\\/11\\\/mclouis-glamys-340-13.jpg\",\"width\":640,\"height\":480},{\"@type\":\"BreadcrumbList\",\"@id\":\"https:\\\/\\\/autocaravanascamperdadi.com\\\/tienda\\\/autocaravana-mc-louis-glamys-40-ocasion\\\/#breadcrumb\",\"itemListElement\":[{\"@type\":\"ListItem\",\"position\":1,\"name\":\"Portada\",\"item\":\"https:\\\/\\\/autocaravanascamperdadi.com\\\/en\\\/\"},{\"@type\":\"ListItem\",\"position\":2,\"name\":\"Tienda\",\"item\":\"https:\\\/\\\/autocaravanascamperdadi.com\\\/tienda\\\/\"},{\"@type\":\"ListItem\",\"position\":3,\"name\":\"Motorhome MC LOUIS GLAMYS 340\"}]},{\"@type\":\"WebSite\",\"@id\":\"https:\\\/\\\/autocaravanascamperdadi.com\\\/en\\\/#website\",\"url\":\"https:\\\/\\\/autocaravanascamperdadi.com\\\/en\\\/\",\"name\":\"Autocaravanas Camperdadi\",\"description\":\"Alquiler de autocaravanas y caravanas\",\"potentialAction\":[{\"@type\":\"SearchAction\",\"target\":{\"@type\":\"EntryPoint\",\"urlTemplate\":\"https:\\\/\\\/autocaravanascamperdadi.com\\\/en\\\/?s={search_term_string}\"},\"query-input\":{\"@type\":\"PropertyValueSpecification\",\"valueRequired\":true,\"valueName\":\"search_term_string\"}}],\"inLanguage\":\"en-US\"}]}<\/script>\n<!-- \/ Yoast SEO plugin. -->","yoast_head_json":{"title":"Motorhome MC LOUIS GLAMYS 340 - Camperdadi","robots":{"index":"index","follow":"follow","max-snippet":"max-snippet:-1","max-image-preview":"max-image-preview:large","max-video-preview":"max-video-preview:-1"},"canonical":"https:\/\/autocaravanascamperdadi.com\/tienda\/autocaravana-mc-louis-glamys-40-ocasion\/","og_locale":"en_US","og_type":"article","og_title":"Motorhome MC LOUIS GLAMYS 340 - Camperdadi","og_description":"BRAND: MC LOUIS MODEL: GLAMYS 340 ENGINE: FIAT DUCATO YEAR: April 2020 MILEAGE: 75,000KM","og_url":"https:\/\/autocaravanascamperdadi.com\/tienda\/autocaravana-mc-louis-glamys-40-ocasion\/","og_site_name":"Camperdadi","article_publisher":"https:\/\/es-es.facebook.com\/camperdadi\/","article_modified_time":"2022-12-02T08:29:49+00:00","og_image":[{"width":640,"height":480,"url":"https:\/\/autocaravanascamperdadi.com\/wp-content\/uploads\/2018\/11\/mclouis-glamys-340-13.jpg","type":"image\/jpeg"}],"twitter_card":"summary_large_image","twitter_site":"@camperdadi","twitter_misc":{"Est. reading time":"1 minute"},"schema":{"@context":"https:\/\/schema.org","@graph":[{"@type":"WebPage","@id":"https:\/\/autocaravanascamperdadi.com\/tienda\/autocaravana-mc-louis-glamys-40-ocasion\/","url":"https:\/\/autocaravanascamperdadi.com\/tienda\/autocaravana-mc-louis-glamys-40-ocasion\/","name":"Motorhome MC LOUIS GLAMYS 340 - Camperdadi","isPartOf":{"@id":"https:\/\/autocaravanascamperdadi.com\/en\/#website"},"primaryImageOfPage":{"@id":"https:\/\/autocaravanascamperdadi.com\/tienda\/autocaravana-mc-louis-glamys-40-ocasion\/#primaryimage"},"image":{"@id":"https:\/\/autocaravanascamperdadi.com\/tienda\/autocaravana-mc-louis-glamys-40-ocasion\/#primaryimage"},"thumbnailUrl":"https:\/\/autocaravanascamperdadi.com\/wp-content\/uploads\/2018\/11\/mclouis-glamys-340-13.jpg","datePublished":"2018-11-26T13:29:03+00:00","dateModified":"2022-12-02T08:29:49+00:00","breadcrumb":{"@id":"https:\/\/autocaravanascamperdadi.com\/tienda\/autocaravana-mc-louis-glamys-40-ocasion\/#breadcrumb"},"inLanguage":"en-US","potentialAction":[{"@type":"ReadAction","target":["https:\/\/autocaravanascamperdadi.com\/tienda\/autocaravana-mc-louis-glamys-40-ocasion\/"]}]},{"@type":"ImageObject","inLanguage":"en-US","@id":"https:\/\/autocaravanascamperdadi.com\/tienda\/autocaravana-mc-louis-glamys-40-ocasion\/#primaryimage","url":"https:\/\/autocaravanascamperdadi.com\/wp-content\/uploads\/2018\/11\/mclouis-glamys-340-13.jpg","contentUrl":"https:\/\/autocaravanascamperdadi.com\/wp-content\/uploads\/2018\/11\/mclouis-glamys-340-13.jpg","width":640,"height":480},{"@type":"BreadcrumbList","@id":"https:\/\/autocaravanascamperdadi.com\/tienda\/autocaravana-mc-louis-glamys-40-ocasion\/#breadcrumb","itemListElement":[{"@type":"ListItem","position":1,"name":"Portada","item":"https:\/\/autocaravanascamperdadi.com\/en\/"},{"@type":"ListItem","position":2,"name":"Tienda","item":"https:\/\/autocaravanascamperdadi.com\/tienda\/"},{"@type":"ListItem","position":3,"name":"Motorhome MC LOUIS GLAMYS 340"}]},{"@type":"WebSite","@id":"https:\/\/autocaravanascamperdadi.com\/en\/#website","url":"https:\/\/autocaravanascamperdadi.com\/en\/","name":"Autocaravanas Camperdadi","description":"Alquiler de autocaravanas y caravanas","potentialAction":[{"@type":"SearchAction","target":{"@type":"EntryPoint","urlTemplate":"https:\/\/autocaravanascamperdadi.com\/en\/?s={search_term_string}"},"query-input":{"@type":"PropertyValueSpecification","valueRequired":true,"valueName":"search_term_string"}}],"inLanguage":"en-US"}]}},"_links":{"self":[{"href":"https:\/\/autocaravanascamperdadi.com\/en\/wp-json\/wp\/v2\/product\/3314","targetHints":{"allow":["GET"]}}],"collection":[{"href":"https:\/\/autocaravanascamperdadi.com\/en\/wp-json\/wp\/v2\/product"}],"about":[{"href":"https:\/\/autocaravanascamperdadi.com\/en\/wp-json\/wp\/v2\/types\/product"}],"replies":[{"embeddable":true,"href":"https:\/\/autocaravanascamperdadi.com\/en\/wp-json\/wp\/v2\/comments?post=3314"}],"wp:featuredmedia":[{"embeddable":true,"href":"https:\/\/autocaravanascamperdadi.com\/en\/wp-json\/wp\/v2\/media\/6074"}],"wp:attachment":[{"href":"https:\/\/autocaravanascamperdadi.com\/en\/wp-json\/wp\/v2\/media?parent=3314"}],"wp:term":[{"taxonomy":"product_brand","embeddable":true,"href":"https:\/\/autocaravanascamperdadi.com\/en\/wp-json\/wp\/v2\/product_brand?post=3314"},{"taxonomy":"product_cat","embeddable":true,"href":"https:\/\/autocaravanascamperdadi.com\/en\/wp-json\/wp\/v2\/product_cat?post=3314"},{"taxonomy":"product_tag","embeddable":true,"href":"https:\/\/autocaravanascamperdadi.com\/en\/wp-json\/wp\/v2\/product_tag?post=3314"}],"curies":[{"name":"wp","href":"https:\/\/api.w.org\/{rel}","templated":true}]}}