{"id":4988,"date":"2020-10-07T13:12:10","date_gmt":"2020-10-07T13:12:11","guid":{"rendered":"http:\/\/autocaravanascamperdadi.com\/?post_type=product&#038;p=4988"},"modified":"2022-11-14T14:30:04","modified_gmt":"2022-11-14T14:30:04","slug":"motorhome-mc-louis-menfys-s-line","status":"publish","type":"product","link":"https:\/\/autocaravanascamperdadi.com\/en\/tienda\/motorhome-mc-louis-menfys-s-line\/","title":{"rendered":"Motorhome  MC LOUIS MENFYS S-LINE"},"content":{"rendered":"[wpsbc id=&#8221;1&#8243; title=&#8221;yes&#8221; legend=&#8221;yes&#8221; dropdown=&#8221;yes&#8221; start=&#8221;1&#8243; display=&#8221;1&#8243; language=&#8221;auto&#8221; month=&#8221;0&#8243; year=&#8221;0&#8243; jump=&#8221;no&#8221; history=&#8221;1&#8243; tooltip=&#8221;1&#8243; theme=&#8221;modern&#8221; weeknumbers=&#8221;no&#8221; highlighttoday=&#8221;no&#8221; themehbc=&#8221;#333&#8243;]\n<p>&nbsp;<\/p>\n<p><b><span id=\"result_box\" class=\"\" lang=\"en\" tabindex=\"-1\"><span title=\"CONDICIONES GENERALES DEL ALQUILER \">GENERAL CONDITIONS OF RENT<\/span><\/span><\/b><\/p>\n<p><span id=\"result_box\" class=\"\" lang=\"en\" tabindex=\"-1\"><span title=\"- Es obligatorio haber abonado la totalidad de la factura y depositar la fianza antes de recoger la autocaravana. \">&#8211; It is mandatory to have paid the entire bill and deposit the deposit before collecting the motorhome.<\/span><\/span><\/p>\n<p><span id=\"result_box\" class=\"\" lang=\"en\" tabindex=\"-1\"><span title=\"- La autocaravana se devolver\u00e1 limpia, con el dep\u00f3sito de agua residual y w.c.\">&#8211; The motorhome will be returned clean, with the waste water tank and w.c. <\/span><span title=\"vac\u00edos;\">empty <\/span><span title=\"en caso contrario, el cliente deber\u00e1 abonar 150 \u20ac en concepto de limpieza. \">otherwise, the customer must pay \u20ac 150 for cleaning.<\/span><\/span><\/p>\n<p><span title=\"- El usuario responde de cualquier sanci\u00f3n o multa. \">&#8211; The user responds to any penalty or fine.<\/span><\/p>\n<p><span title=\"- Las presentes condiciones son s\u00f3lo un extracto, siendo a todos los efectos \u00fanicamente v\u00e1lidas las que se firmen. \">&#8211; The present conditions are only an extract, being to all the effects only valid those that are signed.<\/span><\/p>\n<p><span title=\"LOS PRECIOS SE\u00d1ALADOS SON POR D\u00cdA INCLUYEN \"><strong>THE PRICES INDICATED ARE PER DAY INCLUDE<\/strong><\/span><\/p>\n<p><span title=\"- Aire Acondicionado en cabina. \">&#8211; Air conditioning in the cabin.<\/span><\/p>\n<p><span title=\"- 500 Kil\u00f3metros diarios. \">&#8211; 500 Kilometers per day.<\/span><\/p>\n<p><span title=\"- Seguro a todo riesgo con franquicia de 600 \u20ac. \">&#8211; Comprehensive insurance with a \u20ac 600 deductible.<\/span><\/p>\n<p><span title=\"- Gastos de Salida: gas, l\u00edquido qu\u00edmico y papel higi\u00e9nico. \">&#8211; Expenses of exit: gas, chemical liquid and toilet paper.<\/span><\/p>\n<p><span title=\"- Asistencia en carretera 24 horas \">&#8211; 24 hour roadside assistance<\/span><\/p>\n<p><span title=\"dentro y fuera de Espa\u00f1a \">inside and outside of Spain<\/span><\/p>\n<p><span title=\"- Aparcamiento gratuito para su coche \">&#8211; Free parking for your car<\/span><\/p>\n<p><span title=\"- I.V.A.\">&#8211; I.V.A. <\/span><span title=\"Inclu\u00eddo \">Included<\/span><\/p>\n<p><span title=\"LOS PRECIOS NO INCLUYEN \"><strong>THE PRICES DO NOT INCLUDE<\/strong><\/span><\/p>\n<p><span title=\"- Kil\u00f3metros excedentes a 0,30 \u20ac\/unid. \">&#8211; Surplus kilometers at \u20ac 0.30 \/ unit.<\/span><\/p>\n<p><span title=\"- Fianza 600 \u20ac \">&#8211; \u20ac 600 deposit<\/span><\/p>\n<p><span title=\"- Franquicia 600 \u20ac \">&#8211; Franchise \u20ac 600<\/span><\/p>\n<p><span title=\"- Carburante \">&#8211; Fuel<\/span><\/p>\n<p><span title=\"CONDICIONES DEL CONDUCTOR \"><strong>CONDITIONS OF THE DRIVER<\/strong><\/span><\/p>\n<p><span title=\"- Edad no inferior a 25 a\u00f1os \">&#8211; Age not less than 25 years<\/span><\/p>\n<p><span title=\"- Carnet de conducir B1 vigente con 2 a\u00f1os de antiguedad. \">&#8211; B1 driving license valid 2 years old.<\/span><\/p>\n<p><span title=\"EQUIPAMIENTO DE LOS VEH\u00cdCULOS \"><strong>EQUIPMENT OF VEHICLES<\/strong><\/span><\/p>\n<p><span title=\"- Dep\u00f3sito de agua potable residual. \">&#8211; Residual drinking water tank.<\/span><\/p>\n<p><span title=\"- Bomba el\u00e9ctrica. \">&#8211; Electric bomb.<\/span><\/p>\n<p><span title=\"- W.C.\">&#8211; W.C. <\/span><span title=\"Lavado, ducha y agua caliente. \">Washing, shower and hot water.<\/span><\/p>\n<p><span title=\"- Calefacci\u00f3n. \">&#8211; Heating<\/span><\/p>\n<p><span title=\"- Cocina con fregadero \">&#8211; Kitchen with sink<\/span><\/p>\n<p><span title=\"- frigor\u00edfico (12V 220V). \">&#8211; Refrigerator (12V 220V).<\/span><\/p>\n<p><span title=\"- Conexi\u00f3n 220V. \">&#8211; 220V connection.<\/span><\/p>\n<p><span title=\"EQUIPAMIENTO EXTRA COUNTRY LF\">EXTRA COUNTRY LF EQUIPMENT<\/span><\/p>\n<p>&nbsp;<\/p>\n","protected":false},"excerpt":{"rendered":"<p>BRAND: FIAT<br \/>\nMODEL: MC LOUIS MENFYS<br \/>\nENGINE: FIAT<br \/>\nWHEELBASE: 4332<br \/>\nDISPLACEMENT: 2300<br \/>\nPOWER: 130 hp<br \/>\nTRANSMISSION: SIX SPEEDS<br \/>\nFRONT-WHEEL DRIVE<br \/>\nWHITE COLOR<br \/>\nEXTERNAL LENGTH: 7303mm<br \/>\nEXTERNAL WIDTH: 2300mm<br \/>\nINTERNAL WIDTH: 2200mm<br \/>\nEXTERNAL HEIGHT: 3050mm<br \/>\nINTERNAL HEIGHT: 2075mm<br \/>\nFLOOR THICKNESS: 44<br \/>\nWALL THICKNESS: 30<br \/>\nCEILING THICKNESS: 30<br \/>\nTOTAL MAXIMUM WEIGHT: 3500<br \/>\nBED PLACES: 6<br \/>\nSINGLE BED CENTRAL DINING ROOM: 600 x 2200<br \/>\nFRONT BED: 1450 x 2200<br \/>\nREAR DOUBLE BED: 1400 x 2200<br \/>\nDRINKING WATER (INTERNAL): 40 + 60l<br \/>\nRECOVERY AND GRAY WATER: 130l<br \/>\nWC TANK RECOVERY: 15l<br \/>\nHEATING: C0MBI C6<br \/>\nWATER HEATER: COMBI C6 GAS 8l<br \/>\nGAS BOTTLES CHEST: 2 x 11:13 Kg<br \/>\nREFRIGERATOR: 100L<br \/>\nKITCHEN STOVE: 2<br \/>\nGARAGE CHEST: 1300 x 850<br \/>\nYEAR:<br \/>\nMILEAGE: 70,000km<\/p>\n","protected":false},"featured_media":5099,"comment_status":"closed","ping_status":"closed","template":"","meta":[],"product_brand":[],"product_cat":[85],"product_tag":[],"class_list":{"0":"post-4988","1":"product","2":"type-product","3":"status-publish","4":"has-post-thumbnail","6":"product_cat-second-hand","8":"first","9":"instock","10":"featured","11":"virtual","12":"product-type-simple"},"yoast_head":"<!-- This site is optimized with the Yoast SEO plugin v27.3 - https:\/\/yoast.com\/product\/yoast-seo-wordpress\/ -->\n<title>Motorhome MC LOUIS MENFYS S-LINE - Camperdadi<\/title>\n<meta name=\"robots\" content=\"index, follow, max-snippet:-1, max-image-preview:large, max-video-preview:-1\" \/>\n<link rel=\"canonical\" href=\"https:\/\/autocaravanascamperdadi.com\/tienda\/autocaravana-mc-louis-menfys-s-line-2\/\" \/>\n<meta property=\"og:locale\" content=\"en_US\" \/>\n<meta property=\"og:type\" content=\"article\" \/>\n<meta property=\"og:title\" content=\"Motorhome MC LOUIS MENFYS S-LINE - Camperdadi\" \/>\n<meta property=\"og:description\" content=\"BRAND: FIAT MODEL: MC LOUIS MENFYS ENGINE: FIAT WHEELBASE: 4332 DISPLACEMENT: 2300 POWER: 130 hp TRANSMISSION: SIX SPEEDS FRONT-WHEEL DRIVE WHITE COLOR EXTERNAL LENGTH: 7303mm EXTERNAL WIDTH: 2300mm INTERNAL WIDTH: 2200mm EXTERNAL HEIGHT: 3050mm INTERNAL HEIGHT: 2075mm FLOOR THICKNESS: 44 WALL THICKNESS: 30 CEILING THICKNESS: 30 TOTAL MAXIMUM WEIGHT: 3500 BED PLACES: 6 SINGLE BED CENTRAL DINING ROOM: 600 x 2200 FRONT BED: 1450 x 2200 REAR DOUBLE BED: 1400 x 2200 DRINKING WATER (INTERNAL): 40 + 60l RECOVERY AND GRAY WATER: 130l WC TANK RECOVERY: 15l HEATING: C0MBI C6 WATER HEATER: COMBI C6 GAS 8l GAS BOTTLES CHEST: 2 x 11:13 Kg REFRIGERATOR: 100L KITCHEN STOVE: 2 GARAGE CHEST: 1300 x 850 YEAR: MILEAGE: 70,000km\" \/>\n<meta property=\"og:url\" content=\"https:\/\/autocaravanascamperdadi.com\/tienda\/autocaravana-mc-louis-menfys-s-line-2\/\" \/>\n<meta property=\"og:site_name\" content=\"Camperdadi\" \/>\n<meta property=\"article:publisher\" content=\"https:\/\/es-es.facebook.com\/camperdadi\/\" \/>\n<meta property=\"article:modified_time\" content=\"2022-11-14T14:30:04+00:00\" \/>\n<meta property=\"og:image\" content=\"https:\/\/autocaravanascamperdadi.com\/wp-content\/uploads\/2020\/10\/Autocaravana-MC-LOUIS-MENFYS-S-LINE-vendida.jpg\" \/>\n\t<meta property=\"og:image:width\" content=\"600\" \/>\n\t<meta property=\"og:image:height\" content=\"600\" \/>\n\t<meta property=\"og:image:type\" content=\"image\/jpeg\" \/>\n<meta name=\"twitter:card\" content=\"summary_large_image\" \/>\n<meta name=\"twitter:site\" content=\"@camperdadi\" \/>\n<meta name=\"twitter:label1\" content=\"Est. reading time\" \/>\n\t<meta name=\"twitter:data1\" content=\"1 minute\" \/>\n<script type=\"application\/ld+json\" class=\"yoast-schema-graph\">{\"@context\":\"https:\\\/\\\/schema.org\",\"@graph\":[{\"@type\":\"WebPage\",\"@id\":\"https:\\\/\\\/autocaravanascamperdadi.com\\\/tienda\\\/autocaravana-mc-louis-menfys-s-line-2\\\/\",\"url\":\"https:\\\/\\\/autocaravanascamperdadi.com\\\/tienda\\\/autocaravana-mc-louis-menfys-s-line-2\\\/\",\"name\":\"Motorhome MC LOUIS MENFYS S-LINE - Camperdadi\",\"isPartOf\":{\"@id\":\"https:\\\/\\\/autocaravanascamperdadi.com\\\/en\\\/#website\"},\"primaryImageOfPage\":{\"@id\":\"https:\\\/\\\/autocaravanascamperdadi.com\\\/tienda\\\/autocaravana-mc-louis-menfys-s-line-2\\\/#primaryimage\"},\"image\":{\"@id\":\"https:\\\/\\\/autocaravanascamperdadi.com\\\/tienda\\\/autocaravana-mc-louis-menfys-s-line-2\\\/#primaryimage\"},\"thumbnailUrl\":\"https:\\\/\\\/autocaravanascamperdadi.com\\\/wp-content\\\/uploads\\\/2020\\\/10\\\/Autocaravana-MC-LOUIS-MENFYS-S-LINE-vendida.jpg\",\"datePublished\":\"2020-10-07T13:12:11+00:00\",\"dateModified\":\"2022-11-14T14:30:04+00:00\",\"breadcrumb\":{\"@id\":\"https:\\\/\\\/autocaravanascamperdadi.com\\\/tienda\\\/autocaravana-mc-louis-menfys-s-line-2\\\/#breadcrumb\"},\"inLanguage\":\"en-US\",\"potentialAction\":[{\"@type\":\"ReadAction\",\"target\":[\"https:\\\/\\\/autocaravanascamperdadi.com\\\/tienda\\\/autocaravana-mc-louis-menfys-s-line-2\\\/\"]}]},{\"@type\":\"ImageObject\",\"inLanguage\":\"en-US\",\"@id\":\"https:\\\/\\\/autocaravanascamperdadi.com\\\/tienda\\\/autocaravana-mc-louis-menfys-s-line-2\\\/#primaryimage\",\"url\":\"https:\\\/\\\/autocaravanascamperdadi.com\\\/wp-content\\\/uploads\\\/2020\\\/10\\\/Autocaravana-MC-LOUIS-MENFYS-S-LINE-vendida.jpg\",\"contentUrl\":\"https:\\\/\\\/autocaravanascamperdadi.com\\\/wp-content\\\/uploads\\\/2020\\\/10\\\/Autocaravana-MC-LOUIS-MENFYS-S-LINE-vendida.jpg\",\"width\":600,\"height\":600},{\"@type\":\"BreadcrumbList\",\"@id\":\"https:\\\/\\\/autocaravanascamperdadi.com\\\/tienda\\\/autocaravana-mc-louis-menfys-s-line-2\\\/#breadcrumb\",\"itemListElement\":[{\"@type\":\"ListItem\",\"position\":1,\"name\":\"Portada\",\"item\":\"https:\\\/\\\/autocaravanascamperdadi.com\\\/en\\\/\"},{\"@type\":\"ListItem\",\"position\":2,\"name\":\"Tienda\",\"item\":\"https:\\\/\\\/autocaravanascamperdadi.com\\\/tienda\\\/\"},{\"@type\":\"ListItem\",\"position\":3,\"name\":\"Motorhome MC LOUIS MENFYS S-LINE\"}]},{\"@type\":\"WebSite\",\"@id\":\"https:\\\/\\\/autocaravanascamperdadi.com\\\/en\\\/#website\",\"url\":\"https:\\\/\\\/autocaravanascamperdadi.com\\\/en\\\/\",\"name\":\"Autocaravanas Camperdadi\",\"description\":\"Alquiler de autocaravanas y caravanas\",\"potentialAction\":[{\"@type\":\"SearchAction\",\"target\":{\"@type\":\"EntryPoint\",\"urlTemplate\":\"https:\\\/\\\/autocaravanascamperdadi.com\\\/en\\\/?s={search_term_string}\"},\"query-input\":{\"@type\":\"PropertyValueSpecification\",\"valueRequired\":true,\"valueName\":\"search_term_string\"}}],\"inLanguage\":\"en-US\"}]}<\/script>\n<!-- \/ Yoast SEO plugin. -->","yoast_head_json":{"title":"Motorhome MC LOUIS MENFYS S-LINE - Camperdadi","robots":{"index":"index","follow":"follow","max-snippet":"max-snippet:-1","max-image-preview":"max-image-preview:large","max-video-preview":"max-video-preview:-1"},"canonical":"https:\/\/autocaravanascamperdadi.com\/tienda\/autocaravana-mc-louis-menfys-s-line-2\/","og_locale":"en_US","og_type":"article","og_title":"Motorhome MC LOUIS MENFYS S-LINE - Camperdadi","og_description":"BRAND: FIAT MODEL: MC LOUIS MENFYS ENGINE: FIAT WHEELBASE: 4332 DISPLACEMENT: 2300 POWER: 130 hp TRANSMISSION: SIX SPEEDS FRONT-WHEEL DRIVE WHITE COLOR EXTERNAL LENGTH: 7303mm EXTERNAL WIDTH: 2300mm INTERNAL WIDTH: 2200mm EXTERNAL HEIGHT: 3050mm INTERNAL HEIGHT: 2075mm FLOOR THICKNESS: 44 WALL THICKNESS: 30 CEILING THICKNESS: 30 TOTAL MAXIMUM WEIGHT: 3500 BED PLACES: 6 SINGLE BED CENTRAL DINING ROOM: 600 x 2200 FRONT BED: 1450 x 2200 REAR DOUBLE BED: 1400 x 2200 DRINKING WATER (INTERNAL): 40 + 60l RECOVERY AND GRAY WATER: 130l WC TANK RECOVERY: 15l HEATING: C0MBI C6 WATER HEATER: COMBI C6 GAS 8l GAS BOTTLES CHEST: 2 x 11:13 Kg REFRIGERATOR: 100L KITCHEN STOVE: 2 GARAGE CHEST: 1300 x 850 YEAR: MILEAGE: 70,000km","og_url":"https:\/\/autocaravanascamperdadi.com\/tienda\/autocaravana-mc-louis-menfys-s-line-2\/","og_site_name":"Camperdadi","article_publisher":"https:\/\/es-es.facebook.com\/camperdadi\/","article_modified_time":"2022-11-14T14:30:04+00:00","og_image":[{"width":600,"height":600,"url":"https:\/\/autocaravanascamperdadi.com\/wp-content\/uploads\/2020\/10\/Autocaravana-MC-LOUIS-MENFYS-S-LINE-vendida.jpg","type":"image\/jpeg"}],"twitter_card":"summary_large_image","twitter_site":"@camperdadi","twitter_misc":{"Est. reading time":"1 minute"},"schema":{"@context":"https:\/\/schema.org","@graph":[{"@type":"WebPage","@id":"https:\/\/autocaravanascamperdadi.com\/tienda\/autocaravana-mc-louis-menfys-s-line-2\/","url":"https:\/\/autocaravanascamperdadi.com\/tienda\/autocaravana-mc-louis-menfys-s-line-2\/","name":"Motorhome MC LOUIS MENFYS S-LINE - Camperdadi","isPartOf":{"@id":"https:\/\/autocaravanascamperdadi.com\/en\/#website"},"primaryImageOfPage":{"@id":"https:\/\/autocaravanascamperdadi.com\/tienda\/autocaravana-mc-louis-menfys-s-line-2\/#primaryimage"},"image":{"@id":"https:\/\/autocaravanascamperdadi.com\/tienda\/autocaravana-mc-louis-menfys-s-line-2\/#primaryimage"},"thumbnailUrl":"https:\/\/autocaravanascamperdadi.com\/wp-content\/uploads\/2020\/10\/Autocaravana-MC-LOUIS-MENFYS-S-LINE-vendida.jpg","datePublished":"2020-10-07T13:12:11+00:00","dateModified":"2022-11-14T14:30:04+00:00","breadcrumb":{"@id":"https:\/\/autocaravanascamperdadi.com\/tienda\/autocaravana-mc-louis-menfys-s-line-2\/#breadcrumb"},"inLanguage":"en-US","potentialAction":[{"@type":"ReadAction","target":["https:\/\/autocaravanascamperdadi.com\/tienda\/autocaravana-mc-louis-menfys-s-line-2\/"]}]},{"@type":"ImageObject","inLanguage":"en-US","@id":"https:\/\/autocaravanascamperdadi.com\/tienda\/autocaravana-mc-louis-menfys-s-line-2\/#primaryimage","url":"https:\/\/autocaravanascamperdadi.com\/wp-content\/uploads\/2020\/10\/Autocaravana-MC-LOUIS-MENFYS-S-LINE-vendida.jpg","contentUrl":"https:\/\/autocaravanascamperdadi.com\/wp-content\/uploads\/2020\/10\/Autocaravana-MC-LOUIS-MENFYS-S-LINE-vendida.jpg","width":600,"height":600},{"@type":"BreadcrumbList","@id":"https:\/\/autocaravanascamperdadi.com\/tienda\/autocaravana-mc-louis-menfys-s-line-2\/#breadcrumb","itemListElement":[{"@type":"ListItem","position":1,"name":"Portada","item":"https:\/\/autocaravanascamperdadi.com\/en\/"},{"@type":"ListItem","position":2,"name":"Tienda","item":"https:\/\/autocaravanascamperdadi.com\/tienda\/"},{"@type":"ListItem","position":3,"name":"Motorhome MC LOUIS MENFYS S-LINE"}]},{"@type":"WebSite","@id":"https:\/\/autocaravanascamperdadi.com\/en\/#website","url":"https:\/\/autocaravanascamperdadi.com\/en\/","name":"Autocaravanas Camperdadi","description":"Alquiler de autocaravanas y caravanas","potentialAction":[{"@type":"SearchAction","target":{"@type":"EntryPoint","urlTemplate":"https:\/\/autocaravanascamperdadi.com\/en\/?s={search_term_string}"},"query-input":{"@type":"PropertyValueSpecification","valueRequired":true,"valueName":"search_term_string"}}],"inLanguage":"en-US"}]}},"_links":{"self":[{"href":"https:\/\/autocaravanascamperdadi.com\/en\/wp-json\/wp\/v2\/product\/4988","targetHints":{"allow":["GET"]}}],"collection":[{"href":"https:\/\/autocaravanascamperdadi.com\/en\/wp-json\/wp\/v2\/product"}],"about":[{"href":"https:\/\/autocaravanascamperdadi.com\/en\/wp-json\/wp\/v2\/types\/product"}],"replies":[{"embeddable":true,"href":"https:\/\/autocaravanascamperdadi.com\/en\/wp-json\/wp\/v2\/comments?post=4988"}],"wp:featuredmedia":[{"embeddable":true,"href":"https:\/\/autocaravanascamperdadi.com\/en\/wp-json\/wp\/v2\/media\/5099"}],"wp:attachment":[{"href":"https:\/\/autocaravanascamperdadi.com\/en\/wp-json\/wp\/v2\/media?parent=4988"}],"wp:term":[{"taxonomy":"product_brand","embeddable":true,"href":"https:\/\/autocaravanascamperdadi.com\/en\/wp-json\/wp\/v2\/product_brand?post=4988"},{"taxonomy":"product_cat","embeddable":true,"href":"https:\/\/autocaravanascamperdadi.com\/en\/wp-json\/wp\/v2\/product_cat?post=4988"},{"taxonomy":"product_tag","embeddable":true,"href":"https:\/\/autocaravanascamperdadi.com\/en\/wp-json\/wp\/v2\/product_tag?post=4988"}],"curies":[{"name":"wp","href":"https:\/\/api.w.org\/{rel}","templated":true}]}}