{"id":3408,"date":"2019-01-04T10:53:38","date_gmt":"2019-01-04T10:53:38","guid":{"rendered":"http:\/\/autocaravanascamperdadi.com\/?page_id=3408"},"modified":"2023-03-02T16:11:30","modified_gmt":"2023-03-02T16:11:30","slug":"societa","status":"publish","type":"page","link":"https:\/\/autocaravanascamperdadi.com\/it\/societa\/","title":{"rendered":"Societ\u00e0"},"content":{"rendered":"\n  <div class=\"banner has-hover has-parallax\" id=\"banner-683781758\">\n          <div class=\"banner-inner fill\">\n        <div class=\"banner-bg fill\" data-parallax=\"-3\" data-parallax-container=\".banner\" data-parallax-background>\n            <img loading=\"lazy\" decoding=\"async\" width=\"900\" height=\"600\" src=\"https:\/\/autocaravanascamperdadi.com\/wp-content\/uploads\/2017\/08\/viajar.jpg\" class=\"bg attachment-large size-large\" alt=\"\" \/>                        <div class=\"overlay\"><\/div>            \n                    <\/div>\n\t\t\n        <div class=\"banner-layers container\">\n            <div class=\"fill banner-link\"><\/div>            \n   <div id=\"text-box-1504722251\" class=\"text-box banner-layer x50 md-x50 lg-x50 y80 md-y80 lg-y80 res-text\">\n                                <div class=\"text-box-content text dark\">\n              \n              <div class=\"text-inner text-center\">\n                  \n<h1 class=\"lead\">Societ\u00e0<\/h1>\n              <\/div>\n           <\/div>\n                            \n<style>\n#text-box-1504722251 {\n  width: 60%;\n}\n#text-box-1504722251 .text-box-content {\n  font-size: 100%;\n}\n<\/style>\n    <\/div>\n \n        <\/div>\n      <\/div>\n\n            \n<style>\n#banner-683781758 {\n  padding-top: 320px;\n}\n#banner-683781758 .overlay {\n  background-color: rgba(0, 0, 0, 0.49);\n}\n#banner-683781758 .banner-bg img {\n  object-position: 0%100%;\n}\n<\/style>\n  <\/div>\n\n\n<div class=\"row\"  id=\"row-1921229059\">\n\n\t<div id=\"col-1120302765\" class=\"col small-12 large-12\"  >\n\t\t\t\t<div class=\"col-inner\"  >\n\t\t\t\n\t\t\t\n<div class=\"row\"  id=\"row-1806516698\">\n\n\t<div id=\"col-1898735870\" class=\"col medium-8 small-12 large-8\"  >\n\t\t\t\t<div class=\"col-inner\"  >\n\t\t\t\n\t\t\t\n<p>Noi di Autocaravanas Camperdadi abbiamo una vasta esperienza nella vendita e il noleggio di roulotte, camper ed imbarcazioni a Madrid. Sin dall&#8217;inizio, abbiamo optato per offrire servizi di qualit\u00e0 incentrati sulla soddisfazione delle esigenze dei clienti.<\/p>\n<h2>Autocaravanas Camperdadi, vendita e il noleggio di roulotte<\/h2>\n<p>Ci distinguiamo dal resto delle aziende del settore per la nostra professionalit\u00e0, per l&#8217;ottimo trattamento che offriamo ai clienti che puntano su di noi e per l&#8217;alta qualit\u00e0 di tutti i veicoli che vendiamo e noleggiamo. La soddisfazione dei nostri clienti \u00e8 il nostro obiettivo principale e lavoriamo ogni giorno per ottenerla.<\/p>\n<p>Aiutiamo i nostri clienti a godersi la strada, a vivere esperienze davvero uniche che potranno sperimentare solamente viaggiando in un camper, a navigare nei mari con delle imbarcazioni che permetteranno loro di rilassarsi in tutta sicurezza.<\/p>\n<p>Tutti i nostri veicoli sono perfettamente equipaggiati e offrono le migliori garanzie e le migliori prestazioni. Autocaravanas Camperdadi, la tua societ\u00e0 di fiducia per il noleggio di roulotte, camper ed imbarcazioni a Madrid.<\/p>\n\t\t<\/div>\n\t\t\t\t\t<\/div>\n\n\t\n\n\t<div id=\"col-270476923\" class=\"col medium-4 small-12 large-4\"  >\n\t\t\t\t<div class=\"col-inner\"  >\n\t\t\t\n\t\t\t\n\t<div class=\"img has-hover x md-x lg-x y md-y lg-y\" id=\"image_1222373075\">\n\t\t\t\t\t\t\t\t<div class=\"img-inner dark\" >\n\t\t\t<img loading=\"lazy\" decoding=\"async\" width=\"400\" height=\"400\" src=\"https:\/\/autocaravanascamperdadi.com\/wp-content\/uploads\/2017\/08\/logo.png\" class=\"attachment-large size-large\" alt=\"Autocaravanas Camperdadi\" srcset=\"https:\/\/autocaravanascamperdadi.com\/wp-content\/uploads\/2017\/08\/logo.png 400w, https:\/\/autocaravanascamperdadi.com\/wp-content\/uploads\/2017\/08\/logo-300x300.png 300w, https:\/\/autocaravanascamperdadi.com\/wp-content\/uploads\/2017\/08\/logo-100x100.png 100w, https:\/\/autocaravanascamperdadi.com\/wp-content\/uploads\/2017\/08\/logo-280x280.png 280w, https:\/\/autocaravanascamperdadi.com\/wp-content\/uploads\/2017\/08\/logo-180x180.png 180w\" sizes=\"auto, (max-width: 400px) 100vw, 400px\" \/>\t\t\t\t\t\t\n\t\t\t\t\t<\/div>\n\t\t\t\t\t\t\t\t\n<style>\n#image_1222373075 {\n  width: 100%;\n}\n<\/style>\n\t<\/div>\n\t\n<a href=\"\/nuestras-rutas\/\" class=\"button primary is-large expand\" style=\"border-radius:99px;\">\n\t\t<span>I Nostri Percorsi<\/span>\n\t<\/a>\n\n\t\t<\/div>\n\t\t\t\t\t<\/div>\n\n\t\n<\/div>\n\t\t<\/div>\n\t\t\t\t\t<\/div>\n\n\t\n<\/div>\n","protected":false},"excerpt":{"rendered":"","protected":false},"author":4,"featured_media":0,"parent":0,"menu_order":0,"comment_status":"closed","ping_status":"closed","template":"page-transparent-header.php","meta":{"footnotes":""},"class_list":["post-3408","page","type-page","status-publish","hentry"],"yoast_head":"<!-- This site is optimized with the Yoast SEO plugin v27.4 - https:\/\/yoast.com\/product\/yoast-seo-wordpress\/ -->\n<title>Societ\u00e0 - Camperdadi<\/title>\n<meta name=\"robots\" content=\"index, follow, max-snippet:-1, max-image-preview:large, max-video-preview:-1\" \/>\n<link rel=\"canonical\" href=\"https:\/\/autocaravanascamperdadi.com\/it\/societa\/\" \/>\n<meta property=\"og:locale\" content=\"it_IT\" \/>\n<meta property=\"og:type\" content=\"article\" \/>\n<meta property=\"og:title\" content=\"Societ\u00e0 - Camperdadi\" \/>\n<meta property=\"og:url\" content=\"https:\/\/autocaravanascamperdadi.com\/it\/societa\/\" \/>\n<meta property=\"og:site_name\" content=\"Camperdadi\" \/>\n<meta property=\"article:publisher\" content=\"https:\/\/es-es.facebook.com\/camperdadi\/\" \/>\n<meta property=\"article:modified_time\" content=\"2023-03-02T16:11:30+00:00\" \/>\n<meta property=\"og:image\" content=\"https:\/\/autocaravanascamperdadi.com\/wp-content\/uploads\/2024\/09\/30725337_2008095519453542_2182825795712450560_o-600x600-1.jpg\" \/>\n\t<meta property=\"og:image:width\" content=\"600\" \/>\n\t<meta property=\"og:image:height\" content=\"600\" \/>\n\t<meta property=\"og:image:type\" content=\"image\/jpeg\" \/>\n<meta name=\"twitter:card\" content=\"summary_large_image\" \/>\n<meta name=\"twitter:site\" content=\"@camperdadi\" \/>\n<meta name=\"twitter:label1\" content=\"Tempo di lettura stimato\" \/>\n\t<meta name=\"twitter:data1\" content=\"1 minuto\" \/>\n<script type=\"application\/ld+json\" class=\"yoast-schema-graph\">{\"@context\":\"https:\\\/\\\/schema.org\",\"@graph\":[{\"@type\":\"WebPage\",\"@id\":\"https:\\\/\\\/autocaravanascamperdadi.com\\\/it\\\/societa\\\/\",\"url\":\"https:\\\/\\\/autocaravanascamperdadi.com\\\/it\\\/societa\\\/\",\"name\":\"Societ\u00e0 - Camperdadi\",\"isPartOf\":{\"@id\":\"https:\\\/\\\/autocaravanascamperdadi.com\\\/en\\\/#website\"},\"datePublished\":\"2019-01-04T10:53:38+00:00\",\"dateModified\":\"2023-03-02T16:11:30+00:00\",\"breadcrumb\":{\"@id\":\"https:\\\/\\\/autocaravanascamperdadi.com\\\/it\\\/societa\\\/#breadcrumb\"},\"inLanguage\":\"it-IT\",\"potentialAction\":[{\"@type\":\"ReadAction\",\"target\":[\"https:\\\/\\\/autocaravanascamperdadi.com\\\/it\\\/societa\\\/\"]}]},{\"@type\":\"BreadcrumbList\",\"@id\":\"https:\\\/\\\/autocaravanascamperdadi.com\\\/it\\\/societa\\\/#breadcrumb\",\"itemListElement\":[{\"@type\":\"ListItem\",\"position\":1,\"name\":\"Portada\",\"item\":\"https:\\\/\\\/autocaravanascamperdadi.com\\\/it\\\/\"},{\"@type\":\"ListItem\",\"position\":2,\"name\":\"Societ\u00e0\"}]},{\"@type\":\"WebSite\",\"@id\":\"https:\\\/\\\/autocaravanascamperdadi.com\\\/en\\\/#website\",\"url\":\"https:\\\/\\\/autocaravanascamperdadi.com\\\/en\\\/\",\"name\":\"Autocaravanas Camperdadi\",\"description\":\"Alquiler de autocaravanas y caravanas\",\"potentialAction\":[{\"@type\":\"SearchAction\",\"target\":{\"@type\":\"EntryPoint\",\"urlTemplate\":\"https:\\\/\\\/autocaravanascamperdadi.com\\\/en\\\/?s={search_term_string}\"},\"query-input\":{\"@type\":\"PropertyValueSpecification\",\"valueRequired\":true,\"valueName\":\"search_term_string\"}}],\"inLanguage\":\"it-IT\"}]}<\/script>\n<!-- \/ Yoast SEO plugin. -->","yoast_head_json":{"title":"Societ\u00e0 - Camperdadi","robots":{"index":"index","follow":"follow","max-snippet":"max-snippet:-1","max-image-preview":"max-image-preview:large","max-video-preview":"max-video-preview:-1"},"canonical":"https:\/\/autocaravanascamperdadi.com\/it\/societa\/","og_locale":"it_IT","og_type":"article","og_title":"Societ\u00e0 - Camperdadi","og_url":"https:\/\/autocaravanascamperdadi.com\/it\/societa\/","og_site_name":"Camperdadi","article_publisher":"https:\/\/es-es.facebook.com\/camperdadi\/","article_modified_time":"2023-03-02T16:11:30+00:00","og_image":[{"width":600,"height":600,"url":"https:\/\/autocaravanascamperdadi.com\/wp-content\/uploads\/2024\/09\/30725337_2008095519453542_2182825795712450560_o-600x600-1.jpg","type":"image\/jpeg"}],"twitter_card":"summary_large_image","twitter_site":"@camperdadi","twitter_misc":{"Tempo di lettura stimato":"1 minuto"},"schema":{"@context":"https:\/\/schema.org","@graph":[{"@type":"WebPage","@id":"https:\/\/autocaravanascamperdadi.com\/it\/societa\/","url":"https:\/\/autocaravanascamperdadi.com\/it\/societa\/","name":"Societ\u00e0 - Camperdadi","isPartOf":{"@id":"https:\/\/autocaravanascamperdadi.com\/en\/#website"},"datePublished":"2019-01-04T10:53:38+00:00","dateModified":"2023-03-02T16:11:30+00:00","breadcrumb":{"@id":"https:\/\/autocaravanascamperdadi.com\/it\/societa\/#breadcrumb"},"inLanguage":"it-IT","potentialAction":[{"@type":"ReadAction","target":["https:\/\/autocaravanascamperdadi.com\/it\/societa\/"]}]},{"@type":"BreadcrumbList","@id":"https:\/\/autocaravanascamperdadi.com\/it\/societa\/#breadcrumb","itemListElement":[{"@type":"ListItem","position":1,"name":"Portada","item":"https:\/\/autocaravanascamperdadi.com\/it\/"},{"@type":"ListItem","position":2,"name":"Societ\u00e0"}]},{"@type":"WebSite","@id":"https:\/\/autocaravanascamperdadi.com\/en\/#website","url":"https:\/\/autocaravanascamperdadi.com\/en\/","name":"Autocaravanas Camperdadi","description":"Alquiler de autocaravanas y caravanas","potentialAction":[{"@type":"SearchAction","target":{"@type":"EntryPoint","urlTemplate":"https:\/\/autocaravanascamperdadi.com\/en\/?s={search_term_string}"},"query-input":{"@type":"PropertyValueSpecification","valueRequired":true,"valueName":"search_term_string"}}],"inLanguage":"it-IT"}]}},"_links":{"self":[{"href":"https:\/\/autocaravanascamperdadi.com\/it\/wp-json\/wp\/v2\/pages\/3408","targetHints":{"allow":["GET"]}}],"collection":[{"href":"https:\/\/autocaravanascamperdadi.com\/it\/wp-json\/wp\/v2\/pages"}],"about":[{"href":"https:\/\/autocaravanascamperdadi.com\/it\/wp-json\/wp\/v2\/types\/page"}],"author":[{"embeddable":true,"href":"https:\/\/autocaravanascamperdadi.com\/it\/wp-json\/wp\/v2\/users\/4"}],"replies":[{"embeddable":true,"href":"https:\/\/autocaravanascamperdadi.com\/it\/wp-json\/wp\/v2\/comments?post=3408"}],"version-history":[{"count":0,"href":"https:\/\/autocaravanascamperdadi.com\/it\/wp-json\/wp\/v2\/pages\/3408\/revisions"}],"wp:attachment":[{"href":"https:\/\/autocaravanascamperdadi.com\/it\/wp-json\/wp\/v2\/media?parent=3408"}],"curies":[{"name":"wp","href":"https:\/\/api.w.org\/{rel}","templated":true}]}}