{"id":3455,"date":"2019-01-04T13:16:18","date_gmt":"2019-01-04T13:16:18","guid":{"rendered":"http:\/\/autocaravanascamperdadi.com\/?page_id=3455"},"modified":"2023-03-02T15:25:36","modified_gmt":"2023-03-02T15:25:36","slug":"portabici-e-portamoto","status":"publish","type":"page","link":"https:\/\/autocaravanascamperdadi.com\/it\/veicoli-ed-accessori\/portabici-e-portamoto\/","title":{"rendered":"Portabici e Portamoto"},"content":{"rendered":"\n  <div class=\"banner has-hover has-parallax\" id=\"banner-695765028\">\n          <div class=\"banner-inner fill\">\n        <div class=\"banner-bg fill\" data-parallax=\"-3\" data-parallax-container=\".banner\" data-parallax-background>\n            <img loading=\"lazy\" decoding=\"async\" width=\"1020\" height=\"645\" src=\"https:\/\/autocaravanascamperdadi.com\/wp-content\/uploads\/2017\/09\/bici2-1265x800.jpg\" class=\"bg attachment-large size-large\" alt=\"\" \/>                        <div class=\"overlay\"><\/div>            \n                    <\/div>\n\t\t\n        <div class=\"banner-layers container\">\n            <div class=\"fill banner-link\"><\/div>            \n   <div id=\"text-box-1730266176\" class=\"text-box banner-layer x50 md-x50 lg-x50 y80 md-y80 lg-y80 res-text\">\n                                <div class=\"text-box-content text dark\">\n              \n              <div class=\"text-inner text-center\">\n                  \n<h1 class=\"lead\">Portabici e Portamoto<\/h1>\n              <\/div>\n           <\/div>\n                            \n<style>\n#text-box-1730266176 {\n  width: 67%;\n}\n#text-box-1730266176 .text-box-content {\n  font-size: 100%;\n}\n<\/style>\n    <\/div>\n \n        <\/div>\n      <\/div>\n\n            \n<style>\n#banner-695765028 {\n  padding-top: 320px;\n}\n#banner-695765028 .overlay {\n  background-color: rgba(0, 0, 0, 0.49);\n}\n#banner-695765028 .banner-bg img {\n  object-position: 0%80%;\n}\n<\/style>\n  <\/div>\n\n\n<div class=\"row\"  id=\"row-1867994813\">\n\n\t<div id=\"col-1283102943\" class=\"col small-12 large-12\"  >\n\t\t\t\t<div class=\"col-inner\"  >\n\t\t\t\n\t\t\t\n<div class=\"row\"  id=\"row-1100656127\">\n\n\t<div id=\"col-1750576559\" class=\"col alquiler small-12 large-12\"  >\n\t\t\t\t<div class=\"col-inner\"  >\n\t\t\t\n\t\t\t\n<div class=\"row\"  id=\"row-1450912958\">\n\n\t<div id=\"col-170446022\" class=\"col medium-4 small-6 large-4\"  >\n\t\t\t\t<div class=\"col-inner\"  >\n\t\t\t\n\t\t\t\n\t<div class=\"box has-hover   has-hover box-text-bottom\" >\n\n\t\t<div class=\"box-image\" >\n\t\t\t\t\t\t<div class=\"image-cover\" style=\"padding-top:100%;\">\n\t\t\t\t<img loading=\"lazy\" decoding=\"async\" width=\"280\" height=\"280\" src=\"https:\/\/autocaravanascamperdadi.com\/wp-content\/uploads\/2017\/09\/portabici-fiamma-280x280.jpg\" class=\"attachment-thumbnail size-thumbnail\" alt=\"\" srcset=\"https:\/\/autocaravanascamperdadi.com\/wp-content\/uploads\/2017\/09\/portabici-fiamma-280x280.jpg 280w, https:\/\/autocaravanascamperdadi.com\/wp-content\/uploads\/2017\/09\/portabici-fiamma-300x300.jpg 300w, https:\/\/autocaravanascamperdadi.com\/wp-content\/uploads\/2017\/09\/portabici-fiamma-100x100.jpg 100w, https:\/\/autocaravanascamperdadi.com\/wp-content\/uploads\/2017\/09\/portabici-fiamma-180x180.jpg 180w\" sizes=\"auto, (max-width: 280px) 100vw, 280px\" \/>\t\t\t\t\t\t\t\t\t\t\t<\/div>\n\t\t\t\t\t<\/div>\n\n\t\t<div class=\"box-text text-center\" >\n\t\t\t<div class=\"box-text-inner\">\n\t\t\t\t\n<h4>Portabicis Fiamma<\/h4>\n\t\t\t<\/div>\n\t\t<\/div>\n\t<\/div>\n\t\n\t\t<\/div>\n\t\t\t\t\t<\/div>\n\n\t\n\n\t<div id=\"col-1466725318\" class=\"col medium-4 small-6 large-4\"  >\n\t\t\t\t<div class=\"col-inner\"  >\n\t\t\t\n\t\t\t\n\t<div class=\"box has-hover   has-hover box-text-bottom\" >\n\n\t\t<div class=\"box-image\" >\n\t\t\t\t\t\t<div class=\"image-cover\" style=\"padding-top:100%;\">\n\t\t\t\t<img loading=\"lazy\" decoding=\"async\" width=\"280\" height=\"280\" src=\"https:\/\/autocaravanascamperdadi.com\/wp-content\/uploads\/2017\/09\/thule-280x280.jpg\" class=\"attachment-thumbnail size-thumbnail\" alt=\"Camper\" srcset=\"https:\/\/autocaravanascamperdadi.com\/wp-content\/uploads\/2017\/09\/thule-280x280.jpg 280w, https:\/\/autocaravanascamperdadi.com\/wp-content\/uploads\/2017\/09\/thule-300x300.jpg 300w, https:\/\/autocaravanascamperdadi.com\/wp-content\/uploads\/2017\/09\/thule-100x100.jpg 100w, https:\/\/autocaravanascamperdadi.com\/wp-content\/uploads\/2017\/09\/thule-180x180.jpg 180w\" sizes=\"auto, (max-width: 280px) 100vw, 280px\" \/>\t\t\t\t\t\t\t\t\t\t\t<\/div>\n\t\t\t\t\t<\/div>\n\n\t\t<div class=\"box-text text-center\" >\n\t\t\t<div class=\"box-text-inner\">\n\t\t\t\t\n<h4>Portabicis Thule<\/h4>\n\t\t\t<\/div>\n\t\t<\/div>\n\t<\/div>\n\t\n\t\t<\/div>\n\t\t\t\t\t<\/div>\n\n\t\n\n\t<div id=\"col-1348649745\" class=\"col medium-4 small-6 large-4\"  >\n\t\t\t\t<div class=\"col-inner\"  >\n\t\t\t\n\t\t\t\n\t<div class=\"box has-hover   has-hover box-text-bottom\" >\n\n\t\t<div class=\"box-image\" >\n\t\t\t\t\t\t<div class=\"image-cover\" style=\"padding-top:100%;\">\n\t\t\t\t<img loading=\"lazy\" decoding=\"async\" width=\"280\" height=\"280\" src=\"https:\/\/autocaravanascamperdadi.com\/wp-content\/uploads\/2017\/09\/portamoto-280x280.jpg\" class=\"attachment-thumbnail size-thumbnail\" alt=\"\" srcset=\"https:\/\/autocaravanascamperdadi.com\/wp-content\/uploads\/2017\/09\/portamoto-280x280.jpg 280w, https:\/\/autocaravanascamperdadi.com\/wp-content\/uploads\/2017\/09\/portamoto-300x300.jpg 300w, https:\/\/autocaravanascamperdadi.com\/wp-content\/uploads\/2017\/09\/portamoto-100x100.jpg 100w, https:\/\/autocaravanascamperdadi.com\/wp-content\/uploads\/2017\/09\/portamoto-180x180.jpg 180w, https:\/\/autocaravanascamperdadi.com\/wp-content\/uploads\/2017\/09\/portamoto-600x600.jpg 600w\" sizes=\"auto, (max-width: 280px) 100vw, 280px\" \/>\t\t\t\t\t\t\t\t\t\t\t<\/div>\n\t\t\t\t\t<\/div>\n\n\t\t<div class=\"box-text text-center\" >\n\t\t\t<div class=\"box-text-inner\">\n\t\t\t\t\n<h4>Portamotos<\/h4>\n\t\t\t<\/div>\n\t\t<\/div>\n\t<\/div>\n\t\n\t\t<\/div>\n\t\t\t\t\t<\/div>\n\n\t\n<\/div>\n\t\t<\/div>\n\t\t\t\t\t<\/div>\n\n\t\n<\/div>\n<p>A Autocaravanas Camperdadi offriamo i migliori veicoli e accessori della pi\u00f9 alta qualit\u00e0 sul mercato in modo che tu e la tua famiglia potrete godervi i vostri viaggi con tutti i comfort. Grazie ai nostri portabici, oltre a sentire la strada a bordo del tuo camper, puoi portare il tuo compagno a due ruote dove vuoi senza perdere spazio utile all&#8217;interno, cos\u00ec importante nelle case mobili.<\/p>\n<h2>Portabicis per camper a Madrid<\/h2>\n<p>Montati generalmente nella parte posteriore dei veicoli, i portabici che mettiamo a vostra disposizione sono sistemi estremamente resistenti e sicuri che garantiscono la corretta fissazione delle biciclette che trasportate. Lavoriamo con materiali di altissima qualit\u00e0 e con i produttori pi\u00f9 rinomati del settore, grazie ai quali possiamo certificare che i nostri accessori sono in grado di resistere a situazioni estreme, fattore essenziale per godersi un viaggio in un camper.<\/p>\n<p>Una volta installato il portabiciclette nel veicolo, si avr\u00e0 un componente sicuro, pratico e duraturo. Viaggiare con te sulla tua bicicletta \u00e8 ora pi\u00f9 facile che mai grazie a Autocaravanas Camperdadi e alla nostra selezione di accessori per camper accuratamente selezionati. Accumulato una vasta esperienza nel mondo e camper veicoli automobilistici, nonch\u00e9 una grande passione per camper, permettendoci di vedere in prima persona le esigenze dei viaggiatori e l&#8217;importanza dei principali articoli del settore per godersi ognuno dei viaggi che avvengono.<\/p>\n<p>Non esitare a contattare Autocaravanas Camperdadi se sei interessato all&#8217;acquisto di un portabici per il tuo veicolo. Vi consiglieremo in modo personalizzato sul modello pi\u00f9 adatto alle vostre esigenze e necessit\u00e0. La vostra soddisfazione \u00e8 il nostro obiettivo, fidatevi degli specialisti del settore reale e godetevi la bicicletta ovunque andiate senza mettere da parte la sicurezza.<\/p>\n\t\t<\/div>\n\t\t\t\t\t<\/div>\n\n\t\n<\/div>\n","protected":false},"excerpt":{"rendered":"","protected":false},"author":4,"featured_media":3456,"parent":3429,"menu_order":5,"comment_status":"closed","ping_status":"closed","template":"page-transparent-header.php","meta":{"footnotes":""},"class_list":["post-3455","page","type-page","status-publish","has-post-thumbnail","hentry"],"yoast_head":"<!-- This site is optimized with the Yoast SEO plugin v27.3 - https:\/\/yoast.com\/product\/yoast-seo-wordpress\/ -->\n<title>Portabici e Portamoto - Camperdadi<\/title>\n<meta name=\"robots\" content=\"index, follow, max-snippet:-1, max-image-preview:large, max-video-preview:-1\" \/>\n<link rel=\"canonical\" href=\"https:\/\/autocaravanascamperdadi.com\/it\/veicoli-ed-accessori\/portabici-e-portamoto\/\" \/>\n<meta property=\"og:locale\" content=\"it_IT\" \/>\n<meta property=\"og:type\" content=\"article\" \/>\n<meta property=\"og:title\" content=\"Portabici e Portamoto - Camperdadi\" \/>\n<meta property=\"og:url\" content=\"https:\/\/autocaravanascamperdadi.com\/it\/veicoli-ed-accessori\/portabici-e-portamoto\/\" \/>\n<meta property=\"og:site_name\" content=\"Camperdadi\" \/>\n<meta property=\"article:publisher\" content=\"https:\/\/es-es.facebook.com\/camperdadi\/\" \/>\n<meta property=\"article:modified_time\" content=\"2023-03-02T15:25:36+00:00\" \/>\n<meta property=\"og:image\" content=\"https:\/\/autocaravanascamperdadi.com\/wp-content\/uploads\/2017\/09\/portabici-fiamma.jpg\" \/>\n\t<meta property=\"og:image:width\" content=\"515\" \/>\n\t<meta property=\"og:image:height\" content=\"600\" \/>\n\t<meta property=\"og:image:type\" content=\"image\/jpeg\" \/>\n<meta name=\"twitter:card\" content=\"summary_large_image\" \/>\n<meta name=\"twitter:site\" content=\"@camperdadi\" \/>\n<meta name=\"twitter:label1\" content=\"Tempo di lettura stimato\" \/>\n\t<meta name=\"twitter:data1\" content=\"2 minuti\" \/>\n<script type=\"application\/ld+json\" class=\"yoast-schema-graph\">{\"@context\":\"https:\\\/\\\/schema.org\",\"@graph\":[{\"@type\":\"WebPage\",\"@id\":\"https:\\\/\\\/autocaravanascamperdadi.com\\\/it\\\/veicoli-ed-accessori\\\/portabici-e-portamoto\\\/\",\"url\":\"https:\\\/\\\/autocaravanascamperdadi.com\\\/it\\\/veicoli-ed-accessori\\\/portabici-e-portamoto\\\/\",\"name\":\"Portabici e Portamoto - Camperdadi\",\"isPartOf\":{\"@id\":\"https:\\\/\\\/autocaravanascamperdadi.com\\\/en\\\/#website\"},\"primaryImageOfPage\":{\"@id\":\"https:\\\/\\\/autocaravanascamperdadi.com\\\/it\\\/veicoli-ed-accessori\\\/portabici-e-portamoto\\\/#primaryimage\"},\"image\":{\"@id\":\"https:\\\/\\\/autocaravanascamperdadi.com\\\/it\\\/veicoli-ed-accessori\\\/portabici-e-portamoto\\\/#primaryimage\"},\"thumbnailUrl\":\"https:\\\/\\\/autocaravanascamperdadi.com\\\/wp-content\\\/uploads\\\/2017\\\/09\\\/portabici-fiamma.jpg\",\"datePublished\":\"2019-01-04T13:16:18+00:00\",\"dateModified\":\"2023-03-02T15:25:36+00:00\",\"breadcrumb\":{\"@id\":\"https:\\\/\\\/autocaravanascamperdadi.com\\\/it\\\/veicoli-ed-accessori\\\/portabici-e-portamoto\\\/#breadcrumb\"},\"inLanguage\":\"it-IT\",\"potentialAction\":[{\"@type\":\"ReadAction\",\"target\":[\"https:\\\/\\\/autocaravanascamperdadi.com\\\/it\\\/veicoli-ed-accessori\\\/portabici-e-portamoto\\\/\"]}]},{\"@type\":\"ImageObject\",\"inLanguage\":\"it-IT\",\"@id\":\"https:\\\/\\\/autocaravanascamperdadi.com\\\/it\\\/veicoli-ed-accessori\\\/portabici-e-portamoto\\\/#primaryimage\",\"url\":\"https:\\\/\\\/autocaravanascamperdadi.com\\\/wp-content\\\/uploads\\\/2017\\\/09\\\/portabici-fiamma.jpg\",\"contentUrl\":\"https:\\\/\\\/autocaravanascamperdadi.com\\\/wp-content\\\/uploads\\\/2017\\\/09\\\/portabici-fiamma.jpg\",\"width\":515,\"height\":600},{\"@type\":\"BreadcrumbList\",\"@id\":\"https:\\\/\\\/autocaravanascamperdadi.com\\\/it\\\/veicoli-ed-accessori\\\/portabici-e-portamoto\\\/#breadcrumb\",\"itemListElement\":[{\"@type\":\"ListItem\",\"position\":1,\"name\":\"Portada\",\"item\":\"https:\\\/\\\/autocaravanascamperdadi.com\\\/it\\\/\"},{\"@type\":\"ListItem\",\"position\":2,\"name\":\"Veicoli ed accessori\",\"item\":\"https:\\\/\\\/autocaravanascamperdadi.com\\\/it\\\/veicoli-ed-accessori\\\/\"},{\"@type\":\"ListItem\",\"position\":3,\"name\":\"Portabici e Portamoto\"}]},{\"@type\":\"WebSite\",\"@id\":\"https:\\\/\\\/autocaravanascamperdadi.com\\\/en\\\/#website\",\"url\":\"https:\\\/\\\/autocaravanascamperdadi.com\\\/en\\\/\",\"name\":\"Autocaravanas Camperdadi\",\"description\":\"Alquiler de autocaravanas y caravanas\",\"potentialAction\":[{\"@type\":\"SearchAction\",\"target\":{\"@type\":\"EntryPoint\",\"urlTemplate\":\"https:\\\/\\\/autocaravanascamperdadi.com\\\/en\\\/?s={search_term_string}\"},\"query-input\":{\"@type\":\"PropertyValueSpecification\",\"valueRequired\":true,\"valueName\":\"search_term_string\"}}],\"inLanguage\":\"it-IT\"}]}<\/script>\n<!-- \/ Yoast SEO plugin. -->","yoast_head_json":{"title":"Portabici e Portamoto - Camperdadi","robots":{"index":"index","follow":"follow","max-snippet":"max-snippet:-1","max-image-preview":"max-image-preview:large","max-video-preview":"max-video-preview:-1"},"canonical":"https:\/\/autocaravanascamperdadi.com\/it\/veicoli-ed-accessori\/portabici-e-portamoto\/","og_locale":"it_IT","og_type":"article","og_title":"Portabici e Portamoto - Camperdadi","og_url":"https:\/\/autocaravanascamperdadi.com\/it\/veicoli-ed-accessori\/portabici-e-portamoto\/","og_site_name":"Camperdadi","article_publisher":"https:\/\/es-es.facebook.com\/camperdadi\/","article_modified_time":"2023-03-02T15:25:36+00:00","og_image":[{"width":515,"height":600,"url":"https:\/\/autocaravanascamperdadi.com\/wp-content\/uploads\/2017\/09\/portabici-fiamma.jpg","type":"image\/jpeg"}],"twitter_card":"summary_large_image","twitter_site":"@camperdadi","twitter_misc":{"Tempo di lettura stimato":"2 minuti"},"schema":{"@context":"https:\/\/schema.org","@graph":[{"@type":"WebPage","@id":"https:\/\/autocaravanascamperdadi.com\/it\/veicoli-ed-accessori\/portabici-e-portamoto\/","url":"https:\/\/autocaravanascamperdadi.com\/it\/veicoli-ed-accessori\/portabici-e-portamoto\/","name":"Portabici e Portamoto - Camperdadi","isPartOf":{"@id":"https:\/\/autocaravanascamperdadi.com\/en\/#website"},"primaryImageOfPage":{"@id":"https:\/\/autocaravanascamperdadi.com\/it\/veicoli-ed-accessori\/portabici-e-portamoto\/#primaryimage"},"image":{"@id":"https:\/\/autocaravanascamperdadi.com\/it\/veicoli-ed-accessori\/portabici-e-portamoto\/#primaryimage"},"thumbnailUrl":"https:\/\/autocaravanascamperdadi.com\/wp-content\/uploads\/2017\/09\/portabici-fiamma.jpg","datePublished":"2019-01-04T13:16:18+00:00","dateModified":"2023-03-02T15:25:36+00:00","breadcrumb":{"@id":"https:\/\/autocaravanascamperdadi.com\/it\/veicoli-ed-accessori\/portabici-e-portamoto\/#breadcrumb"},"inLanguage":"it-IT","potentialAction":[{"@type":"ReadAction","target":["https:\/\/autocaravanascamperdadi.com\/it\/veicoli-ed-accessori\/portabici-e-portamoto\/"]}]},{"@type":"ImageObject","inLanguage":"it-IT","@id":"https:\/\/autocaravanascamperdadi.com\/it\/veicoli-ed-accessori\/portabici-e-portamoto\/#primaryimage","url":"https:\/\/autocaravanascamperdadi.com\/wp-content\/uploads\/2017\/09\/portabici-fiamma.jpg","contentUrl":"https:\/\/autocaravanascamperdadi.com\/wp-content\/uploads\/2017\/09\/portabici-fiamma.jpg","width":515,"height":600},{"@type":"BreadcrumbList","@id":"https:\/\/autocaravanascamperdadi.com\/it\/veicoli-ed-accessori\/portabici-e-portamoto\/#breadcrumb","itemListElement":[{"@type":"ListItem","position":1,"name":"Portada","item":"https:\/\/autocaravanascamperdadi.com\/it\/"},{"@type":"ListItem","position":2,"name":"Veicoli ed accessori","item":"https:\/\/autocaravanascamperdadi.com\/it\/veicoli-ed-accessori\/"},{"@type":"ListItem","position":3,"name":"Portabici e Portamoto"}]},{"@type":"WebSite","@id":"https:\/\/autocaravanascamperdadi.com\/en\/#website","url":"https:\/\/autocaravanascamperdadi.com\/en\/","name":"Autocaravanas Camperdadi","description":"Alquiler de autocaravanas y caravanas","potentialAction":[{"@type":"SearchAction","target":{"@type":"EntryPoint","urlTemplate":"https:\/\/autocaravanascamperdadi.com\/en\/?s={search_term_string}"},"query-input":{"@type":"PropertyValueSpecification","valueRequired":true,"valueName":"search_term_string"}}],"inLanguage":"it-IT"}]}},"_links":{"self":[{"href":"https:\/\/autocaravanascamperdadi.com\/it\/wp-json\/wp\/v2\/pages\/3455","targetHints":{"allow":["GET"]}}],"collection":[{"href":"https:\/\/autocaravanascamperdadi.com\/it\/wp-json\/wp\/v2\/pages"}],"about":[{"href":"https:\/\/autocaravanascamperdadi.com\/it\/wp-json\/wp\/v2\/types\/page"}],"author":[{"embeddable":true,"href":"https:\/\/autocaravanascamperdadi.com\/it\/wp-json\/wp\/v2\/users\/4"}],"replies":[{"embeddable":true,"href":"https:\/\/autocaravanascamperdadi.com\/it\/wp-json\/wp\/v2\/comments?post=3455"}],"version-history":[{"count":0,"href":"https:\/\/autocaravanascamperdadi.com\/it\/wp-json\/wp\/v2\/pages\/3455\/revisions"}],"up":[{"embeddable":true,"href":"https:\/\/autocaravanascamperdadi.com\/it\/wp-json\/wp\/v2\/pages\/3429"}],"wp:featuredmedia":[{"embeddable":true,"href":"https:\/\/autocaravanascamperdadi.com\/it\/wp-json\/wp\/v2\/media\/3456"}],"wp:attachment":[{"href":"https:\/\/autocaravanascamperdadi.com\/it\/wp-json\/wp\/v2\/media?parent=3455"}],"curies":[{"name":"wp","href":"https:\/\/api.w.org\/{rel}","templated":true}]}}