{"id":3460,"date":"2019-01-04T13:22:41","date_gmt":"2019-01-04T13:22:41","guid":{"rendered":"http:\/\/autocaravanascamperdadi.com\/?page_id=3460"},"modified":"2023-03-02T15:34:05","modified_gmt":"2023-03-02T15:34:05","slug":"altri-accessori","status":"publish","type":"page","link":"https:\/\/autocaravanascamperdadi.com\/it\/veicoli-ed-accessori\/altri-accessori\/","title":{"rendered":"Altri accessori"},"content":{"rendered":"\n  <div class=\"banner has-hover has-parallax\" id=\"banner-1296298744\">\n          <div class=\"banner-inner fill\">\n        <div class=\"banner-bg fill\" data-parallax=\"-3\" data-parallax-container=\".banner\" data-parallax-background>\n            <img loading=\"lazy\" decoding=\"async\" width=\"900\" height=\"600\" src=\"https:\/\/autocaravanascamperdadi.com\/wp-content\/uploads\/2017\/08\/viajar.jpg\" class=\"bg attachment-large size-large\" alt=\"\" \/>                        <div class=\"overlay\"><\/div>            \n                    <\/div>\n\t\t\n        <div class=\"banner-layers container\">\n            <div class=\"fill banner-link\"><\/div>            \n   <div id=\"text-box-1509990378\" class=\"text-box banner-layer x50 md-x50 lg-x50 y80 md-y80 lg-y80 res-text\">\n                                <div class=\"text-box-content text dark\">\n              \n              <div class=\"text-inner text-center\">\n                  \n<h1 class=\"lead\">Altri accessori<\/h1>\n              <\/div>\n           <\/div>\n                            \n<style>\n#text-box-1509990378 {\n  width: 67%;\n}\n#text-box-1509990378 .text-box-content {\n  font-size: 100%;\n}\n<\/style>\n    <\/div>\n \n        <\/div>\n      <\/div>\n\n            \n<style>\n#banner-1296298744 {\n  padding-top: 320px;\n}\n#banner-1296298744 .overlay {\n  background-color: rgba(0, 0, 0, 0.49);\n}\n#banner-1296298744 .banner-bg img {\n  object-position: 0%100%;\n}\n<\/style>\n  <\/div>\n\n\n<div class=\"row\"  id=\"row-29543320\">\n\n\t<div id=\"col-628972584\" class=\"col small-12 large-12\"  >\n\t\t\t\t<div class=\"col-inner\"  >\n\t\t\t\n\t\t\t\n<div class=\"row\"  id=\"row-550134171\">\n\n\t<div id=\"col-564287846\" class=\"col alquiler small-12 large-12\"  >\n\t\t\t\t<div class=\"col-inner\"  >\n\t\t\t\n\t\t\t\n<p><img loading=\"lazy\" decoding=\"async\" class=\"wp-image-1036 size-medium alignleft\" src=\"http:\/\/autocaravanascamperdadi.com\/wp-content\/uploads\/2017\/09\/seal5-2-533x400.jpg\" alt=\"accesorios caravanas en Madrid\" width=\"533\" height=\"400\" srcset=\"https:\/\/autocaravanascamperdadi.com\/wp-content\/uploads\/2017\/09\/seal5-2-533x400.jpg 533w, https:\/\/autocaravanascamperdadi.com\/wp-content\/uploads\/2017\/09\/seal5-2-600x450.jpg 600w, https:\/\/autocaravanascamperdadi.com\/wp-content\/uploads\/2017\/09\/seal5-2-768x576.jpg 768w, https:\/\/autocaravanascamperdadi.com\/wp-content\/uploads\/2017\/09\/seal5-2.jpg 800w\" sizes=\"auto, (max-width: 533px) 100vw, 533px\" \/>Noi di Autocaravanas Camperdadi abbiamo tutti i tipi di accessori e complementi per il tuo camper o per la tua roulotte. Mettiamo a tua disposizione da mobili ed elettrodomestici adattabili a questi veicoli, fino a sistemi di sicurezza, zanzariere e tutto ci\u00f2 che serve per goderti il tuo soggiorno in un campeggio.<\/p>\n<h2>Accessori e complementi per il tuo camper<\/h2>\n<p>Abbiamo rimorchi, ammortizzatori, portabiciclette e un gran numero di accessori che renderanno il tuo viaggio in camper o roulotte un&#8217;esperienza degna di essere ripetuta. Vogliamo rendere il tuo viaggio il pi\u00f9 confortevole possibile e vogliamo che tutto ci\u00f2 di cui ti devi preoccupare \u00e8 di divertirti.<\/p>\n<p>Tutti i prodotti che offriamo noi di Autocaravanas Camperdadi sono di altissima qualit\u00e0 e sono adattati alle diverse esigenze e preferenze. Ti invitiamo a dare un&#8217;occhiata al nostro catalogo e contattaci se ne hai bisogno.<\/p>\n<p>Scommetti su una societ\u00e0 professionale con anni di esperienza nel settore al momento di comprare accessori per il tuo camper o per la tua roulotte.<\/p>\n\t\t<\/div>\n\t\t\t\t\t<\/div>\n\n\t\n<\/div>\n\t\t<\/div>\n\t\t\t\t\t<\/div>\n\n\t\n<\/div>\n","protected":false},"excerpt":{"rendered":"","protected":false},"author":4,"featured_media":3461,"parent":3429,"menu_order":6,"comment_status":"closed","ping_status":"closed","template":"page-transparent-header.php","meta":{"footnotes":""},"class_list":["post-3460","page","type-page","status-publish","has-post-thumbnail","hentry"],"yoast_head":"<!-- This site is optimized with the Yoast SEO plugin v27.4 - https:\/\/yoast.com\/product\/yoast-seo-wordpress\/ -->\n<title>Altri accessori - Camperdadi<\/title>\n<meta name=\"robots\" content=\"index, follow, max-snippet:-1, max-image-preview:large, max-video-preview:-1\" \/>\n<link rel=\"canonical\" href=\"https:\/\/autocaravanascamperdadi.com\/it\/veicoli-ed-accessori\/altri-accessori\/\" \/>\n<meta property=\"og:locale\" content=\"it_IT\" \/>\n<meta property=\"og:type\" content=\"article\" \/>\n<meta property=\"og:title\" content=\"Altri accessori - Camperdadi\" \/>\n<meta property=\"og:url\" content=\"https:\/\/autocaravanascamperdadi.com\/it\/veicoli-ed-accessori\/altri-accessori\/\" \/>\n<meta property=\"og:site_name\" content=\"Camperdadi\" \/>\n<meta property=\"article:publisher\" content=\"https:\/\/es-es.facebook.com\/camperdadi\/\" \/>\n<meta property=\"article:modified_time\" content=\"2023-03-02T15:34:05+00:00\" \/>\n<meta property=\"og:image\" content=\"https:\/\/autocaravanascamperdadi.com\/wp-content\/uploads\/2017\/11\/motorhome-1206525_640-compressor.jpg\" \/>\n\t<meta property=\"og:image:width\" content=\"640\" \/>\n\t<meta property=\"og:image:height\" content=\"426\" \/>\n\t<meta property=\"og:image:type\" content=\"image\/jpeg\" \/>\n<meta name=\"twitter:card\" content=\"summary_large_image\" \/>\n<meta name=\"twitter:site\" content=\"@camperdadi\" \/>\n<meta name=\"twitter:label1\" content=\"Tempo di lettura stimato\" \/>\n\t<meta name=\"twitter:data1\" content=\"1 minuto\" \/>\n<script type=\"application\/ld+json\" class=\"yoast-schema-graph\">{\"@context\":\"https:\\\/\\\/schema.org\",\"@graph\":[{\"@type\":\"WebPage\",\"@id\":\"https:\\\/\\\/autocaravanascamperdadi.com\\\/it\\\/veicoli-ed-accessori\\\/altri-accessori\\\/\",\"url\":\"https:\\\/\\\/autocaravanascamperdadi.com\\\/it\\\/veicoli-ed-accessori\\\/altri-accessori\\\/\",\"name\":\"Altri accessori - Camperdadi\",\"isPartOf\":{\"@id\":\"https:\\\/\\\/autocaravanascamperdadi.com\\\/en\\\/#website\"},\"primaryImageOfPage\":{\"@id\":\"https:\\\/\\\/autocaravanascamperdadi.com\\\/it\\\/veicoli-ed-accessori\\\/altri-accessori\\\/#primaryimage\"},\"image\":{\"@id\":\"https:\\\/\\\/autocaravanascamperdadi.com\\\/it\\\/veicoli-ed-accessori\\\/altri-accessori\\\/#primaryimage\"},\"thumbnailUrl\":\"https:\\\/\\\/autocaravanascamperdadi.com\\\/wp-content\\\/uploads\\\/2017\\\/11\\\/motorhome-1206525_640-compressor.jpg\",\"datePublished\":\"2019-01-04T13:22:41+00:00\",\"dateModified\":\"2023-03-02T15:34:05+00:00\",\"breadcrumb\":{\"@id\":\"https:\\\/\\\/autocaravanascamperdadi.com\\\/it\\\/veicoli-ed-accessori\\\/altri-accessori\\\/#breadcrumb\"},\"inLanguage\":\"it-IT\",\"potentialAction\":[{\"@type\":\"ReadAction\",\"target\":[\"https:\\\/\\\/autocaravanascamperdadi.com\\\/it\\\/veicoli-ed-accessori\\\/altri-accessori\\\/\"]}]},{\"@type\":\"ImageObject\",\"inLanguage\":\"it-IT\",\"@id\":\"https:\\\/\\\/autocaravanascamperdadi.com\\\/it\\\/veicoli-ed-accessori\\\/altri-accessori\\\/#primaryimage\",\"url\":\"https:\\\/\\\/autocaravanascamperdadi.com\\\/wp-content\\\/uploads\\\/2017\\\/11\\\/motorhome-1206525_640-compressor.jpg\",\"contentUrl\":\"https:\\\/\\\/autocaravanascamperdadi.com\\\/wp-content\\\/uploads\\\/2017\\\/11\\\/motorhome-1206525_640-compressor.jpg\",\"width\":640,\"height\":426,\"caption\":\"Noleggio camper Madrid\"},{\"@type\":\"BreadcrumbList\",\"@id\":\"https:\\\/\\\/autocaravanascamperdadi.com\\\/it\\\/veicoli-ed-accessori\\\/altri-accessori\\\/#breadcrumb\",\"itemListElement\":[{\"@type\":\"ListItem\",\"position\":1,\"name\":\"Portada\",\"item\":\"https:\\\/\\\/autocaravanascamperdadi.com\\\/it\\\/\"},{\"@type\":\"ListItem\",\"position\":2,\"name\":\"Veicoli ed accessori\",\"item\":\"https:\\\/\\\/autocaravanascamperdadi.com\\\/it\\\/veicoli-ed-accessori\\\/\"},{\"@type\":\"ListItem\",\"position\":3,\"name\":\"Altri accessori\"}]},{\"@type\":\"WebSite\",\"@id\":\"https:\\\/\\\/autocaravanascamperdadi.com\\\/en\\\/#website\",\"url\":\"https:\\\/\\\/autocaravanascamperdadi.com\\\/en\\\/\",\"name\":\"Autocaravanas Camperdadi\",\"description\":\"Alquiler de autocaravanas y caravanas\",\"potentialAction\":[{\"@type\":\"SearchAction\",\"target\":{\"@type\":\"EntryPoint\",\"urlTemplate\":\"https:\\\/\\\/autocaravanascamperdadi.com\\\/en\\\/?s={search_term_string}\"},\"query-input\":{\"@type\":\"PropertyValueSpecification\",\"valueRequired\":true,\"valueName\":\"search_term_string\"}}],\"inLanguage\":\"it-IT\"}]}<\/script>\n<!-- \/ Yoast SEO plugin. -->","yoast_head_json":{"title":"Altri accessori - Camperdadi","robots":{"index":"index","follow":"follow","max-snippet":"max-snippet:-1","max-image-preview":"max-image-preview:large","max-video-preview":"max-video-preview:-1"},"canonical":"https:\/\/autocaravanascamperdadi.com\/it\/veicoli-ed-accessori\/altri-accessori\/","og_locale":"it_IT","og_type":"article","og_title":"Altri accessori - Camperdadi","og_url":"https:\/\/autocaravanascamperdadi.com\/it\/veicoli-ed-accessori\/altri-accessori\/","og_site_name":"Camperdadi","article_publisher":"https:\/\/es-es.facebook.com\/camperdadi\/","article_modified_time":"2023-03-02T15:34:05+00:00","og_image":[{"width":640,"height":426,"url":"https:\/\/autocaravanascamperdadi.com\/wp-content\/uploads\/2017\/11\/motorhome-1206525_640-compressor.jpg","type":"image\/jpeg"}],"twitter_card":"summary_large_image","twitter_site":"@camperdadi","twitter_misc":{"Tempo di lettura stimato":"1 minuto"},"schema":{"@context":"https:\/\/schema.org","@graph":[{"@type":"WebPage","@id":"https:\/\/autocaravanascamperdadi.com\/it\/veicoli-ed-accessori\/altri-accessori\/","url":"https:\/\/autocaravanascamperdadi.com\/it\/veicoli-ed-accessori\/altri-accessori\/","name":"Altri accessori - Camperdadi","isPartOf":{"@id":"https:\/\/autocaravanascamperdadi.com\/en\/#website"},"primaryImageOfPage":{"@id":"https:\/\/autocaravanascamperdadi.com\/it\/veicoli-ed-accessori\/altri-accessori\/#primaryimage"},"image":{"@id":"https:\/\/autocaravanascamperdadi.com\/it\/veicoli-ed-accessori\/altri-accessori\/#primaryimage"},"thumbnailUrl":"https:\/\/autocaravanascamperdadi.com\/wp-content\/uploads\/2017\/11\/motorhome-1206525_640-compressor.jpg","datePublished":"2019-01-04T13:22:41+00:00","dateModified":"2023-03-02T15:34:05+00:00","breadcrumb":{"@id":"https:\/\/autocaravanascamperdadi.com\/it\/veicoli-ed-accessori\/altri-accessori\/#breadcrumb"},"inLanguage":"it-IT","potentialAction":[{"@type":"ReadAction","target":["https:\/\/autocaravanascamperdadi.com\/it\/veicoli-ed-accessori\/altri-accessori\/"]}]},{"@type":"ImageObject","inLanguage":"it-IT","@id":"https:\/\/autocaravanascamperdadi.com\/it\/veicoli-ed-accessori\/altri-accessori\/#primaryimage","url":"https:\/\/autocaravanascamperdadi.com\/wp-content\/uploads\/2017\/11\/motorhome-1206525_640-compressor.jpg","contentUrl":"https:\/\/autocaravanascamperdadi.com\/wp-content\/uploads\/2017\/11\/motorhome-1206525_640-compressor.jpg","width":640,"height":426,"caption":"Noleggio camper Madrid"},{"@type":"BreadcrumbList","@id":"https:\/\/autocaravanascamperdadi.com\/it\/veicoli-ed-accessori\/altri-accessori\/#breadcrumb","itemListElement":[{"@type":"ListItem","position":1,"name":"Portada","item":"https:\/\/autocaravanascamperdadi.com\/it\/"},{"@type":"ListItem","position":2,"name":"Veicoli ed accessori","item":"https:\/\/autocaravanascamperdadi.com\/it\/veicoli-ed-accessori\/"},{"@type":"ListItem","position":3,"name":"Altri accessori"}]},{"@type":"WebSite","@id":"https:\/\/autocaravanascamperdadi.com\/en\/#website","url":"https:\/\/autocaravanascamperdadi.com\/en\/","name":"Autocaravanas Camperdadi","description":"Alquiler de autocaravanas y caravanas","potentialAction":[{"@type":"SearchAction","target":{"@type":"EntryPoint","urlTemplate":"https:\/\/autocaravanascamperdadi.com\/en\/?s={search_term_string}"},"query-input":{"@type":"PropertyValueSpecification","valueRequired":true,"valueName":"search_term_string"}}],"inLanguage":"it-IT"}]}},"_links":{"self":[{"href":"https:\/\/autocaravanascamperdadi.com\/it\/wp-json\/wp\/v2\/pages\/3460","targetHints":{"allow":["GET"]}}],"collection":[{"href":"https:\/\/autocaravanascamperdadi.com\/it\/wp-json\/wp\/v2\/pages"}],"about":[{"href":"https:\/\/autocaravanascamperdadi.com\/it\/wp-json\/wp\/v2\/types\/page"}],"author":[{"embeddable":true,"href":"https:\/\/autocaravanascamperdadi.com\/it\/wp-json\/wp\/v2\/users\/4"}],"replies":[{"embeddable":true,"href":"https:\/\/autocaravanascamperdadi.com\/it\/wp-json\/wp\/v2\/comments?post=3460"}],"version-history":[{"count":0,"href":"https:\/\/autocaravanascamperdadi.com\/it\/wp-json\/wp\/v2\/pages\/3460\/revisions"}],"up":[{"embeddable":true,"href":"https:\/\/autocaravanascamperdadi.com\/it\/wp-json\/wp\/v2\/pages\/3429"}],"wp:featuredmedia":[{"embeddable":true,"href":"https:\/\/autocaravanascamperdadi.com\/it\/wp-json\/wp\/v2\/media\/3461"}],"wp:attachment":[{"href":"https:\/\/autocaravanascamperdadi.com\/it\/wp-json\/wp\/v2\/media?parent=3460"}],"curies":[{"name":"wp","href":"https:\/\/api.w.org\/{rel}","templated":true}]}}