{"id":3463,"date":"2019-01-04T13:24:14","date_gmt":"2019-01-04T13:24:14","guid":{"rendered":"http:\/\/autocaravanascamperdadi.com\/?page_id=3463"},"modified":"2023-03-29T08:10:20","modified_gmt":"2023-03-29T08:10:20","slug":"noleggio-di-veicoli","status":"publish","type":"page","link":"https:\/\/autocaravanascamperdadi.com\/it\/noleggio-di-veicoli\/","title":{"rendered":"Noleggio di veicoli"},"content":{"rendered":"\n  <div class=\"banner has-hover has-parallax\" id=\"banner-1848271850\">\n          <div class=\"banner-inner fill\">\n        <div class=\"banner-bg fill\" data-parallax=\"-3\" data-parallax-container=\".banner\" data-parallax-background>\n            <img loading=\"lazy\" decoding=\"async\" width=\"800\" height=\"553\" src=\"https:\/\/autocaravanascamperdadi.com\/wp-content\/uploads\/2017\/08\/primer-viaje.jpg\" class=\"bg attachment-large size-large\" alt=\"Tu primer viaje en autocaravana\" \/>                        <div class=\"overlay\"><\/div>            \n                    <\/div>\n\t\t\n        <div class=\"banner-layers container\">\n            <div class=\"fill banner-link\"><\/div>            \n   <div id=\"text-box-137849451\" class=\"text-box banner-layer x50 md-x50 lg-x50 y80 md-y80 lg-y80 res-text\">\n                                <div class=\"text-box-content text dark\">\n              \n              <div class=\"text-inner text-center\">\n                  \n<h1 class=\"lead\">Noleggio di veicoli<\/h1>\n              <\/div>\n           <\/div>\n                            \n<style>\n#text-box-137849451 {\n  width: 60%;\n}\n#text-box-137849451 .text-box-content {\n  font-size: 100%;\n}\n<\/style>\n    <\/div>\n \n        <\/div>\n      <\/div>\n\n            \n<style>\n#banner-1848271850 {\n  padding-top: 320px;\n}\n#banner-1848271850 .overlay {\n  background-color: rgba(0, 0, 0, 0.49);\n}\n#banner-1848271850 .banner-bg img {\n  object-position: 0%80%;\n}\n<\/style>\n  <\/div>\n\n\n<div class=\"row\"  id=\"row-806853477\">\n\n\t<div id=\"col-1064053798\" class=\"col small-12 large-12\"  >\n\t\t\t\t<div class=\"col-inner\"  >\n\t\t\t\n\t\t\t\n<div class=\"row\"  id=\"row-1476569057\">\n\n\t<div id=\"col-1958691675\" class=\"col medium-8 small-12 large-8\"  >\n\t\t\t\t<div class=\"col-inner\"  >\n\t\t\t\n\t\t\t\n<p>Stai pensando di affittare un camper o una roulotte per percorrere tanti chilometri con la tua famiglia? Il mare \u00e8 la tua passione e ti piacerebbe vivere una vacanza con esso? Se \u00e8 cos\u00ec, il nostro\u00a0servizio di noleggio di veicoli\u00a0\u00e8 perfetto per te.<\/p>\n<p>Noi di Autocaravanas Camperdadi ti offriamo un servizio di qualit\u00e0 di\u00a0noleggio di roulotte, camper ed imbarcazioni.\u00a0Mettiamo a tua completa disposizione una vasta gamma di veicoli con cui potrai visitare i luoghi che desideri senza dover dipendere da orari, prenotazioni o rigide regole.<\/p>\n<p>Tutti i veicoli che abbiamo sono di marchi affidabili del mercato, sono debitamente revisionati e hanno superato tutti i requisiti di sicurezza. Quando ne affitti uno, quindi, tu e i tuoi compagni sarete completamente al sicuro.<\/p>\n<p>Camper e roulotte di diverse dimensioni e capacit\u00e0, barche a vela Dufour 412, motoscafi Four Winns 234 Funship&#8230; Scommetti sul nostro servizio di\u00a0noleggio di roulotte, camper ed imbarcazioni a Madrid\u00a0e vivi un\u2019esperienza unica.<\/p>\n\t\t<\/div>\n\t\t\t\t\t<\/div>\n\n\t\n\n\t<div id=\"col-1134889453\" class=\"col medium-4 small-12 large-4\"  >\n\t\t\t\t<div class=\"col-inner\"  >\n\t\t\t\n\t\t\t\n\t<div class=\"img has-hover x md-x lg-x y md-y lg-y\" id=\"image_624844532\">\n\t\t\t\t\t\t\t\t<div class=\"img-inner image-cover dark\" style=\"padding-top:50%;\">\n\t\t\t<img loading=\"lazy\" decoding=\"async\" width=\"900\" height=\"623\" src=\"https:\/\/autocaravanascamperdadi.com\/wp-content\/uploads\/2017\/08\/experiencia.jpg\" class=\"attachment-large size-large\" alt=\"alquiler de casa rodante en Madrid\" srcset=\"https:\/\/autocaravanascamperdadi.com\/wp-content\/uploads\/2017\/08\/experiencia.jpg 900w, https:\/\/autocaravanascamperdadi.com\/wp-content\/uploads\/2017\/08\/experiencia-600x415.jpg 600w, https:\/\/autocaravanascamperdadi.com\/wp-content\/uploads\/2017\/08\/experiencia-578x400.jpg 578w, https:\/\/autocaravanascamperdadi.com\/wp-content\/uploads\/2017\/08\/experiencia-768x532.jpg 768w\" sizes=\"auto, (max-width: 900px) 100vw, 900px\" \/>\t\t\t\t\t\t\n\t\t\t\t\t<\/div>\n\t\t\t\t\t\t\t\t\n<style>\n#image_624844532 {\n  width: 100%;\n}\n<\/style>\n\t<\/div>\n\t\n\t<div class=\"img has-hover x md-x lg-x y md-y lg-y\" id=\"image_480959116\">\n\t\t\t\t\t\t\t\t<div class=\"img-inner image-cover dark\" style=\"padding-top:50%;\">\n\t\t\t<img loading=\"lazy\" decoding=\"async\" width=\"1020\" height=\"672\" src=\"https:\/\/autocaravanascamperdadi.com\/wp-content\/uploads\/2017\/08\/0989-1214x800.jpeg\" class=\"attachment-large size-large\" alt=\"alquiler de barcos en Ibiza\" srcset=\"https:\/\/autocaravanascamperdadi.com\/wp-content\/uploads\/2017\/08\/0989-1214x800.jpeg 1214w, https:\/\/autocaravanascamperdadi.com\/wp-content\/uploads\/2017\/08\/0989-600x395.jpeg 600w, https:\/\/autocaravanascamperdadi.com\/wp-content\/uploads\/2017\/08\/0989-607x400.jpeg 607w, https:\/\/autocaravanascamperdadi.com\/wp-content\/uploads\/2017\/08\/0989-768x506.jpeg 768w, https:\/\/autocaravanascamperdadi.com\/wp-content\/uploads\/2017\/08\/0989.jpeg 850w\" sizes=\"auto, (max-width: 1020px) 100vw, 1020px\" \/>\t\t\t\t\t\t\n\t\t\t\t\t<\/div>\n\t\t\t\t\t\t\t\t\n<style>\n#image_480959116 {\n  width: 100%;\n}\n<\/style>\n\t<\/div>\n\t\n<a href=\"\/it\/veicoli-ed-accessori\/camper-a-noleggio\/\" class=\"button primary is-large expand\" style=\"border-radius:99px;\">\n\t\t<span>Vedi veicoli<\/span>\n\t<\/a>\n\n\t\t<\/div>\n\t\t\t\t\t<\/div>\n\n\t\n<\/div>\n\t\t<\/div>\n\t\t\t\t\t<\/div>\n\n\t\n<\/div>\n","protected":false},"excerpt":{"rendered":"","protected":false},"author":4,"featured_media":0,"parent":0,"menu_order":0,"comment_status":"closed","ping_status":"closed","template":"page-transparent-header.php","meta":{"footnotes":""},"class_list":["post-3463","page","type-page","status-publish","hentry"],"yoast_head":"<!-- This site is optimized with the Yoast SEO plugin v27.4 - https:\/\/yoast.com\/product\/yoast-seo-wordpress\/ -->\n<title>Noleggio di veicoli - Camperdadi<\/title>\n<meta name=\"robots\" content=\"index, follow, max-snippet:-1, max-image-preview:large, max-video-preview:-1\" \/>\n<link rel=\"canonical\" href=\"https:\/\/autocaravanascamperdadi.com\/it\/noleggio-di-veicoli\/\" \/>\n<meta property=\"og:locale\" content=\"it_IT\" \/>\n<meta property=\"og:type\" content=\"article\" \/>\n<meta property=\"og:title\" content=\"Noleggio di veicoli - Camperdadi\" \/>\n<meta property=\"og:url\" content=\"https:\/\/autocaravanascamperdadi.com\/it\/noleggio-di-veicoli\/\" \/>\n<meta property=\"og:site_name\" content=\"Camperdadi\" \/>\n<meta property=\"article:publisher\" content=\"https:\/\/es-es.facebook.com\/camperdadi\/\" \/>\n<meta property=\"article:modified_time\" content=\"2023-03-29T08:10:20+00:00\" \/>\n<meta property=\"og:image\" content=\"https:\/\/autocaravanascamperdadi.com\/wp-content\/uploads\/2024\/09\/30725337_2008095519453542_2182825795712450560_o-600x600-1.jpg\" \/>\n\t<meta property=\"og:image:width\" content=\"600\" \/>\n\t<meta property=\"og:image:height\" content=\"600\" \/>\n\t<meta property=\"og:image:type\" content=\"image\/jpeg\" \/>\n<meta name=\"twitter:card\" content=\"summary_large_image\" \/>\n<meta name=\"twitter:site\" content=\"@camperdadi\" \/>\n<meta name=\"twitter:label1\" content=\"Tempo di lettura stimato\" \/>\n\t<meta name=\"twitter:data1\" content=\"1 minuto\" \/>\n<script type=\"application\/ld+json\" class=\"yoast-schema-graph\">{\"@context\":\"https:\\\/\\\/schema.org\",\"@graph\":[{\"@type\":\"WebPage\",\"@id\":\"https:\\\/\\\/autocaravanascamperdadi.com\\\/it\\\/noleggio-di-veicoli\\\/\",\"url\":\"https:\\\/\\\/autocaravanascamperdadi.com\\\/it\\\/noleggio-di-veicoli\\\/\",\"name\":\"Noleggio di veicoli - Camperdadi\",\"isPartOf\":{\"@id\":\"https:\\\/\\\/autocaravanascamperdadi.com\\\/en\\\/#website\"},\"datePublished\":\"2019-01-04T13:24:14+00:00\",\"dateModified\":\"2023-03-29T08:10:20+00:00\",\"breadcrumb\":{\"@id\":\"https:\\\/\\\/autocaravanascamperdadi.com\\\/it\\\/noleggio-di-veicoli\\\/#breadcrumb\"},\"inLanguage\":\"it-IT\",\"potentialAction\":[{\"@type\":\"ReadAction\",\"target\":[\"https:\\\/\\\/autocaravanascamperdadi.com\\\/it\\\/noleggio-di-veicoli\\\/\"]}]},{\"@type\":\"BreadcrumbList\",\"@id\":\"https:\\\/\\\/autocaravanascamperdadi.com\\\/it\\\/noleggio-di-veicoli\\\/#breadcrumb\",\"itemListElement\":[{\"@type\":\"ListItem\",\"position\":1,\"name\":\"Portada\",\"item\":\"https:\\\/\\\/autocaravanascamperdadi.com\\\/it\\\/\"},{\"@type\":\"ListItem\",\"position\":2,\"name\":\"Noleggio di veicoli\"}]},{\"@type\":\"WebSite\",\"@id\":\"https:\\\/\\\/autocaravanascamperdadi.com\\\/en\\\/#website\",\"url\":\"https:\\\/\\\/autocaravanascamperdadi.com\\\/en\\\/\",\"name\":\"Autocaravanas Camperdadi\",\"description\":\"Alquiler de autocaravanas y caravanas\",\"potentialAction\":[{\"@type\":\"SearchAction\",\"target\":{\"@type\":\"EntryPoint\",\"urlTemplate\":\"https:\\\/\\\/autocaravanascamperdadi.com\\\/en\\\/?s={search_term_string}\"},\"query-input\":{\"@type\":\"PropertyValueSpecification\",\"valueRequired\":true,\"valueName\":\"search_term_string\"}}],\"inLanguage\":\"it-IT\"}]}<\/script>\n<!-- \/ Yoast SEO plugin. -->","yoast_head_json":{"title":"Noleggio di veicoli - Camperdadi","robots":{"index":"index","follow":"follow","max-snippet":"max-snippet:-1","max-image-preview":"max-image-preview:large","max-video-preview":"max-video-preview:-1"},"canonical":"https:\/\/autocaravanascamperdadi.com\/it\/noleggio-di-veicoli\/","og_locale":"it_IT","og_type":"article","og_title":"Noleggio di veicoli - Camperdadi","og_url":"https:\/\/autocaravanascamperdadi.com\/it\/noleggio-di-veicoli\/","og_site_name":"Camperdadi","article_publisher":"https:\/\/es-es.facebook.com\/camperdadi\/","article_modified_time":"2023-03-29T08:10:20+00:00","og_image":[{"width":600,"height":600,"url":"https:\/\/autocaravanascamperdadi.com\/wp-content\/uploads\/2024\/09\/30725337_2008095519453542_2182825795712450560_o-600x600-1.jpg","type":"image\/jpeg"}],"twitter_card":"summary_large_image","twitter_site":"@camperdadi","twitter_misc":{"Tempo di lettura stimato":"1 minuto"},"schema":{"@context":"https:\/\/schema.org","@graph":[{"@type":"WebPage","@id":"https:\/\/autocaravanascamperdadi.com\/it\/noleggio-di-veicoli\/","url":"https:\/\/autocaravanascamperdadi.com\/it\/noleggio-di-veicoli\/","name":"Noleggio di veicoli - Camperdadi","isPartOf":{"@id":"https:\/\/autocaravanascamperdadi.com\/en\/#website"},"datePublished":"2019-01-04T13:24:14+00:00","dateModified":"2023-03-29T08:10:20+00:00","breadcrumb":{"@id":"https:\/\/autocaravanascamperdadi.com\/it\/noleggio-di-veicoli\/#breadcrumb"},"inLanguage":"it-IT","potentialAction":[{"@type":"ReadAction","target":["https:\/\/autocaravanascamperdadi.com\/it\/noleggio-di-veicoli\/"]}]},{"@type":"BreadcrumbList","@id":"https:\/\/autocaravanascamperdadi.com\/it\/noleggio-di-veicoli\/#breadcrumb","itemListElement":[{"@type":"ListItem","position":1,"name":"Portada","item":"https:\/\/autocaravanascamperdadi.com\/it\/"},{"@type":"ListItem","position":2,"name":"Noleggio di veicoli"}]},{"@type":"WebSite","@id":"https:\/\/autocaravanascamperdadi.com\/en\/#website","url":"https:\/\/autocaravanascamperdadi.com\/en\/","name":"Autocaravanas Camperdadi","description":"Alquiler de autocaravanas y caravanas","potentialAction":[{"@type":"SearchAction","target":{"@type":"EntryPoint","urlTemplate":"https:\/\/autocaravanascamperdadi.com\/en\/?s={search_term_string}"},"query-input":{"@type":"PropertyValueSpecification","valueRequired":true,"valueName":"search_term_string"}}],"inLanguage":"it-IT"}]}},"_links":{"self":[{"href":"https:\/\/autocaravanascamperdadi.com\/it\/wp-json\/wp\/v2\/pages\/3463","targetHints":{"allow":["GET"]}}],"collection":[{"href":"https:\/\/autocaravanascamperdadi.com\/it\/wp-json\/wp\/v2\/pages"}],"about":[{"href":"https:\/\/autocaravanascamperdadi.com\/it\/wp-json\/wp\/v2\/types\/page"}],"author":[{"embeddable":true,"href":"https:\/\/autocaravanascamperdadi.com\/it\/wp-json\/wp\/v2\/users\/4"}],"replies":[{"embeddable":true,"href":"https:\/\/autocaravanascamperdadi.com\/it\/wp-json\/wp\/v2\/comments?post=3463"}],"version-history":[{"count":0,"href":"https:\/\/autocaravanascamperdadi.com\/it\/wp-json\/wp\/v2\/pages\/3463\/revisions"}],"wp:attachment":[{"href":"https:\/\/autocaravanascamperdadi.com\/it\/wp-json\/wp\/v2\/media?parent=3463"}],"curies":[{"name":"wp","href":"https:\/\/api.w.org\/{rel}","templated":true}]}}