{"id":3918,"date":"2017-09-21T15:05:06","date_gmt":"2017-09-21T15:05:06","guid":{"rendered":"http:\/\/autocaravanascamperdadi.com\/?page_id=3918"},"modified":"2023-02-09T10:17:16","modified_gmt":"2023-02-09T10:17:16","slug":"nota-legale","status":"publish","type":"page","link":"https:\/\/autocaravanascamperdadi.com\/it\/nota-legale\/","title":{"rendered":"Av\u00edso legal"},"content":{"rendered":"\n  <div class=\"banner has-hover has-parallax\" id=\"banner-931176537\">\n          <div class=\"banner-inner fill\">\n        <div class=\"banner-bg fill\" data-parallax=\"-3\" data-parallax-container=\".banner\" data-parallax-background>\n            <img loading=\"lazy\" decoding=\"async\" width=\"800\" height=\"534\" src=\"https:\/\/autocaravanascamperdadi.com\/wp-content\/uploads\/2017\/08\/slide1.jpg\" class=\"bg attachment-large size-large\" alt=\"\" \/>                        <div class=\"overlay\"><\/div>            \n                    <\/div>\n\t\t\n        <div class=\"banner-layers container\">\n            <div class=\"fill banner-link\"><\/div>            \n   <div id=\"text-box-951259647\" class=\"text-box banner-layer x50 md-x50 lg-x50 y50 md-y50 lg-y50 res-text\">\n                                <div class=\"text-box-content text dark\">\n              \n              <div class=\"text-inner text-center\">\n                  \n<h1>NOTA LEGALE E TERMINI DI UTILIZZO<\/h1>\n              <\/div>\n           <\/div>\n                            \n<style>\n#text-box-951259647 {\n  width: 60%;\n}\n#text-box-951259647 .text-box-content {\n  font-size: 100%;\n}\n<\/style>\n    <\/div>\n \n        <\/div>\n      <\/div>\n\n            \n<style>\n#banner-931176537 {\n  padding-top: 300px;\n}\n#banner-931176537 .overlay {\n  background-color: rgba(0, 0, 0, 0.49);\n}\n#banner-931176537 .banner-bg img {\n  object-position: 0%100%;\n}\n<\/style>\n  <\/div>\n\n\n<div class=\"row\"  id=\"row-983554489\">\n\n\t<div id=\"col-1925971044\" class=\"col small-12 large-12\"  >\n\t\t\t\t<div class=\"col-inner\"  >\n\t\t\t\n\t\t\t\n<p>In ottemperanza all&#8217;obbligo di informazione contenuto nell&#8217;art. 10 della legge 3\/2018, dell&#8217;5 dicembre sui Servizi della Societ\u00e0 dell&#8217;Informazione e del Commercio Elettronico, si afferma quanto segue:<\/p>\n<ol>\n<li>Dati identificativi del responsabile.<\/li>\n<\/ol>\n<p>Informiamo che <a href=\"http:\/\/autocaravanascamperdadi.com\/it\/\">http:\/\/autocaravanascamperdadi.com\/it\/<\/a> &nbsp;\u00e8 un dominio Internet registrato dalla societ\u00e0 Dadijo Cars, SL domiciliata in C\/ Agust\u00edn Calvo 51, local 4, Madrid, CP 28043<\/p>\n<p>e iscritta nel registro delle imprese di: Registro Mercantil de Madrid, Tomo 29411, Folio 167, Inscripci\u00f3n 1, HojaM629391<\/p>\n<p>Telefono: +34 639266865<\/p>\n<p>Dadijo Cars, SL \u00e8, pertanto, il proprietario di questo dominio e dei contenuti in esso presenti.<\/p>\n<ol start=\"2\">\n<li>Utente e regime delle responsabilit\u00e0<\/li>\n<\/ol>\n<p>La navigazione, l&#8217;accesso e l&#8217;uso di questo sito web conferiscono le condizioni di utente, che accetta, da detto accesso e\/o utilizzo, le presenti condizioni d&#8217;uso, fatta salva l&#8217;applicazione delle corrispondenti norme di conformit\u00e0 legale obbligatoria a seconda dei casi.<\/p>\n<p>2.1.- Uso del Sito Web<\/p>\n<p><a href=\"http:\/\/autocaravanascamperdadi.com\/it\/\">http:\/\/autocaravanascamperdadi.com\/it\/<\/a> fornisce accesso ad articoli, informazioni e dati (di seguito \u201ci contenuti\u201d) di propriet\u00e0 di Dadijo Cars, SL L&#8217;utente si assume la propria responsabilit\u00e0 nell&#8217;uso corretto del sito web. Questa responsabilit\u00e0 deve estendersi anche a:<\/p>\n<p>&#8211;&nbsp;&nbsp;&nbsp;&nbsp;&nbsp;&nbsp;&nbsp;&nbsp;&nbsp;&nbsp;&nbsp;&nbsp;&nbsp; non incorrere in attivit\u00e0 illecite, illegali o contrarie alla buona fede e all&#8217;ordine pubblico.<\/p>\n<p>&#8211;&nbsp;&nbsp;&nbsp;&nbsp;&nbsp;&nbsp;&nbsp;&nbsp;&nbsp;&nbsp;&nbsp;&nbsp;&nbsp; non causare danni ai sistemi fisici e logici di <a href=\"http:\/\/autocaravanascamperdadi.com\/it\/\">http:\/\/autocaravanascamperdadi.com\/it\/<\/a> , dei suoi fornitori o di terze parti, introducendo o diffondendo virus informatici o altri sistemi fisici o logici che potrebbero causare il suddetto danno.<\/p>\n<p>&#8211;&nbsp;&nbsp;&nbsp;&nbsp;&nbsp;&nbsp;&nbsp;&nbsp;&nbsp;&nbsp;&nbsp;&nbsp;&nbsp; non usare le informazioni, i servizi e i dati offerti da <a href=\"http:\/\/autocaravanascamperdadi.com\/it\/\">http:\/\/autocaravanascamperdadi.com\/it\/<\/a>&nbsp; in contrasto con le disposizioni di queste condizioni, la legge, la morale, le buone abitudini o l&#8217;ordine pubblico, o che potrebbero altrimenti comportare lesioni a diritti di terzi o al funzionamento del sito web.<\/p>\n<p>In ogni caso, <a href=\"http:\/\/autocaravanascamperdadi.com\/it\/\">http:\/\/autocaravanascamperdadi.com\/it\/<\/a> non sar\u00e0 responsabile per le opinioni espresse dagli utenti attraverso il blog o gli altri strumenti di partecipazione che possono essere creati, in conformit\u00e0 con le disposizioni previste dalla normativa di attuazione.<\/p>\n<p>2.2.- Acquisizione delle informazioni<\/p>\n<p>&#8211; Modulo di contatto in cui l&#8217;utente deve compilare i campi nome, email, telefono e oggetto. Le informazioni fornite attraverso la sezione \u201cContatto\u201d saranno utilizzate al fine di contattare l&#8217;utente per rispondere alle sue domande o ai suoi dubbi e inviargli informazioni che potrebbero essere di interesse in base alla sua richiesta effettuata.<\/p>\n<p>&#8211; Navigazione e indirizzo IP: quando si naviga in questo sito web, l&#8217;utente fornisce automaticamente al server del sito web le informazioni relative all&#8217;indirizzo IP, la data e l&#8217;ora di accesso, il collegamento ipertestuale che ha inoltrato, il sistema operativo e il browser utilizzato. L&#8217;Agenzia Spagnola per la Protezione dei Dati considera l&#8217;IP come un dato personale. Questo sito web non utilizzer\u00e0 l&#8217;IP per identificare i suoi utenti, quindi questi dati saranno memorizzati e utilizzati solo per il controllo e la realizzazione di statistiche di accesso e visite al web, per analizzare le tendenze, amministrare il sito e raccogliere informazioni demografiche sul nostro database degli utenti nel loro insieme. In nessun caso saranno comunicati o ceduti a terzi.<\/p>\n<ol start=\"3\">\n<li>Politica sui link e esenzioni di responsabilit\u00e0<\/li>\n<\/ol>\n<p>Come servizio per i nostri visitatori, il nostro sito web potrebbe includere collegamenti ipertestuali ad altri siti gestiti o controllati da <a href=\"http:\/\/autocaravanascamperdadi.com\/it\/\">http:\/\/autocaravanascamperdadi.com\/it\/<\/a> &nbsp;&nbsp;Pertanto non garantiamo, n\u00e9 siamo responsabili per la legalit\u00e0, l&#8217;affidabilit\u00e0, l&#8217;utilit\u00e0, la veridicit\u00e0 e la tempestivit\u00e0 dei contenuti di tali siti web o delle loro pratiche sulla privacy e, inoltre, in nessun caso procederemo all&#8217;esame o all&#8217;esercizio di alcun tipo di controllo sul contenuto da altri siti web della rete.<\/p>\n<p><a href=\"http:\/\/autocaravanascamperdadi.com\/it\/\">http:\/\/autocaravanascamperdadi.com\/it\/<\/a> &nbsp;dichiara di aver adottato tutte le misure necessarie per evitare qualsiasi danno agli utenti del suo sito web, che potrebbe derivare dalla navigazione nel suo sito web. Di conseguenza, non \u00e8 responsabile, in ogni caso, per eventuali danni che l&#8217;utente pu\u00f2 subire a causa della navigazione in Internet.<\/p>\n<ol start=\"4\">\n<li>Modifiche<\/li>\n<\/ol>\n<p><a href=\"http:\/\/autocaravanascamperdadi.com\/it\/\">http:\/\/autocaravanascamperdadi.com\/it\/<\/a> &nbsp;si riserva il diritto di apportare le modifiche che ritiene opportune, senza preavviso, nel contenuto del proprio sito web. Sia per quanto riguarda i contenuti del sito web, sia nelle condizioni di utilizzo dello stesso. Tali modifiche potranno essere apportate tramite il proprio sito web da qualsiasi forma ammissibile e saranno vincolante nel momento in cui saranno pubblicate sul sito web e fino a quando non saranno validamente modificate da quelle successive.<\/p>\n<ol start=\"5\">\n<li>Propriet\u00e0 intellettuale e industriale<\/li>\n<\/ol>\n<p><a href=\"http:\/\/autocaravanascamperdadi.com\/it\/\">http:\/\/autocaravanascamperdadi.com\/it\/<\/a> &nbsp;da solo o come cessionario, possiede tutti i diritti di propriet\u00e0 intellettuale ed industriale del proprio sito web, cos\u00ec come gli elementi in esso contenuti (a titolo di esempio e non limitativo: immagini, suoni, audio, video, software o testi; marchi o loghi, combinazioni di colori, struttura e design, selezione di materiali usati, programmi informatici necessari per il suo funzionamento, accesso e uso, ecc.).<\/p>\n<p>Tutti i diritti riservati. In base alle disposizioni della Legge sulla Propriet\u00e0 Intellettuale, la riproduzione, la distribuzione e la comunicazione pubblica, incluso il suo metodo di messa a disposizione, in tutto o in parte, del contenuto di questa pagina web, a fini commerciali, sono espressamente vietati, su qualsiasi supporto e con qualsiasi mezzo tecnico, senza l&#8217;autorizzazione di <a href=\"http:\/\/autocaravanascamperdadi.com\/it\/\">http:\/\/autocaravanascamperdadi.com\/it\/<\/a><\/p>\n<p>L&#8217;utente si impegna a rispettare i diritti di Propriet\u00e0 Intellettuale ed Industriale di <a href=\"http:\/\/autocaravanascamperdadi.com\/it\/\">http:\/\/autocaravanascamperdadi.com\/it\/<\/a> . \u00c8 possibile visualizzare gli elementi del sito web e persino stamparli, copiarli e memorizzarli sul disco rigido del computer o su qualsiasi altro supporto fisico, a condizione che sia unicamente ed esclusivamente per uso personale e privato. L&#8217;utente deve astenersi dall&#8217;eliminare, alterare, eludere o manipolare qualsiasi dispositivo di protezione o sistema di sicurezza installato sulle pagine di <a href=\"http:\/\/autocaravanascamperdadi.com\/it\/\">http:\/\/autocaravanascamperdadi.com\/it\/<\/a><\/p>\n<ol start=\"6\">\n<li>Certificato SSL (SECURE SOCKETS LAYER)<\/li>\n<\/ol>\n<p>Il CERTIFICATO SSL fornisce l&#8217;autenticazione, la privacy e la sicurezza delle informazioni tra http:\/\/autocaravanascamperdadi.com\/it\/ e l&#8217;utente.<\/p>\n<p><a href=\"http:\/\/autocaravanascamperdadi.com\/it\/\">http:\/\/autocaravanascamperdadi.com\/it\/<\/a> &nbsp;ha un certificato di sicurezza che viene utilizzato per stabilire connessioni sicure e vengono stabilite utilizzando chiavi preimpostate, codificando e decodificando tutti i dati inviati fino alla chiusura della connessione.<\/p>\n<ol start=\"7\">\n<li>Azioni Legali, legislazione applicabile e giurisdizione<\/li>\n<\/ol>\n<p>http:\/\/autocaravanascamperdadi.com\/it\/ si riserva inoltre il diritto di presentare azioni civili o penali che ritiene appropriate per l&#8217;uso improprio del suo sito web e dei suoi contenuti, o per la violazione di queste condizioni.<\/p>\n<p>Il rapporto tra l&#8217;utente e il fornitore sar\u00e0 regolato dalle normative vigenti e applicabili nel territorio spagnolo. In caso di controversia, le parti possono sottoporre le loro controversie all&#8217;arbitrato o recarsi nella giurisdizione ordinaria, rispettando le regole in materia di giurisdizione e competenza a tale riguardo. <a href=\"http:\/\/autocaravanascamperdadi.com\/it\/\">http:\/\/autocaravanascamperdadi.com\/it\/<\/a> &nbsp;ha il suo indirizzo fisico a Mil\u00e1n, Italia.<\/p>\n\t\t<\/div>\n\t\t\t\t\t<\/div>\n\n\t\n<\/div>\n","protected":false},"excerpt":{"rendered":"","protected":false},"author":4,"featured_media":0,"parent":0,"menu_order":0,"comment_status":"closed","ping_status":"closed","template":"page-blank.php","meta":{"footnotes":""},"class_list":["post-3918","page","type-page","status-publish","hentry"],"yoast_head":"<!-- This site is optimized with the Yoast SEO plugin v27.4 - https:\/\/yoast.com\/product\/yoast-seo-wordpress\/ -->\n<title>Av\u00edso legal - Camperdadi<\/title>\n<meta name=\"robots\" content=\"index, follow, max-snippet:-1, max-image-preview:large, max-video-preview:-1\" \/>\n<link rel=\"canonical\" href=\"https:\/\/autocaravanascamperdadi.com\/it\/nota-legale\/\" \/>\n<meta property=\"og:locale\" content=\"it_IT\" \/>\n<meta property=\"og:type\" content=\"article\" \/>\n<meta property=\"og:title\" content=\"Av\u00edso legal - Camperdadi\" \/>\n<meta property=\"og:url\" content=\"https:\/\/autocaravanascamperdadi.com\/it\/nota-legale\/\" \/>\n<meta property=\"og:site_name\" content=\"Camperdadi\" \/>\n<meta property=\"article:publisher\" content=\"https:\/\/es-es.facebook.com\/camperdadi\/\" \/>\n<meta property=\"article:modified_time\" content=\"2023-02-09T10:17:16+00:00\" \/>\n<meta property=\"og:image\" content=\"https:\/\/autocaravanascamperdadi.com\/wp-content\/uploads\/2024\/09\/30725337_2008095519453542_2182825795712450560_o-600x600-1.jpg\" \/>\n\t<meta property=\"og:image:width\" content=\"600\" \/>\n\t<meta property=\"og:image:height\" content=\"600\" \/>\n\t<meta property=\"og:image:type\" content=\"image\/jpeg\" \/>\n<meta name=\"twitter:card\" content=\"summary_large_image\" \/>\n<meta name=\"twitter:site\" content=\"@camperdadi\" \/>\n<meta name=\"twitter:label1\" content=\"Tempo di lettura stimato\" \/>\n\t<meta name=\"twitter:data1\" content=\"6 minuti\" \/>\n<script type=\"application\/ld+json\" class=\"yoast-schema-graph\">{\"@context\":\"https:\\\/\\\/schema.org\",\"@graph\":[{\"@type\":\"WebPage\",\"@id\":\"https:\\\/\\\/autocaravanascamperdadi.com\\\/it\\\/nota-legale\\\/\",\"url\":\"https:\\\/\\\/autocaravanascamperdadi.com\\\/it\\\/nota-legale\\\/\",\"name\":\"Av\u00edso legal - Camperdadi\",\"isPartOf\":{\"@id\":\"https:\\\/\\\/autocaravanascamperdadi.com\\\/en\\\/#website\"},\"datePublished\":\"2017-09-21T15:05:06+00:00\",\"dateModified\":\"2023-02-09T10:17:16+00:00\",\"breadcrumb\":{\"@id\":\"https:\\\/\\\/autocaravanascamperdadi.com\\\/it\\\/nota-legale\\\/#breadcrumb\"},\"inLanguage\":\"it-IT\",\"potentialAction\":[{\"@type\":\"ReadAction\",\"target\":[\"https:\\\/\\\/autocaravanascamperdadi.com\\\/it\\\/nota-legale\\\/\"]}]},{\"@type\":\"BreadcrumbList\",\"@id\":\"https:\\\/\\\/autocaravanascamperdadi.com\\\/it\\\/nota-legale\\\/#breadcrumb\",\"itemListElement\":[{\"@type\":\"ListItem\",\"position\":1,\"name\":\"Portada\",\"item\":\"https:\\\/\\\/autocaravanascamperdadi.com\\\/it\\\/\"},{\"@type\":\"ListItem\",\"position\":2,\"name\":\"Av\u00edso legal\"}]},{\"@type\":\"WebSite\",\"@id\":\"https:\\\/\\\/autocaravanascamperdadi.com\\\/en\\\/#website\",\"url\":\"https:\\\/\\\/autocaravanascamperdadi.com\\\/en\\\/\",\"name\":\"Autocaravanas Camperdadi\",\"description\":\"Alquiler de autocaravanas y caravanas\",\"potentialAction\":[{\"@type\":\"SearchAction\",\"target\":{\"@type\":\"EntryPoint\",\"urlTemplate\":\"https:\\\/\\\/autocaravanascamperdadi.com\\\/en\\\/?s={search_term_string}\"},\"query-input\":{\"@type\":\"PropertyValueSpecification\",\"valueRequired\":true,\"valueName\":\"search_term_string\"}}],\"inLanguage\":\"it-IT\"}]}<\/script>\n<!-- \/ Yoast SEO plugin. -->","yoast_head_json":{"title":"Av\u00edso legal - Camperdadi","robots":{"index":"index","follow":"follow","max-snippet":"max-snippet:-1","max-image-preview":"max-image-preview:large","max-video-preview":"max-video-preview:-1"},"canonical":"https:\/\/autocaravanascamperdadi.com\/it\/nota-legale\/","og_locale":"it_IT","og_type":"article","og_title":"Av\u00edso legal - Camperdadi","og_url":"https:\/\/autocaravanascamperdadi.com\/it\/nota-legale\/","og_site_name":"Camperdadi","article_publisher":"https:\/\/es-es.facebook.com\/camperdadi\/","article_modified_time":"2023-02-09T10:17:16+00:00","og_image":[{"width":600,"height":600,"url":"https:\/\/autocaravanascamperdadi.com\/wp-content\/uploads\/2024\/09\/30725337_2008095519453542_2182825795712450560_o-600x600-1.jpg","type":"image\/jpeg"}],"twitter_card":"summary_large_image","twitter_site":"@camperdadi","twitter_misc":{"Tempo di lettura stimato":"6 minuti"},"schema":{"@context":"https:\/\/schema.org","@graph":[{"@type":"WebPage","@id":"https:\/\/autocaravanascamperdadi.com\/it\/nota-legale\/","url":"https:\/\/autocaravanascamperdadi.com\/it\/nota-legale\/","name":"Av\u00edso legal - Camperdadi","isPartOf":{"@id":"https:\/\/autocaravanascamperdadi.com\/en\/#website"},"datePublished":"2017-09-21T15:05:06+00:00","dateModified":"2023-02-09T10:17:16+00:00","breadcrumb":{"@id":"https:\/\/autocaravanascamperdadi.com\/it\/nota-legale\/#breadcrumb"},"inLanguage":"it-IT","potentialAction":[{"@type":"ReadAction","target":["https:\/\/autocaravanascamperdadi.com\/it\/nota-legale\/"]}]},{"@type":"BreadcrumbList","@id":"https:\/\/autocaravanascamperdadi.com\/it\/nota-legale\/#breadcrumb","itemListElement":[{"@type":"ListItem","position":1,"name":"Portada","item":"https:\/\/autocaravanascamperdadi.com\/it\/"},{"@type":"ListItem","position":2,"name":"Av\u00edso legal"}]},{"@type":"WebSite","@id":"https:\/\/autocaravanascamperdadi.com\/en\/#website","url":"https:\/\/autocaravanascamperdadi.com\/en\/","name":"Autocaravanas Camperdadi","description":"Alquiler de autocaravanas y caravanas","potentialAction":[{"@type":"SearchAction","target":{"@type":"EntryPoint","urlTemplate":"https:\/\/autocaravanascamperdadi.com\/en\/?s={search_term_string}"},"query-input":{"@type":"PropertyValueSpecification","valueRequired":true,"valueName":"search_term_string"}}],"inLanguage":"it-IT"}]}},"_links":{"self":[{"href":"https:\/\/autocaravanascamperdadi.com\/it\/wp-json\/wp\/v2\/pages\/3918","targetHints":{"allow":["GET"]}}],"collection":[{"href":"https:\/\/autocaravanascamperdadi.com\/it\/wp-json\/wp\/v2\/pages"}],"about":[{"href":"https:\/\/autocaravanascamperdadi.com\/it\/wp-json\/wp\/v2\/types\/page"}],"author":[{"embeddable":true,"href":"https:\/\/autocaravanascamperdadi.com\/it\/wp-json\/wp\/v2\/users\/4"}],"replies":[{"embeddable":true,"href":"https:\/\/autocaravanascamperdadi.com\/it\/wp-json\/wp\/v2\/comments?post=3918"}],"version-history":[{"count":0,"href":"https:\/\/autocaravanascamperdadi.com\/it\/wp-json\/wp\/v2\/pages\/3918\/revisions"}],"wp:attachment":[{"href":"https:\/\/autocaravanascamperdadi.com\/it\/wp-json\/wp\/v2\/media?parent=3918"}],"curies":[{"name":"wp","href":"https:\/\/api.w.org\/{rel}","templated":true}]}}