{"id":3928,"date":"2018-06-01T17:54:26","date_gmt":"2018-06-01T17:54:26","guid":{"rendered":"http:\/\/autocaravanascamperdadi.com\/privacidad-de-proteccion-de-datos\/"},"modified":"2025-12-22T12:45:46","modified_gmt":"2025-12-22T12:45:46","slug":"privacidad-de-proteccion-de-datos","status":"publish","type":"page","link":"https:\/\/autocaravanascamperdadi.com\/it\/privacidad-de-proteccion-de-datos\/","title":{"rendered":"Po\u00edtica de privacidad de protecci\u00f3n de datos"},"content":{"rendered":"\n\n  <div class=\"banner has-hover has-parallax\" id=\"banner-1955193359\">\n          <div class=\"banner-inner fill\">\n        <div class=\"banner-bg fill\" data-parallax=\"-3\" data-parallax-container=\".banner\" data-parallax-background>\n            <img loading=\"lazy\" decoding=\"async\" width=\"800\" height=\"534\" src=\"https:\/\/autocaravanascamperdadi.com\/wp-content\/uploads\/2017\/08\/slide1.jpg\" class=\"bg attachment-large size-large\" alt=\"\" \/>                        <div class=\"overlay\"><\/div>            \n                    <\/div>\n\t\t\n        <div class=\"banner-layers container\">\n            <div class=\"fill banner-link\"><\/div>            \n\n   <div id=\"text-box-1290182772\" class=\"text-box banner-layer x50 md-x50 lg-x50 y50 md-y50 lg-y50 res-text\">\n                                <div class=\"text-box-content text dark\">\n              \n              <div class=\"text-inner text-center\">\n                  \n<h1>POL\u00cdTICA DE PRIVACIDAD<\/h1>\n              <\/div>\n           <\/div>\n                            \n<style>\n#text-box-1290182772 {\n  width: 60%;\n}\n#text-box-1290182772 .text-box-content {\n  font-size: 100%;\n}\n<\/style>\n    <\/div>\n \n\n        <\/div>\n      <\/div>\n\n            \n<style>\n#banner-1955193359 {\n  padding-top: 300px;\n}\n#banner-1955193359 .overlay {\n  background-color: rgba(0, 0, 0, 0.49);\n}\n#banner-1955193359 .banner-bg img {\n  object-position: 0%100%;\n}\n<\/style>\n  <\/div>\n\n\n<div class=\"row\"  id=\"row-701869889\">\n\n\n\t<div id=\"col-1435077289\" class=\"col small-12 large-12\"  >\n\t\t\t\t<div class=\"col-inner\"  >\n\t\t\t\n\t\t\t\n\nLa presente pol\u00edtica de privacidad est\u00e1 establecida conforme a lo dispuesto en la normativa vigente en materia de Protecci\u00f3n de Datos de Car\u00e1cter Personal.\n<ol>\n \t<li><strong>Finalidad de los datos recabados, legitimaci\u00f3n y consentimiento al tratamiento.<\/strong>La presente pol\u00edtica de privacidad est\u00e1 establecida conforme a lo dispuesto en la normativa vigente en materia de Protecci\u00f3n de Datos de Car\u00e1cter Personal.Se informa al usuario que junto con la aceptaci\u00f3n de esta Pol\u00edtica de Privacidad en los formularios de registro de la web http:\/\/autocaravanascamperdadi.com\/ \u00a0y\/o mediante la relaci\u00f3n contractual establecida entre el usuario y DADIJO CARS, SL en adelante CAMPERDADI, se recaban datos que se almacenan en un fichero, con la exclusiva finalidad de env\u00edo de comunicaciones electr\u00f3nicas, tales como boletines, ofertas comerciales, as\u00ed como otras comunicaciones que CAMPERDADI entiende interesantes para sus usuarios. Los campos marcados como de cumplimentaci\u00f3n obligatoria son imprescindibles para realizar la finalidad expresada. \u00danicamente el titular tendr\u00e1 acceso a sus datos y bajo ning\u00fan concepto, estos datos ser\u00e1n cedidos, compartidos, transferidos ni vendidos a ning\u00fan tercero, salvo obligaci\u00f3n legal. Igualmente, no se realizar\u00e1n transferencias de datos a terceros pa\u00edses.Los datos recabados ser\u00e1n conservados durante el plazo estrictamente necesario para cumplir con los preceptos mencionados con anterioridad.\n\nMientras no nos comunique lo contrario, entenderemos que sus datos no han sido modificados, que usted se compromete a notificarnos cualquier variaci\u00f3n y que tenemos su consentimiento para utilizarlos para las finalidades mencionadas.\n<ol start=\"2\">\n \t<li><strong>Medidas de seguridad<\/strong><\/li>\n<\/ol>\nCAMPERDADI le informa que tiene implantadas las medidas de seguridad de \u00edndole t\u00e9cnica y organizativa necesarias para garantizar la seguridad de sus datos de car\u00e1cter personal y evitar su alteraci\u00f3n, p\u00e9rdida y tratamiento y\/o acceso no autorizado, habida cuenta del estado de la tecnolog\u00eda, la naturaleza de los datos almacenados y los riesgos a que est\u00e1n expuestos, ya provengan de la acci\u00f3n humana o del medio f\u00edsico o natural.\n<ol start=\"3\">\n \t<li><strong>Derechos del usuario.<\/strong><\/li>\n<\/ol>\nEl usuario puede dirigir una comunicaci\u00f3n por escrito a CAMPERDADI, con domicilio en C\/ Agust\u00edn Calvo 51, local 4 cp 28043 Madrid , incluyendo una fotocopia de su DNI u otro documento identificativo similar, para ejercitar sus derechos, que son los siguientes:\n<ul>\n \t<li>Derecho a solicitar el acceso a los datos personales: usted podr\u00e1 preguntar a CAMPERDADI si esta empresa est\u00e1 tratando sus datos.<\/li>\n \t<li>Derecho a solicitar su rectificaci\u00f3n (en caso de que sean incorrectos) o supresi\u00f3n.<\/li>\n \t<li>Derecho a solicitar la limitaci\u00f3n de su tratamiento, en cuyo caso \u00fanicamente ser\u00e1n conservados por CAMPERDADI para el ejercicio o la defensa de reclamaciones.<\/li>\n \t<li>Derecho a oponerse al tratamiento: CAMPERDADI dejar\u00e1 de tratar los datos en la forma que usted indique, salvo que por motivos leg\u00edtimos imperiosos o el ejercicio o la defensa de posibles reclamaciones, se tenga que seguir tratando.<\/li>\n \t<li>Derecho a la portabilidad de los datos: en caso de que quiera que sus datos sean tratados por otra firma, CAMPERDADI le facilitar\u00e1 la portabilidad de sus datos al nuevo responsable.<\/li>\n<\/ul>\nPosibilidad de retirar el consentimiento: en el caso de que se haya otorgado el consentimiento para alguna finalidad espec\u00edfica, usted tiene derecho a retirar el consentimiento en cualquier momento, sin que ello afecte a la solicitud del tratamiento basado en el consentimiento previo a su retirada.\n\nC\u00f3mo reclamar ante la Autoridad de Control: En caso de que sienta vulnerados sus derechos en lo concerniente a la protecci\u00f3n de sus datos personales, especialmente cuando no haya obtenido satisfacci\u00f3n en el ejercicio de sus derechos, puede presentar una reclamaci\u00f3n ante la Autoridad de Control en materia de Protecci\u00f3n de Datos competente a trav\u00e9s de su sitio web: www.agpd.es\n<ol start=\"4\">\n \t<li><strong>Aceptaci\u00f3n y Consentimiento<\/strong><\/li>\n<\/ol>\nEl usuario declara haber sido informado de las condiciones sobre protecci\u00f3n de datos de car\u00e1cter personal, aceptando y consintiendo el tratamiento de los mismos por parte de CAMPERDADI, en la forma y para las finalidades indicadas en la presente Pol\u00edtica de Privacidad.\n<ol start=\"5\">\n \t<li><strong>Modificaci\u00f3n de la Pol\u00edtica de Privacidad<\/strong><\/li>\n<\/ol>\nCAMPERDADI se reserva el derecho a modificar su Pol\u00edtica de Privacidad, de acuerdo a su propio criterio, motivado por un cambio legislativo, jurisprudencial o doctrinal de la Agencia Espa\u00f1ola de Protecci\u00f3n de Datos. El uso de la web despu\u00e9s de dichos cambios, implicar\u00e1 la aceptaci\u00f3n de los mismos.<\/li>\n<\/ol>\n\t\t<\/div>\n\t\t\t\t\t<\/div>\n\n\t\n\n<\/div>\n","protected":false},"excerpt":{"rendered":"","protected":false},"author":4,"featured_media":0,"parent":0,"menu_order":0,"comment_status":"closed","ping_status":"closed","template":"","meta":{"footnotes":""},"class_list":["post-3928","page","type-page","status-publish","hentry"],"yoast_head":"<!-- This site is optimized with the Yoast SEO plugin v27.4 - https:\/\/yoast.com\/product\/yoast-seo-wordpress\/ -->\n<title>Po\u00edtica de privacidad de protecci\u00f3n de datos - Camperdadi<\/title>\n<meta name=\"robots\" content=\"index, follow, max-snippet:-1, max-image-preview:large, max-video-preview:-1\" \/>\n<link rel=\"canonical\" href=\"https:\/\/autocaravanascamperdadi.com\/it\/privacidad-de-proteccion-de-datos\/\" \/>\n<meta property=\"og:locale\" content=\"it_IT\" \/>\n<meta property=\"og:type\" content=\"article\" \/>\n<meta property=\"og:title\" content=\"Po\u00edtica de privacidad de protecci\u00f3n de datos - Camperdadi\" \/>\n<meta property=\"og:url\" content=\"https:\/\/autocaravanascamperdadi.com\/it\/privacidad-de-proteccion-de-datos\/\" \/>\n<meta property=\"og:site_name\" content=\"Camperdadi\" \/>\n<meta property=\"article:publisher\" content=\"https:\/\/es-es.facebook.com\/camperdadi\/\" \/>\n<meta property=\"article:modified_time\" content=\"2025-12-22T12:45:46+00:00\" \/>\n<meta property=\"og:image\" content=\"https:\/\/autocaravanascamperdadi.com\/wp-content\/uploads\/2024\/09\/30725337_2008095519453542_2182825795712450560_o-600x600-1.jpg\" \/>\n\t<meta property=\"og:image:width\" content=\"600\" \/>\n\t<meta property=\"og:image:height\" content=\"600\" \/>\n\t<meta property=\"og:image:type\" content=\"image\/jpeg\" \/>\n<meta name=\"twitter:card\" content=\"summary_large_image\" \/>\n<meta name=\"twitter:site\" content=\"@camperdadi\" \/>\n<meta name=\"twitter:label1\" content=\"Tempo di lettura stimato\" \/>\n\t<meta name=\"twitter:data1\" content=\"4 minuti\" \/>\n<script type=\"application\/ld+json\" class=\"yoast-schema-graph\">{\"@context\":\"https:\\\/\\\/schema.org\",\"@graph\":[{\"@type\":\"WebPage\",\"@id\":\"https:\\\/\\\/autocaravanascamperdadi.com\\\/it\\\/privacidad-de-proteccion-de-datos\\\/\",\"url\":\"https:\\\/\\\/autocaravanascamperdadi.com\\\/it\\\/privacidad-de-proteccion-de-datos\\\/\",\"name\":\"Po\u00edtica de privacidad de protecci\u00f3n de datos - Camperdadi\",\"isPartOf\":{\"@id\":\"https:\\\/\\\/autocaravanascamperdadi.com\\\/en\\\/#website\"},\"datePublished\":\"2018-06-01T17:54:26+00:00\",\"dateModified\":\"2025-12-22T12:45:46+00:00\",\"breadcrumb\":{\"@id\":\"https:\\\/\\\/autocaravanascamperdadi.com\\\/it\\\/privacidad-de-proteccion-de-datos\\\/#breadcrumb\"},\"inLanguage\":\"it-IT\",\"potentialAction\":[{\"@type\":\"ReadAction\",\"target\":[\"https:\\\/\\\/autocaravanascamperdadi.com\\\/it\\\/privacidad-de-proteccion-de-datos\\\/\"]}]},{\"@type\":\"BreadcrumbList\",\"@id\":\"https:\\\/\\\/autocaravanascamperdadi.com\\\/it\\\/privacidad-de-proteccion-de-datos\\\/#breadcrumb\",\"itemListElement\":[{\"@type\":\"ListItem\",\"position\":1,\"name\":\"Portada\",\"item\":\"https:\\\/\\\/autocaravanascamperdadi.com\\\/it\\\/\"},{\"@type\":\"ListItem\",\"position\":2,\"name\":\"Po\u00edtica de privacidad de protecci\u00f3n de datos\"}]},{\"@type\":\"WebSite\",\"@id\":\"https:\\\/\\\/autocaravanascamperdadi.com\\\/en\\\/#website\",\"url\":\"https:\\\/\\\/autocaravanascamperdadi.com\\\/en\\\/\",\"name\":\"Autocaravanas Camperdadi\",\"description\":\"Alquiler de autocaravanas y caravanas\",\"potentialAction\":[{\"@type\":\"SearchAction\",\"target\":{\"@type\":\"EntryPoint\",\"urlTemplate\":\"https:\\\/\\\/autocaravanascamperdadi.com\\\/en\\\/?s={search_term_string}\"},\"query-input\":{\"@type\":\"PropertyValueSpecification\",\"valueRequired\":true,\"valueName\":\"search_term_string\"}}],\"inLanguage\":\"it-IT\"}]}<\/script>\n<!-- \/ Yoast SEO plugin. -->","yoast_head_json":{"title":"Po\u00edtica de privacidad de protecci\u00f3n de datos - Camperdadi","robots":{"index":"index","follow":"follow","max-snippet":"max-snippet:-1","max-image-preview":"max-image-preview:large","max-video-preview":"max-video-preview:-1"},"canonical":"https:\/\/autocaravanascamperdadi.com\/it\/privacidad-de-proteccion-de-datos\/","og_locale":"it_IT","og_type":"article","og_title":"Po\u00edtica de privacidad de protecci\u00f3n de datos - Camperdadi","og_url":"https:\/\/autocaravanascamperdadi.com\/it\/privacidad-de-proteccion-de-datos\/","og_site_name":"Camperdadi","article_publisher":"https:\/\/es-es.facebook.com\/camperdadi\/","article_modified_time":"2025-12-22T12:45:46+00:00","og_image":[{"width":600,"height":600,"url":"https:\/\/autocaravanascamperdadi.com\/wp-content\/uploads\/2024\/09\/30725337_2008095519453542_2182825795712450560_o-600x600-1.jpg","type":"image\/jpeg"}],"twitter_card":"summary_large_image","twitter_site":"@camperdadi","twitter_misc":{"Tempo di lettura stimato":"4 minuti"},"schema":{"@context":"https:\/\/schema.org","@graph":[{"@type":"WebPage","@id":"https:\/\/autocaravanascamperdadi.com\/it\/privacidad-de-proteccion-de-datos\/","url":"https:\/\/autocaravanascamperdadi.com\/it\/privacidad-de-proteccion-de-datos\/","name":"Po\u00edtica de privacidad de protecci\u00f3n de datos - Camperdadi","isPartOf":{"@id":"https:\/\/autocaravanascamperdadi.com\/en\/#website"},"datePublished":"2018-06-01T17:54:26+00:00","dateModified":"2025-12-22T12:45:46+00:00","breadcrumb":{"@id":"https:\/\/autocaravanascamperdadi.com\/it\/privacidad-de-proteccion-de-datos\/#breadcrumb"},"inLanguage":"it-IT","potentialAction":[{"@type":"ReadAction","target":["https:\/\/autocaravanascamperdadi.com\/it\/privacidad-de-proteccion-de-datos\/"]}]},{"@type":"BreadcrumbList","@id":"https:\/\/autocaravanascamperdadi.com\/it\/privacidad-de-proteccion-de-datos\/#breadcrumb","itemListElement":[{"@type":"ListItem","position":1,"name":"Portada","item":"https:\/\/autocaravanascamperdadi.com\/it\/"},{"@type":"ListItem","position":2,"name":"Po\u00edtica de privacidad de protecci\u00f3n de datos"}]},{"@type":"WebSite","@id":"https:\/\/autocaravanascamperdadi.com\/en\/#website","url":"https:\/\/autocaravanascamperdadi.com\/en\/","name":"Autocaravanas Camperdadi","description":"Alquiler de autocaravanas y caravanas","potentialAction":[{"@type":"SearchAction","target":{"@type":"EntryPoint","urlTemplate":"https:\/\/autocaravanascamperdadi.com\/en\/?s={search_term_string}"},"query-input":{"@type":"PropertyValueSpecification","valueRequired":true,"valueName":"search_term_string"}}],"inLanguage":"it-IT"}]}},"_links":{"self":[{"href":"https:\/\/autocaravanascamperdadi.com\/it\/wp-json\/wp\/v2\/pages\/3928","targetHints":{"allow":["GET"]}}],"collection":[{"href":"https:\/\/autocaravanascamperdadi.com\/it\/wp-json\/wp\/v2\/pages"}],"about":[{"href":"https:\/\/autocaravanascamperdadi.com\/it\/wp-json\/wp\/v2\/types\/page"}],"author":[{"embeddable":true,"href":"https:\/\/autocaravanascamperdadi.com\/it\/wp-json\/wp\/v2\/users\/4"}],"replies":[{"embeddable":true,"href":"https:\/\/autocaravanascamperdadi.com\/it\/wp-json\/wp\/v2\/comments?post=3928"}],"version-history":[{"count":1,"href":"https:\/\/autocaravanascamperdadi.com\/it\/wp-json\/wp\/v2\/pages\/3928\/revisions"}],"predecessor-version":[{"id":21885,"href":"https:\/\/autocaravanascamperdadi.com\/it\/wp-json\/wp\/v2\/pages\/3928\/revisions\/21885"}],"wp:attachment":[{"href":"https:\/\/autocaravanascamperdadi.com\/it\/wp-json\/wp\/v2\/media?parent=3928"}],"curies":[{"name":"wp","href":"https:\/\/api.w.org\/{rel}","templated":true}]}}