{"id":3944,"date":"2018-06-01T17:44:21","date_gmt":"2018-06-01T17:44:21","guid":{"rendered":"http:\/\/autocaravanascamperdadi.com\/politica-de-privacidad-en-redes-sociales\/"},"modified":"2024-10-17T09:28:34","modified_gmt":"2024-10-17T09:28:34","slug":"sulla-privacity-social","status":"publish","type":"page","link":"https:\/\/autocaravanascamperdadi.com\/it\/sulla-privacity-social\/","title":{"rendered":"INFORMATIVA SULLA PRIVACY SOCIAL NETWORK"},"content":{"rendered":"\n  <div class=\"banner has-hover has-parallax\" id=\"banner-143392647\">\n          <div class=\"banner-inner fill\">\n        <div class=\"banner-bg fill\" data-parallax=\"-3\" data-parallax-container=\".banner\" data-parallax-background>\n            <img loading=\"lazy\" decoding=\"async\" width=\"800\" height=\"534\" src=\"https:\/\/autocaravanascamperdadi.com\/wp-content\/uploads\/2017\/08\/slide1.jpg\" class=\"bg attachment-large size-large\" alt=\"\" \/>                        <div class=\"overlay\"><\/div>            \n                    <\/div>\n\t\t\n        <div class=\"banner-layers container\">\n            <div class=\"fill banner-link\"><\/div>            \n   <div id=\"text-box-2028950223\" class=\"text-box banner-layer x50 md-x50 lg-x50 y50 md-y50 lg-y50 res-text\">\n                                <div class=\"text-box-content text dark\">\n              \n              <div class=\"text-inner text-center\">\n                  \n<h1>INFORMATIVA SULLA PRIVACY SOCIAL NETWORK<\/h1>\n              <\/div>\n           <\/div>\n                            \n<style>\n#text-box-2028950223 {\n  width: 60%;\n}\n#text-box-2028950223 .text-box-content {\n  font-size: 100%;\n}\n<\/style>\n    <\/div>\n \n        <\/div>\n      <\/div>\n\n            \n<style>\n#banner-143392647 {\n  padding-top: 300px;\n}\n#banner-143392647 .overlay {\n  background-color: rgba(0, 0, 0, 0.49);\n}\n#banner-143392647 .banner-bg img {\n  object-position: 0%100%;\n}\n<\/style>\n  <\/div>\n\n\n<div class=\"row\"  id=\"row-481903687\">\n\n\t<div id=\"col-1563979537\" class=\"col small-12 large-12\"  >\n\t\t\t\t<div class=\"col-inner\"  >\n\t\t\t\n\t\t\t\n<ol>\n<li>Introduzione<\/li>\n<li style=\"list-style-type: none;\">\n<ol>\n<li style=\"list-style-type: none;\">In conformit\u00e0 con le disposizioni della legislazione vigente in materia di Protezione dei Dati di Carattere Personale (RGPD) e la Legge 3\/2018, dell&#8217;5 dicembre, sui Servizi della Societ\u00e0 dell&#8217;Informazione e del Commercio Elettronico (LSSI-CE), <a href=\"http:\/\/autocaravanascamperdadi.com\/it\/\">http:\/\/autocaravanascamperdadi.com\/it\/<\/a> informa gli utenti, che ha proceduto a creare un profilo sui Social Network Facebook, Twitter, Youtube con lo scopo principale di pubblicizzare i suoi prodotti e servizi.Dadijo Cars, SLC\/ Agust\u00edn Calvo 51, local 4,Madrid, 28043, Espa\u00f1ae-mail: info@autocaravanascamperdadi.com\n<p>Dominio Web: <a href=\"http:\/\/autocaravanascamperdadi.com\/it\/\">http:\/\/autocaravanascamperdadi.com\/it\/<\/a><\/p>\n<p>L&#8217;utente ha un profilo nello stesso Social Network e ha deciso di aderire alla pagina creata da <a href=\"http:\/\/autocaravanascamperdadi.com\/it\/\">http:\/\/autocaravanascamperdadi.com\/it\/<\/a> , mostrando cos\u00ec l&#8217;interesse per le informazioni pubblicizzate nella Rete. L&#8217;utente, iscrivendosi alla nostra pagina, fornisce il suo consenso per il trattamento dei dati personali pubblicati nel suo profilo.<\/p>\n<p>L&#8217;utente pu\u00f2 accedere alle informative sulla privacy del Social Network in qualsiasi momento, nonch\u00e9 configurare il proprio profilo per garantire la propria privacy.<\/p>\n<p><a href=\"http:\/\/autocaravanascamperdadi.com\/it\/\">http:\/\/autocaravanascamperdadi.com\/it\/<\/a> accede e tratta informazioni pubbliche dell&#8217;utente, in particolare il suo nome di contatto. Questi dati vengono utilizzati solo all&#8217;interno della stessa rete sociale. Non sono incorporati in nessun file.<\/p>\n<p>In relazione ai diritti di accesso, rettifica, cancellazione e opposizione, che ha e pu\u00f2 esercitare su <a href=\"http:\/\/autocaravanascamperdadi.com\/it\/\">http:\/\/autocaravanascamperdadi.com\/it\/<\/a> , secondo l&#8217;RGPD, deve tenere conto delle seguenti sfumature:<\/p>\n<p>&#8211;\u00a0\u00a0\u00a0\u00a0\u00a0\u00a0\u00a0\u00a0\u00a0\u00a0\u00a0\u00a0\u00a0 Accesso: Sar\u00e0 definito dalla funzionalit\u00e0 del Social Network e dalla possibilit\u00e0 di accedere alle informazioni del profilo dell&#8217;utente.<\/p>\n<p>&#8211;\u00a0\u00a0\u00a0\u00a0\u00a0\u00a0\u00a0\u00a0\u00a0\u00a0\u00a0\u00a0\u00a0 Rettifica: pu\u00f2 essere soddisfatta solo in relazione a quelle informazioni che sono sotto il controllo di <a href=\"http:\/\/autocaravanascamperdadi.com\/it\/\">http:\/\/autocaravanascamperdadi.com\/it\/<\/a> , ad esempio, eliminare i commenti pubblicati sulla pagina stessa. Normalmente, questo diritto deve essere esercitato nei confronti del Social Network.<\/p>\n<p>&#8211;\u00a0\u00a0\u00a0\u00a0\u00a0\u00a0\u00a0\u00a0\u00a0\u00a0\u00a0\u00a0\u00a0 Cancellazione e\/o Opposizione: come nel caso precedente, pu\u00f2 essere soddisfatta solo in relazione a quelle informazioni che sono sotto il controllo di <a href=\"http:\/\/autocaravanascamperdadi.com\/it\/\">http:\/\/autocaravanascamperdadi.com\/it\/<\/a>, ad esempio, non pi\u00f9 collegate al profilo.<\/p>\n<p><a href=\"http:\/\/autocaravanascamperdadi.com\/it\/\">http:\/\/autocaravanascamperdadi.com\/it\/<\/a>eseguir\u00e0 le seguenti azioni:<\/p>\n<p>&#8211;\u00a0\u00a0\u00a0\u00a0\u00a0\u00a0\u00a0\u00a0\u00a0\u00a0\u00a0\u00a0\u00a0 Accesso alle informazioni pubbliche del profilo.<\/p>\n<p>&#8211;\u00a0\u00a0\u00a0\u00a0\u00a0\u00a0\u00a0\u00a0\u00a0\u00a0\u00a0\u00a0\u00a0 Pubblicazione nel profilo dell&#8217;utente di tutte le informazioni gi\u00e0 pubblicate sulla pagina <a href=\"http:\/\/autocaravanascamperdadi.com\/it\/\">http:\/\/autocaravanascamperdadi.com\/it\/<\/a><\/p>\n<p>&#8211;\u00a0\u00a0\u00a0\u00a0\u00a0\u00a0\u00a0\u00a0\u00a0\u00a0\u00a0\u00a0\u00a0 Inviare messaggi personali e individuali attraverso i canali del Social Network. Aggiornamenti sullo stato della pagina che verranno pubblicati nel profilo dell&#8217;utente.<\/p>\n<p>L&#8217;utente pu\u00f2 sempre controllare le proprie connessioni, rimuovere il contenuto che non le interessa pi\u00f9 e limitare chi condivide le proprie connessioni, per questo devono accedere alle proprie impostazioni sulla privacy.<\/p>\n<ol start=\"2\">\n<li>Pubblicazioni<\/li>\n<\/ol>\n<p>L&#8217;utente, una volta collegato alla pagina di <a href=\"http:\/\/autocaravanascamperdadi.com\/it\/\">http:\/\/autocaravanascamperdadi.com\/it\/<\/a> , pu\u00f2 pubblicare, in quest&#8217;ultima, commenti, collegamenti, immagini o fotografie o qualsiasi altro tipo di contenuto multimediale supportato dal Social Network. L&#8217;utente, in ogni caso, deve essere il proprietario degli stessi, godere dei diritti di copyright e di propriet\u00e0 intellettuale o avere il consenso delle terze parti interessate. \u00c8 espressamente vietata qualsiasi pubblicazione sulla pagina, che si tratti di testi, grafica, fotografie, video, ecc. che minacci o vada contro la moralit\u00e0, l&#8217;etica, il buon gusto o il decoro, e\/o che violino, infrangano o trasgrediscano i diritti di propriet\u00e0 intellettuale o industriale, il diritto all&#8217;immagine o al Legge. <a href=\"http:\/\/autocaravanascamperdadi.com\/it\/\">http:\/\/autocaravanascamperdadi.com\/it\/<\/a> si riserva il diritto di ritirare immediatamente il contenuto, potendo richiedere il blocco permanente dell&#8217;utente.<\/p>\n<p><a href=\"http:\/\/autocaravanascamperdadi.com\/it\/\">http:\/\/autocaravanascamperdadi.com\/it\/<\/a> non sar\u00e0 responsabile per i contenuti che un utente ha liberamente pubblicato.<\/p>\n<p>L&#8217;utente deve tenere presente che le sue pubblicazioni saranno conosciute dagli altri utenti, quindi \u00e8 lui stesso il principale responsabile della sua privacy.<\/p>\n<p>Le immagini che possono essere pubblicate sulla pagina non saranno archiviate in nessun file da <a href=\"http:\/\/autocaravanascamperdadi.com\/it\/\">http:\/\/autocaravanascamperdadi.com\/it\/<\/a>, ma rimarranno nel Social Network.<\/p>\n<ol>\n<li>Concorsi e promozioni<\/li>\n<\/ol>\n<p><a href=\"http:\/\/autocaravanascamperdadi.com\/it\/\">http:\/\/autocaravanascamperdadi.com\/it\/<\/a> si riserva il diritto di tenere concorsi e promozioni, a cui l&#8217;utente collegato alla sua pagina pu\u00f2 partecipare. Le basi di ognuna di esse, quando verr\u00e0 utilizzata la piattaforma del Social Network, saranno pubblicate al suo interno. Saranno sempre conformi alla LSSI-CE e a qualsiasi altro standard ad esso applicabile.<\/p>\n<p>Il Social Network non sponsorizza, promuove o amministra, in alcun modo, nessuna delle nostre promozioni, n\u00e9 \u00e8 associato ad alcuna di esse.<\/p>\n<ol>\n<li>Pubblicit\u00e0<\/li>\n<\/ol>\n<p><a href=\"http:\/\/autocaravanascamperdadi.com\/it\/\">http:\/\/autocaravanascamperdadi.com\/it\/<\/a> utilizzer\u00e0 il Social Network per pubblicizzare i suoi prodotti e servizi, in ogni caso, se decide di trattare i suoi dati di contatto per eseguire azioni di prospezione commerciale diretta, sar\u00e0 sempre in conformit\u00e0 con i requisiti legali della RGPD e della LSSI- CE.<\/p>\n<p>Il fatto di raccomandare ad altri utenti la pagina di <a href=\"http:\/\/autocaravanascamperdadi.com\/it\/\">http:\/\/autocaravanascamperdadi.com\/it\/<\/a> in maniera che anche gli altri utenti possano godere delle promozioni o essere informati della sua attivit\u00e0, non sar\u00e0 considerata come un&#8217;azione pubblicitaria.<\/p>\n<p>Di seguito riportiamo in dettaglio i link delle informative sulla privacy dei Social Network:<\/p>\n<p>Facebook: https:\/\/www.facebook.com\/help\/323540651073243\/<\/p>\n<p>Twitter: https:\/\/twitter.com\/it\/privacy<\/p>\n<p>Youtube: https:\/\/www.youtube.com\/intl\/es\/yt\/about\/policies\/#community-guidelines<\/li>\n<\/ol>\n<\/li>\n<li style=\"list-style-type: none;\"><\/li>\n<\/ol>\n\t\t<\/div>\n\t\t\t\t\t<\/div>\n\n\t\n<\/div>\n","protected":false},"excerpt":{"rendered":"","protected":false},"author":4,"featured_media":0,"parent":0,"menu_order":0,"comment_status":"closed","ping_status":"closed","template":"","meta":{"footnotes":""},"class_list":["post-3944","page","type-page","status-publish","hentry"],"yoast_head":"<!-- This site is optimized with the Yoast SEO plugin v27.4 - https:\/\/yoast.com\/product\/yoast-seo-wordpress\/ -->\n<title>INFORMATIVA SULLA PRIVACY SOCIAL NETWORK - Camperdadi<\/title>\n<meta name=\"robots\" content=\"index, follow, max-snippet:-1, max-image-preview:large, max-video-preview:-1\" \/>\n<link rel=\"canonical\" href=\"https:\/\/autocaravanascamperdadi.com\/it\/sulla-privacity-social\/\" \/>\n<meta property=\"og:locale\" content=\"it_IT\" \/>\n<meta property=\"og:type\" content=\"article\" \/>\n<meta property=\"og:title\" content=\"INFORMATIVA SULLA PRIVACY SOCIAL NETWORK - Camperdadi\" \/>\n<meta property=\"og:url\" content=\"https:\/\/autocaravanascamperdadi.com\/it\/sulla-privacity-social\/\" \/>\n<meta property=\"og:site_name\" content=\"Camperdadi\" \/>\n<meta property=\"article:publisher\" content=\"https:\/\/es-es.facebook.com\/camperdadi\/\" \/>\n<meta property=\"article:modified_time\" content=\"2024-10-17T09:28:34+00:00\" \/>\n<meta property=\"og:image\" content=\"https:\/\/autocaravanascamperdadi.com\/wp-content\/uploads\/2024\/09\/30725337_2008095519453542_2182825795712450560_o-600x600-1.jpg\" \/>\n\t<meta property=\"og:image:width\" content=\"600\" \/>\n\t<meta property=\"og:image:height\" content=\"600\" \/>\n\t<meta property=\"og:image:type\" content=\"image\/jpeg\" \/>\n<meta name=\"twitter:card\" content=\"summary_large_image\" \/>\n<meta name=\"twitter:site\" content=\"@camperdadi\" \/>\n<meta name=\"twitter:label1\" content=\"Tempo di lettura stimato\" \/>\n\t<meta name=\"twitter:data1\" content=\"4 minuti\" \/>\n<script type=\"application\/ld+json\" class=\"yoast-schema-graph\">{\"@context\":\"https:\\\/\\\/schema.org\",\"@graph\":[{\"@type\":\"WebPage\",\"@id\":\"https:\\\/\\\/autocaravanascamperdadi.com\\\/it\\\/sulla-privacity-social\\\/\",\"url\":\"https:\\\/\\\/autocaravanascamperdadi.com\\\/it\\\/sulla-privacity-social\\\/\",\"name\":\"INFORMATIVA SULLA PRIVACY SOCIAL NETWORK - Camperdadi\",\"isPartOf\":{\"@id\":\"https:\\\/\\\/autocaravanascamperdadi.com\\\/en\\\/#website\"},\"datePublished\":\"2018-06-01T17:44:21+00:00\",\"dateModified\":\"2024-10-17T09:28:34+00:00\",\"breadcrumb\":{\"@id\":\"https:\\\/\\\/autocaravanascamperdadi.com\\\/it\\\/sulla-privacity-social\\\/#breadcrumb\"},\"inLanguage\":\"it-IT\",\"potentialAction\":[{\"@type\":\"ReadAction\",\"target\":[\"https:\\\/\\\/autocaravanascamperdadi.com\\\/it\\\/sulla-privacity-social\\\/\"]}]},{\"@type\":\"BreadcrumbList\",\"@id\":\"https:\\\/\\\/autocaravanascamperdadi.com\\\/it\\\/sulla-privacity-social\\\/#breadcrumb\",\"itemListElement\":[{\"@type\":\"ListItem\",\"position\":1,\"name\":\"Portada\",\"item\":\"https:\\\/\\\/autocaravanascamperdadi.com\\\/it\\\/\"},{\"@type\":\"ListItem\",\"position\":2,\"name\":\"INFORMATIVA SULLA PRIVACY SOCIAL NETWORK\"}]},{\"@type\":\"WebSite\",\"@id\":\"https:\\\/\\\/autocaravanascamperdadi.com\\\/en\\\/#website\",\"url\":\"https:\\\/\\\/autocaravanascamperdadi.com\\\/en\\\/\",\"name\":\"Autocaravanas Camperdadi\",\"description\":\"Alquiler de autocaravanas y caravanas\",\"potentialAction\":[{\"@type\":\"SearchAction\",\"target\":{\"@type\":\"EntryPoint\",\"urlTemplate\":\"https:\\\/\\\/autocaravanascamperdadi.com\\\/en\\\/?s={search_term_string}\"},\"query-input\":{\"@type\":\"PropertyValueSpecification\",\"valueRequired\":true,\"valueName\":\"search_term_string\"}}],\"inLanguage\":\"it-IT\"}]}<\/script>\n<!-- \/ Yoast SEO plugin. -->","yoast_head_json":{"title":"INFORMATIVA SULLA PRIVACY SOCIAL NETWORK - Camperdadi","robots":{"index":"index","follow":"follow","max-snippet":"max-snippet:-1","max-image-preview":"max-image-preview:large","max-video-preview":"max-video-preview:-1"},"canonical":"https:\/\/autocaravanascamperdadi.com\/it\/sulla-privacity-social\/","og_locale":"it_IT","og_type":"article","og_title":"INFORMATIVA SULLA PRIVACY SOCIAL NETWORK - Camperdadi","og_url":"https:\/\/autocaravanascamperdadi.com\/it\/sulla-privacity-social\/","og_site_name":"Camperdadi","article_publisher":"https:\/\/es-es.facebook.com\/camperdadi\/","article_modified_time":"2024-10-17T09:28:34+00:00","og_image":[{"width":600,"height":600,"url":"https:\/\/autocaravanascamperdadi.com\/wp-content\/uploads\/2024\/09\/30725337_2008095519453542_2182825795712450560_o-600x600-1.jpg","type":"image\/jpeg"}],"twitter_card":"summary_large_image","twitter_site":"@camperdadi","twitter_misc":{"Tempo di lettura stimato":"4 minuti"},"schema":{"@context":"https:\/\/schema.org","@graph":[{"@type":"WebPage","@id":"https:\/\/autocaravanascamperdadi.com\/it\/sulla-privacity-social\/","url":"https:\/\/autocaravanascamperdadi.com\/it\/sulla-privacity-social\/","name":"INFORMATIVA SULLA PRIVACY SOCIAL NETWORK - Camperdadi","isPartOf":{"@id":"https:\/\/autocaravanascamperdadi.com\/en\/#website"},"datePublished":"2018-06-01T17:44:21+00:00","dateModified":"2024-10-17T09:28:34+00:00","breadcrumb":{"@id":"https:\/\/autocaravanascamperdadi.com\/it\/sulla-privacity-social\/#breadcrumb"},"inLanguage":"it-IT","potentialAction":[{"@type":"ReadAction","target":["https:\/\/autocaravanascamperdadi.com\/it\/sulla-privacity-social\/"]}]},{"@type":"BreadcrumbList","@id":"https:\/\/autocaravanascamperdadi.com\/it\/sulla-privacity-social\/#breadcrumb","itemListElement":[{"@type":"ListItem","position":1,"name":"Portada","item":"https:\/\/autocaravanascamperdadi.com\/it\/"},{"@type":"ListItem","position":2,"name":"INFORMATIVA SULLA PRIVACY SOCIAL NETWORK"}]},{"@type":"WebSite","@id":"https:\/\/autocaravanascamperdadi.com\/en\/#website","url":"https:\/\/autocaravanascamperdadi.com\/en\/","name":"Autocaravanas Camperdadi","description":"Alquiler de autocaravanas y caravanas","potentialAction":[{"@type":"SearchAction","target":{"@type":"EntryPoint","urlTemplate":"https:\/\/autocaravanascamperdadi.com\/en\/?s={search_term_string}"},"query-input":{"@type":"PropertyValueSpecification","valueRequired":true,"valueName":"search_term_string"}}],"inLanguage":"it-IT"}]}},"_links":{"self":[{"href":"https:\/\/autocaravanascamperdadi.com\/it\/wp-json\/wp\/v2\/pages\/3944","targetHints":{"allow":["GET"]}}],"collection":[{"href":"https:\/\/autocaravanascamperdadi.com\/it\/wp-json\/wp\/v2\/pages"}],"about":[{"href":"https:\/\/autocaravanascamperdadi.com\/it\/wp-json\/wp\/v2\/types\/page"}],"author":[{"embeddable":true,"href":"https:\/\/autocaravanascamperdadi.com\/it\/wp-json\/wp\/v2\/users\/4"}],"replies":[{"embeddable":true,"href":"https:\/\/autocaravanascamperdadi.com\/it\/wp-json\/wp\/v2\/comments?post=3944"}],"version-history":[{"count":0,"href":"https:\/\/autocaravanascamperdadi.com\/it\/wp-json\/wp\/v2\/pages\/3944\/revisions"}],"wp:attachment":[{"href":"https:\/\/autocaravanascamperdadi.com\/it\/wp-json\/wp\/v2\/media?parent=3944"}],"curies":[{"name":"wp","href":"https:\/\/api.w.org\/{rel}","templated":true}]}}