{"id":4342,"date":"2020-04-15T13:30:37","date_gmt":"2020-04-15T13:30:37","guid":{"rendered":"http:\/\/autocaravanascamperdadi.com\/?post_type=product&#038;p=4342"},"modified":"2026-02-11T11:00:28","modified_gmt":"2026-02-11T11:00:28","slug":"camper-mc-louis-glmays-322","status":"publish","type":"product","link":"https:\/\/autocaravanascamperdadi.com\/it\/tienda\/camper-mc-louis-glmays-322\/","title":{"rendered":"Camper MC LOUIS GLMAYS 322"},"content":{"rendered":"<h2>DOTAZIONI INCLUSE<\/h2>\n<p>Tranquillit\u00e0 al 100%, servizi inclusi. I nostri camper includono i servizi e i comfort necessari per rendere il tuo viaggio un&#8217;esperienza piacevole e sicura al 100%. Offriamo anche la possibilit\u00e0 di prenotare servizi aggiuntivi per completare il tuo viaggio. La tua tranquillit\u00e0 durante il viaggio, assistenza telefonica 24 ore su 24, 7 giorni su 7.<br \/>\n\u2013 Pannello solare<br \/>\n\u2013 Batteria di servizio<br \/>\n\u2013 Serbatoio acqua dolce<br \/>\n\u2013 Pompa elettrica<br \/>\n\u2013 WC, lavandino, doccia e acqua calda<br \/>\n\u2013 Riscaldamento<br \/>\n\u2013 Cucina con lavello, frigorifero trivalente (12V, 220V e gas)<br \/>\n\u2013 Presa 220V<br \/>\n\u2013 Antenna TV<br \/>\n\u2013 TV<br \/>\n\u2013 Radio multimediale con Bluetooth e GPS<br \/>\n\u2013 Tendalino<br \/>\n\u2013 Cavo di ricarica per camper<br \/>\n\u2013 Gas incluso<br \/>\n\u2013 Blocchi di livellamento e cunei<br \/>\n\u2013 Utensili da cucina (Set completo di piatti, bicchieri e posate. Cucina attrezzata)<br \/>\n\u2013 Articoli per la toilette (Pastiglie igieniche, carta igienica e prodotti per la pulizia)<br \/>\n\u2013 Parcheggio gratuito per la tua auto nella nostra propriet\u00e0. \u2013 Chilometraggio illimitato a partire da 5 giorni di noleggio (Esplora l&#8217;intera mappa senza preoccuparti del chilometraggio)<\/p>\n<h2>PUNTI DI RITIRO<\/h2>\n<p>\u2013 Le nostre strutture: Nessun costo aggiuntivo<br \/>\n\u2013 Aeroporto di Madrid: Costo aggiuntivo +100 \u20ac<br \/>\n\u2013 Stazione di Atocha: Costo aggiuntivo +100 \u20ac<br \/>\n\u2013 Stazione di Chamart\u00edn: Costo aggiuntivo +100 \u20ac<br \/>\n\u2013 Ritiro e riconsegna in diverse citt\u00e0<\/p>\n<h2>CONDIZIONI GENERALI DI NOLEGGIO<\/h2>\n<p>\u2013 \u00c8 obbligatorio aver pagato l&#8217;intero importo della fattura e depositato il deposito cauzionale prima del ritiro del camper.<br \/>\n\u2013 Il camper deve essere restituito pulito, con il serbatoio delle acque reflue e il WC vuoti; in caso contrario, al cliente verranno addebitati 150 \u20ac per la pulizia.<br \/>\n\u2013 L&#8217;utente \u00e8 responsabile di eventuali multe o sanzioni.<br \/>\n\u2013 Queste condizioni sono solo un estratto; sono validi solo i termini e le condizioni firmati.<\/p>\n<h2>I prezzi indicati sono giornalieri e includono:<\/h2>\n<p>&#8211; 300 chilometri al giorno.<br \/>\n&#8211; Assicurazione completa con franchigia di 600 \u20ac.<br \/>\n&#8211; Spese di partenza: benzina, liquido chimico e carta igienica.<br \/>\n&#8211; Assistenza stradale 24 ore su 24 in Spagna e all&#8217;estero.<br \/>\n&#8211; Parcheggio gratuito per la tua auto.<br \/>\n&#8211; IVA. Incluso<\/p>\n<h2>EXTRA AGGIUNTIVI (PREZZI SU RICHIESTA)<\/h2>\n<p>\u2013 Check-in anticipato<br \/>\n\u2013 Tavolo e sedie da campeggio<br \/>\n\u2013 Forno a microonde portatile<br \/>\n\u2013 Portabici<br \/>\n\u2013 Biancheria da letto<br \/>\n\u2013 Seggiolino per bambini dai 4 ai 12 anni<br \/>\n\u2013 Seggiolini per bambini da 0 a 36 mesi<br \/>\n\u2013 Router Wi-Fi UE<br \/>\n\u2013 Internet satellitare Starlink<br \/>\n\u2013 Bombola di gas aggiuntiva<br \/>\n\u2013 Piano cottura a induzione portatile<br \/>\n\u2013 Inverter di potenza da 300 W da 12 V a 220 V<br \/>\n\u2013 Assicurazione con riduzione della franchigia<br \/>\n\u2013 Pacchetto invernale (catene e pattini antineve)<br \/>\n\u2013 Bicicletta<br \/>\n\u2013 Moto<\/p>\n<h2>I PREZZI NON INCLUDONO<\/h2>\n<p>\u2013 Chilometri in eccesso a \u20ac 0,30\/unit\u00e0<br \/>\n\u2013 Deposito cauzionale \u20ac 600<br \/>\n\u2013 Franchigia \u20ac 600<br \/>\n\u2013 Carburante<\/p>\n<h2>REQUISITI DEL CONDUCENTE<\/h2>\n<p>\u2013 Et\u00e0 minima 25 anni<br \/>\n\u2013 Patente di guida B1 valida con 2 anni di esperienza. <\/p>\n<h2>POLITICA DI CANCELLAZIONE<\/h2>\n<p>Le prenotazioni dei veicoli non sono rimborsabili. In caso di pagamento dell&#8217;intero importo del noleggio e di cancellazione della prenotazione con pi\u00f9 di sessanta giorni di anticipo, verr\u00e0 rimborsato il 70%. Per le cancellazioni effettuate con meno di 60 giorni di anticipo, verr\u00e0 rimborsato il 50% e per le cancellazioni effettuate con meno di 20 giorni di anticipo, verr\u00e0 rimborsato il 10%, a condizione che l&#8217;intero importo del noleggio sia stato pagato.<\/p>\n","protected":false},"excerpt":{"rendered":"<p>NUMERO DI POSTI: 7<\/p>\n<style type=\"text\/css\">\n.tg  {border-collapse:collapse;border-spacing:0;}<br \/>.tg td{font-family:Arial, sans-serif;font-size:14px;padding:10px 5px;border-style:solid;border-width:1px;overflow:hidden;word-break:normal;}<br \/>.tg th{font-family:Arial, sans-serif;font-size:14px;font-weight:normal;padding:10px 5px;border-style:solid;border-width:1px;overflow:hidden;word-break:normal;}<br \/>.tg .tg-yvvu{font-weight:bold;background-color:#ffffff;color:#000000;text-align:center}<br \/>.tg .tg-6997{background-color:#ffffff;color:#000000;text-align:center}<br \/>@media screen and (max-width: 767px) {.tg {width: auto !important;}.tg col {width: auto !important;}.tg-wrap {overflow-x: auto;-webkit-overflow-scrolling: touch;}}<\/style>\n<div class=\"tg-wrap\">\n<table class=\"tg\">\n<tbody>\n<tr>\n<th class=\"tg-yvvu\">Bassa stagione<\/th>\n<th class=\"tg-yvvu\">Met\u00e0 stagione<\/th>\n<th class=\"tg-yvvu\">Alta stagione<\/th>\n<\/tr>\n<tr>\n<td class=\"tg-6997\">125\u20ac\/d\u00eda<\/td>\n<td class=\"tg-6997\">155\u20ac\/d\u00eda<\/td>\n<td class=\"tg-6997\">175\u20ac\/d\u00eda<\/td>\n<\/tr>\n<\/tbody>\n<\/table>\n<\/div>\n<p><em><strong>STAGIONI:<\/strong><\/em><br \/>\nAlta stagione: Pasqua e ponti (min. 5 giorni) Luglio e Agosto (min. 7 giorni)<br \/>\nMedia: giugno e settembre (minimo 7 giorni)<br \/>\nBassa stagione: resto dell&#8217;anno (minimo 3 giorni) Fine settimana: 3 giorni (ritiro venerd\u00ec e consegna luned\u00ec mattina)<br \/>\n\n<div class=\"wpcf7 no-js\" id=\"wpcf7-f23707-o1\" lang=\"es-ES\" dir=\"ltr\" data-wpcf7-id=\"23707\">\n<div class=\"screen-reader-response\"><p role=\"status\" aria-live=\"polite\" aria-atomic=\"true\"><\/p> <ul><\/ul><\/div>\n<form action=\"\/it\/wp-json\/wp\/v2\/product\/4342#wpcf7-f23707-o1\" method=\"post\" class=\"wpcf7-form init\" aria-label=\"Formulario de contacto\" novalidate=\"novalidate\" data-status=\"init\">\n<fieldset class=\"hidden-fields-container\"><input type=\"hidden\" name=\"_wpcf7\" value=\"23707\" \/><input type=\"hidden\" name=\"_wpcf7_version\" value=\"6.1.5\" \/><input type=\"hidden\" name=\"_wpcf7_locale\" value=\"es_ES\" \/><input type=\"hidden\" name=\"_wpcf7_unit_tag\" value=\"wpcf7-f23707-o1\" \/><input type=\"hidden\" name=\"_wpcf7_container_post\" value=\"0\" \/><input type=\"hidden\" name=\"_wpcf7_posted_data_hash\" value=\"\" \/><input type=\"hidden\" name=\"_wpcf7_recaptcha_response\" value=\"\" \/>\n<\/fieldset>\n<div class=\"cf7-wrapper\">\n\n <!-- LINEA 1 -->\n\t<div class=\"cf7-grid cf7-line-1\">\n\t\t<p><label>Nome e Cognome<br \/>\n<span class=\"wpcf7-form-control-wrap\" data-name=\"your-name\"><input size=\"40\" maxlength=\"400\" class=\"wpcf7-form-control wpcf7-text wpcf7-validates-as-required\" aria-required=\"true\" aria-invalid=\"false\" placeholder=\"Ej: Juan P\u00e9rez\" value=\"\" type=\"text\" name=\"your-name\" \/><\/span><br \/>\n<\/label>\n\t\t<\/p>\n\t\t<p><label>Indirizzo email<br \/>\n<span class=\"wpcf7-form-control-wrap\" data-name=\"your-email\"><input size=\"40\" maxlength=\"400\" class=\"wpcf7-form-control wpcf7-email wpcf7-validates-as-required wpcf7-text wpcf7-validates-as-email\" aria-required=\"true\" aria-invalid=\"false\" placeholder=\"ejemplo@correo.com\" value=\"\" type=\"email\" name=\"your-email\" \/><\/span><br \/>\n<\/label>\n\t\t<\/p>\n\t\t<p><label>Numero di telefono<br \/>\n<span class=\"wpcf7-form-control-wrap\" data-name=\"your-tel\"><input size=\"40\" maxlength=\"400\" class=\"wpcf7-form-control wpcf7-tel wpcf7-validates-as-required wpcf7-text wpcf7-validates-as-tel\" aria-required=\"true\" aria-invalid=\"false\" placeholder=\"600 000 000\" value=\"\" type=\"tel\" name=\"your-tel\" \/><\/span><br \/>\n<\/label>\n\t\t<\/p>\n\t\t<p><label>Persone<br \/>\n<span class=\"wpcf7-form-control-wrap\" data-name=\"personas\"><select class=\"wpcf7-form-control wpcf7-select wpcf7-validates-as-required\" aria-required=\"true\" aria-invalid=\"false\" name=\"personas\"><option value=\"1\">1<\/option><option value=\"2\">2<\/option><option value=\"3\">3<\/option><option value=\"4\">4<\/option><option value=\"5\">5<\/option><option value=\"6\">6<\/option><option value=\"7\">7<\/option><\/select><\/span><br \/>\n<\/label>\n\t\t<\/p>\n\t<\/div>\n\n <!-- LINEA 2 -->\n\t<div class=\"cf7-grid cf7-line-2\">\n\t\t<p><label>Raccolta Data<br \/>\n<span class=\"wpcf7-form-control-wrap\" data-name=\"fecha-recogida\"><input class=\"wpcf7-form-control wpcf7-date wpcf7-validates-as-required wpcf7-validates-as-date\" aria-required=\"true\" aria-invalid=\"false\" value=\"\" type=\"date\" name=\"fecha-recogida\" \/><\/span><br \/>\n<\/label>\n\t\t<\/p>\n\t\t<p><label>Data di consegna<br \/>\n<span class=\"wpcf7-form-control-wrap\" data-name=\"fecha-entrega\"><input class=\"wpcf7-form-control wpcf7-date wpcf7-validates-as-required wpcf7-validates-as-date\" aria-required=\"true\" aria-invalid=\"false\" value=\"\" type=\"date\" name=\"fecha-entrega\" \/><\/span><br \/>\n<\/label>\n\t\t<\/p>\n\t\t<p><label class=\"cf7-modelo\">Modello<br \/>\n<span class=\"wpcf7-form-control-wrap\" data-name=\"modelo\"><select class=\"wpcf7-form-control wpcf7-select wpcf7-validates-as-required\" aria-required=\"true\" aria-invalid=\"false\" name=\"modelo\"><option value=\"\">&#8212;Por favor, elige una opci\u00f3n&#8212;<\/option><option value=\"Giottiline 386\">Giottiline 386<\/option><option value=\"Giottiline 440\">Giottiline 440<\/option><option value=\"CI HORON 95 XT\">CI HORON 95 XT<\/option><option value=\"CI HORON 84XT\">CI HORON 84XT<\/option><option value=\"CI HORON 65XT\">CI HORON 65XT<\/option><option value=\"CI HORON 77M\">CI HORON 77M<\/option><option value=\"Rimor Seal 67 Plus\">Rimor Seal 67 Plus<\/option><option value=\"MC LOUIS MENFYS\">MC LOUIS MENFYS<\/option><option value=\"MC LOUIS GLAMYS 322\">MC LOUIS GLAMYS 322<\/option><option value=\"MC LOUIS MENFYS S-LINE\">MC LOUIS MENFYS S-LINE<\/option><option value=\"MC LOUIS 79G KARAT\">MC LOUIS 79G KARAT<\/option><option value=\"Rimor Kayak 69 Plus\">Rimor Kayak 69 Plus<\/option><option value=\"Rimor Seal 9\">Rimor Seal 9<\/option><option value=\"CI HORON 79M\">CI HORON 79M<\/option><option value=\"Caravana Burstner 465 TS FIFTY\">Caravana Burstner 465 TS FIFTY<\/option><option value=\"Rimor HORUS 35\">Rimor HORUS 35<\/option><\/select><\/span><br \/>\n<\/label>\n\t\t<\/p>\n\t<\/div>\n\n <!-- LINEA 3 MENSAJE -->\n\t<div class=\"cf7-message-row\">\n\t\t<p><label>Messaggio (facoltativo)<br \/>\n<span class=\"wpcf7-form-control-wrap\" data-name=\"your-message\"><textarea cols=\"40\" rows=\"10\" maxlength=\"2000\" class=\"wpcf7-form-control wpcf7-textarea\" aria-invalid=\"false\" placeholder=\"Hai domande o richieste particolari?\" name=\"your-message\"><\/textarea><\/span><br \/>\n<\/label><br \/>\n<label for=\"acepto\"><br \/>\n<span class=\"wpcf7-form-control-wrap\" data-name=\"acceptance-536\"><span class=\"wpcf7-form-control wpcf7-acceptance\"><span class=\"wpcf7-list-item\"><input type=\"checkbox\" name=\"acceptance-536\" value=\"1\" id=\"acepto\" aria-invalid=\"false\" \/><\/span><\/span><\/span> Ho letto e accetto i <a href=\"\/legal-notice\/\" target=\"_blank\">Termini di utilizzo<\/a> e l'<a href=\"\/data-protection-privacy\/\">Informativa sulla privacy<\/a><br \/>\n<\/label>\n\t\t<\/p>\n\t<\/div>\n\n <!-- LINEA 4 BOTON -->\n\t<div class=\"cf7-submit-row\">\n\t\t<p><input class=\"wpcf7-form-control wpcf7-submit has-spinner\" type=\"submit\" value=\"Richiedi una prenotazione\" \/>\n\t\t<\/p>\n\t<\/div>\n<\/div><div class=\"wpcf7-response-output\" aria-hidden=\"true\"><\/div>\n<\/form>\n<\/div>\n\n","protected":false},"featured_media":6145,"comment_status":"closed","ping_status":"closed","template":"","meta":[],"product_brand":[],"product_cat":[101],"product_tag":[],"class_list":{"0":"post-4342","1":"product","2":"type-product","3":"status-publish","4":"has-post-thumbnail","6":"product_cat-noleggio-di-camper-e-roulotte","8":"first","9":"instock","10":"virtual","11":"product-type-simple"},"yoast_head":"<!-- This site is optimized with the Yoast SEO plugin v27.3 - https:\/\/yoast.com\/product\/yoast-seo-wordpress\/ -->\n<title>Camper MC LOUIS GLMAYS 322 - Camperdadi<\/title>\n<meta name=\"robots\" content=\"index, follow, max-snippet:-1, max-image-preview:large, max-video-preview:-1\" \/>\n<link rel=\"canonical\" href=\"https:\/\/autocaravanascamperdadi.com\/it\/tienda\/camper-mc-louis-glmays-322\/\" \/>\n<meta property=\"og:locale\" content=\"it_IT\" \/>\n<meta property=\"og:type\" content=\"article\" \/>\n<meta property=\"og:title\" content=\"Camper MC LOUIS GLMAYS 322 - Camperdadi\" \/>\n<meta property=\"og:description\" content=\"NUMERO DI POSTI: 7       Bassa stagione Met\u00e0 stagione Alta stagione   125\u20ac\/d\u00eda 155\u20ac\/d\u00eda 175\u20ac\/d\u00eda     STAGIONI: Alta stagione: Pasqua e ponti (min. 5 giorni) Luglio e Agosto (min. 7 giorni) Media: giugno e settembre (minimo 7 giorni) Bassa stagione: resto dell&#039;anno (minimo 3 giorni) Fine settimana: 3 giorni (ritiro venerd\u00ec e consegna luned\u00ec mattina)\" \/>\n<meta property=\"og:url\" content=\"https:\/\/autocaravanascamperdadi.com\/it\/tienda\/camper-mc-louis-glmays-322\/\" \/>\n<meta property=\"og:site_name\" content=\"Camperdadi\" \/>\n<meta property=\"article:publisher\" content=\"https:\/\/es-es.facebook.com\/camperdadi\/\" \/>\n<meta property=\"article:modified_time\" content=\"2026-02-11T11:00:28+00:00\" \/>\n<meta property=\"og:image\" content=\"https:\/\/autocaravanascamperdadi.com\/wp-content\/uploads\/2020\/04\/IMG_4815-600x600-1.jpg\" \/>\n\t<meta property=\"og:image:width\" content=\"600\" \/>\n\t<meta property=\"og:image:height\" content=\"600\" \/>\n\t<meta property=\"og:image:type\" content=\"image\/jpeg\" \/>\n<meta name=\"twitter:card\" content=\"summary_large_image\" \/>\n<meta name=\"twitter:site\" content=\"@camperdadi\" \/>\n<meta name=\"twitter:label1\" content=\"Tempo di lettura stimato\" \/>\n\t<meta name=\"twitter:data1\" content=\"2 minuti\" \/>\n<script type=\"application\/ld+json\" class=\"yoast-schema-graph\">{\"@context\":\"https:\\\/\\\/schema.org\",\"@graph\":[{\"@type\":\"WebPage\",\"@id\":\"https:\\\/\\\/autocaravanascamperdadi.com\\\/it\\\/tienda\\\/camper-mc-louis-glmays-322\\\/\",\"url\":\"https:\\\/\\\/autocaravanascamperdadi.com\\\/it\\\/tienda\\\/camper-mc-louis-glmays-322\\\/\",\"name\":\"Camper MC LOUIS GLMAYS 322 - Camperdadi\",\"isPartOf\":{\"@id\":\"https:\\\/\\\/autocaravanascamperdadi.com\\\/en\\\/#website\"},\"primaryImageOfPage\":{\"@id\":\"https:\\\/\\\/autocaravanascamperdadi.com\\\/it\\\/tienda\\\/camper-mc-louis-glmays-322\\\/#primaryimage\"},\"image\":{\"@id\":\"https:\\\/\\\/autocaravanascamperdadi.com\\\/it\\\/tienda\\\/camper-mc-louis-glmays-322\\\/#primaryimage\"},\"thumbnailUrl\":\"https:\\\/\\\/autocaravanascamperdadi.com\\\/wp-content\\\/uploads\\\/2020\\\/04\\\/IMG_4815-600x600-1.jpg\",\"datePublished\":\"2020-04-15T13:30:37+00:00\",\"dateModified\":\"2026-02-11T11:00:28+00:00\",\"breadcrumb\":{\"@id\":\"https:\\\/\\\/autocaravanascamperdadi.com\\\/it\\\/tienda\\\/camper-mc-louis-glmays-322\\\/#breadcrumb\"},\"inLanguage\":\"it-IT\",\"potentialAction\":[{\"@type\":\"ReadAction\",\"target\":[\"https:\\\/\\\/autocaravanascamperdadi.com\\\/it\\\/tienda\\\/camper-mc-louis-glmays-322\\\/\"]}]},{\"@type\":\"ImageObject\",\"inLanguage\":\"it-IT\",\"@id\":\"https:\\\/\\\/autocaravanascamperdadi.com\\\/it\\\/tienda\\\/camper-mc-louis-glmays-322\\\/#primaryimage\",\"url\":\"https:\\\/\\\/autocaravanascamperdadi.com\\\/wp-content\\\/uploads\\\/2020\\\/04\\\/IMG_4815-600x600-1.jpg\",\"contentUrl\":\"https:\\\/\\\/autocaravanascamperdadi.com\\\/wp-content\\\/uploads\\\/2020\\\/04\\\/IMG_4815-600x600-1.jpg\",\"width\":600,\"height\":600},{\"@type\":\"BreadcrumbList\",\"@id\":\"https:\\\/\\\/autocaravanascamperdadi.com\\\/it\\\/tienda\\\/camper-mc-louis-glmays-322\\\/#breadcrumb\",\"itemListElement\":[{\"@type\":\"ListItem\",\"position\":1,\"name\":\"Portada\",\"item\":\"https:\\\/\\\/autocaravanascamperdadi.com\\\/it\\\/\"},{\"@type\":\"ListItem\",\"position\":2,\"name\":\"Tienda\",\"item\":\"https:\\\/\\\/autocaravanascamperdadi.com\\\/tienda\\\/\"},{\"@type\":\"ListItem\",\"position\":3,\"name\":\"Camper MC LOUIS GLMAYS 322\"}]},{\"@type\":\"WebSite\",\"@id\":\"https:\\\/\\\/autocaravanascamperdadi.com\\\/en\\\/#website\",\"url\":\"https:\\\/\\\/autocaravanascamperdadi.com\\\/en\\\/\",\"name\":\"Autocaravanas Camperdadi\",\"description\":\"Alquiler de autocaravanas y caravanas\",\"potentialAction\":[{\"@type\":\"SearchAction\",\"target\":{\"@type\":\"EntryPoint\",\"urlTemplate\":\"https:\\\/\\\/autocaravanascamperdadi.com\\\/en\\\/?s={search_term_string}\"},\"query-input\":{\"@type\":\"PropertyValueSpecification\",\"valueRequired\":true,\"valueName\":\"search_term_string\"}}],\"inLanguage\":\"it-IT\"}]}<\/script>\n<!-- \/ Yoast SEO plugin. -->","yoast_head_json":{"title":"Camper MC LOUIS GLMAYS 322 - Camperdadi","robots":{"index":"index","follow":"follow","max-snippet":"max-snippet:-1","max-image-preview":"max-image-preview:large","max-video-preview":"max-video-preview:-1"},"canonical":"https:\/\/autocaravanascamperdadi.com\/it\/tienda\/camper-mc-louis-glmays-322\/","og_locale":"it_IT","og_type":"article","og_title":"Camper MC LOUIS GLMAYS 322 - Camperdadi","og_description":"NUMERO DI POSTI: 7       Bassa stagione Met\u00e0 stagione Alta stagione   125\u20ac\/d\u00eda 155\u20ac\/d\u00eda 175\u20ac\/d\u00eda     STAGIONI: Alta stagione: Pasqua e ponti (min. 5 giorni) Luglio e Agosto (min. 7 giorni) Media: giugno e settembre (minimo 7 giorni) Bassa stagione: resto dell'anno (minimo 3 giorni) Fine settimana: 3 giorni (ritiro venerd\u00ec e consegna luned\u00ec mattina)","og_url":"https:\/\/autocaravanascamperdadi.com\/it\/tienda\/camper-mc-louis-glmays-322\/","og_site_name":"Camperdadi","article_publisher":"https:\/\/es-es.facebook.com\/camperdadi\/","article_modified_time":"2026-02-11T11:00:28+00:00","og_image":[{"width":600,"height":600,"url":"https:\/\/autocaravanascamperdadi.com\/wp-content\/uploads\/2020\/04\/IMG_4815-600x600-1.jpg","type":"image\/jpeg"}],"twitter_card":"summary_large_image","twitter_site":"@camperdadi","twitter_misc":{"Tempo di lettura stimato":"2 minuti"},"schema":{"@context":"https:\/\/schema.org","@graph":[{"@type":"WebPage","@id":"https:\/\/autocaravanascamperdadi.com\/it\/tienda\/camper-mc-louis-glmays-322\/","url":"https:\/\/autocaravanascamperdadi.com\/it\/tienda\/camper-mc-louis-glmays-322\/","name":"Camper MC LOUIS GLMAYS 322 - Camperdadi","isPartOf":{"@id":"https:\/\/autocaravanascamperdadi.com\/en\/#website"},"primaryImageOfPage":{"@id":"https:\/\/autocaravanascamperdadi.com\/it\/tienda\/camper-mc-louis-glmays-322\/#primaryimage"},"image":{"@id":"https:\/\/autocaravanascamperdadi.com\/it\/tienda\/camper-mc-louis-glmays-322\/#primaryimage"},"thumbnailUrl":"https:\/\/autocaravanascamperdadi.com\/wp-content\/uploads\/2020\/04\/IMG_4815-600x600-1.jpg","datePublished":"2020-04-15T13:30:37+00:00","dateModified":"2026-02-11T11:00:28+00:00","breadcrumb":{"@id":"https:\/\/autocaravanascamperdadi.com\/it\/tienda\/camper-mc-louis-glmays-322\/#breadcrumb"},"inLanguage":"it-IT","potentialAction":[{"@type":"ReadAction","target":["https:\/\/autocaravanascamperdadi.com\/it\/tienda\/camper-mc-louis-glmays-322\/"]}]},{"@type":"ImageObject","inLanguage":"it-IT","@id":"https:\/\/autocaravanascamperdadi.com\/it\/tienda\/camper-mc-louis-glmays-322\/#primaryimage","url":"https:\/\/autocaravanascamperdadi.com\/wp-content\/uploads\/2020\/04\/IMG_4815-600x600-1.jpg","contentUrl":"https:\/\/autocaravanascamperdadi.com\/wp-content\/uploads\/2020\/04\/IMG_4815-600x600-1.jpg","width":600,"height":600},{"@type":"BreadcrumbList","@id":"https:\/\/autocaravanascamperdadi.com\/it\/tienda\/camper-mc-louis-glmays-322\/#breadcrumb","itemListElement":[{"@type":"ListItem","position":1,"name":"Portada","item":"https:\/\/autocaravanascamperdadi.com\/it\/"},{"@type":"ListItem","position":2,"name":"Tienda","item":"https:\/\/autocaravanascamperdadi.com\/tienda\/"},{"@type":"ListItem","position":3,"name":"Camper MC LOUIS GLMAYS 322"}]},{"@type":"WebSite","@id":"https:\/\/autocaravanascamperdadi.com\/en\/#website","url":"https:\/\/autocaravanascamperdadi.com\/en\/","name":"Autocaravanas Camperdadi","description":"Alquiler de autocaravanas y caravanas","potentialAction":[{"@type":"SearchAction","target":{"@type":"EntryPoint","urlTemplate":"https:\/\/autocaravanascamperdadi.com\/en\/?s={search_term_string}"},"query-input":{"@type":"PropertyValueSpecification","valueRequired":true,"valueName":"search_term_string"}}],"inLanguage":"it-IT"}]}},"_links":{"self":[{"href":"https:\/\/autocaravanascamperdadi.com\/it\/wp-json\/wp\/v2\/product\/4342","targetHints":{"allow":["GET"]}}],"collection":[{"href":"https:\/\/autocaravanascamperdadi.com\/it\/wp-json\/wp\/v2\/product"}],"about":[{"href":"https:\/\/autocaravanascamperdadi.com\/it\/wp-json\/wp\/v2\/types\/product"}],"replies":[{"embeddable":true,"href":"https:\/\/autocaravanascamperdadi.com\/it\/wp-json\/wp\/v2\/comments?post=4342"}],"wp:featuredmedia":[{"embeddable":true,"href":"https:\/\/autocaravanascamperdadi.com\/it\/wp-json\/wp\/v2\/media\/6145"}],"wp:attachment":[{"href":"https:\/\/autocaravanascamperdadi.com\/it\/wp-json\/wp\/v2\/media?parent=4342"}],"wp:term":[{"taxonomy":"product_brand","embeddable":true,"href":"https:\/\/autocaravanascamperdadi.com\/it\/wp-json\/wp\/v2\/product_brand?post=4342"},{"taxonomy":"product_cat","embeddable":true,"href":"https:\/\/autocaravanascamperdadi.com\/it\/wp-json\/wp\/v2\/product_cat?post=4342"},{"taxonomy":"product_tag","embeddable":true,"href":"https:\/\/autocaravanascamperdadi.com\/it\/wp-json\/wp\/v2\/product_tag?post=4342"}],"curies":[{"name":"wp","href":"https:\/\/api.w.org\/{rel}","templated":true}]}}