{"id":4707,"date":"2020-04-29T09:25:50","date_gmt":"2020-04-29T09:25:50","guid":{"rendered":"http:\/\/autocaravanascamperdadi.com\/?post_type=product&#038;p=4707"},"modified":"2023-01-17T09:30:53","modified_gmt":"2023-01-17T09:30:53","slug":"porsche-panamera-diesel","status":"publish","type":"product","link":"https:\/\/autocaravanascamperdadi.com\/it\/tienda\/porsche-panamera-diesel\/","title":{"rendered":"Porsche Panamera Diesel"},"content":{"rendered":"[wpsbc id=&#8221;24&#8243; title=&#8221;yes&#8221; legend=&#8221;yes&#8221; dropdown=&#8221;yes&#8221; start=&#8221;1&#8243; display=&#8221;1&#8243; language=&#8221;auto&#8221; month=&#8221;0&#8243; year=&#8221;0&#8243; jump=&#8221;no&#8221; history=&#8221;1&#8243; tooltip=&#8221;1&#8243; theme=&#8221;modern&#8221; weeknumbers=&#8221;no&#8221; highlighttoday=&#8221;no&#8221; themehbc=&#8221;#333&#8243;]\n<p><strong>CONDIZIONI GENERALI DI AFFITTO<\/strong><\/p>\n<p>&#8211; \u00c8 obbligatorio aver pagato l&#8217;intero conto e depositare la cauzione prima di ritirare l&#8217;imbarcazione.<br \/>\n&#8211; L&#8217;imbarcazione verr\u00e0 restituita pulita, con il serbatoio delle acque reflue e w.c. vuoto; in caso contrario, il cliente deve pagare \u20ac 150 per la pulizia.<br \/>\n&#8211; Il cliente risponde di qualsiasi penalit\u00e0 o multa.<br \/>\n&#8211; Le condizioni presenti sono solo un estratto, essendo a tutti gli effetti valide solo quelle che sono firmate.<\/p>\n<p><strong>I PREZZI INDICATI SONO GIORNALIERI E INCLUDONO<\/strong><\/p>\n<p>&#8211; Assicurazione completa con una franchigia di \u20ac 600.<br \/>\n&#8211; Spese di uscita: gas, liquido chimico e carta igienica.<br \/>\n&#8211; Assistenza stradale 24 ore su 24 dentro e fuori la Spagna<br \/>\n&#8211; I.V.A. inclusa<\/p>\n<p><strong>CONDIZIONI DEL CONDUCENTE<\/strong><\/p>\n<p>&#8211; Et\u00e0 minima 25 anni<\/p>\n<p><strong>POLITICA DI CANCELLAZIONE<\/strong><\/p>\n<p>Le prenotazioni dei veicoli non vengono restituite, se l&#8217;intero affitto viene pagato e cancellato con pi\u00f9 di 60 giorni di anticipo, viene restituito il 70%, per cancellazioni con meno di 60 giorni, viene restituito il 50% mentre avvisando con meno 20 giorni viene restituito il 10%, a condizione che l&#8217;intero affitto venga pagato.<\/p>\n","protected":false},"excerpt":{"rendered":"<p>NUMERO DI POSTI: 4<\/p>\n<style type=\"text\/css\">\n.tg  {border-collapse:collapse;border-spacing:0;}<br \/>.tg td{font-family:Arial, sans-serif;font-size:14px;padding:10px 5px;border-style:solid;border-width:1px;overflow:hidden;word-break:normal;}<br \/>.tg th{font-family:Arial, sans-serif;font-size:14px;font-weight:normal;padding:10px 5px;border-style:solid;border-width:1px;overflow:hidden;word-break:normal;}<br \/>.tg .tg-yvvu{font-weight:bold;background-color:#ffffff;color:#000000;text-align:center}<br \/>.tg .tg-6997{background-color:#ffffff;color:#000000;text-align:center}<br \/>@media screen and (max-width: 767px) {.tg {width: auto !important;}.tg col {width: auto !important;}.tg-wrap {overflow-x: auto;-webkit-overflow-scrolling: touch;}}<\/style>\n<div class=\"tg-wrap\">\n<table class=\"tg\">\n<tbody>\n<tr>\n<th class=\"tg-yvvu\">Bassa stagione<\/th>\n<th class=\"tg-yvvu\">Met\u00e0 stagione<\/th>\n<th class=\"tg-yvvu\">Alta stagione<\/th>\n<\/tr>\n<tr>\n<td class=\"tg-6997\">205\u20ac\/giorno<\/td>\n<td class=\"tg-6997\">235\u20ac\/giorno<\/td>\n<td class=\"tg-6997\">275\u20ac\/giorno<\/td>\n<\/tr>\n<\/tbody>\n<\/table>\n<\/div>\n<p>STAGIONI<\/p>\n<p>Alta: Pasqua e ponti (minimo 5 giorni) Luglio e agosto (minimo 15 giorni)<br \/>\nMet\u00e0: giugno e settembre (minimo 7 giorni)<br \/>\nBasso: resto dell&#8217;anno (minimo 3 giorni)<br \/>\nFine settimana: 3 giorni (ritiro venerd\u00ec e consegna luned\u00ec mattina)<\/p>\n","protected":false},"featured_media":4716,"comment_status":"closed","ping_status":"closed","template":"","meta":[],"product_brand":[],"product_cat":[89],"product_tag":[],"class_list":{"0":"post-4707","1":"product","2":"type-product","3":"status-publish","4":"has-post-thumbnail","6":"product_cat-sin-categorizar","8":"first","9":"instock","10":"virtual","11":"product-type-simple"},"yoast_head":"<!-- This site is optimized with the Yoast SEO plugin v27.4 - https:\/\/yoast.com\/product\/yoast-seo-wordpress\/ -->\n<title>Porsche Panamera Diesel - Camperdadi<\/title>\n<meta name=\"robots\" content=\"index, follow, max-snippet:-1, max-image-preview:large, max-video-preview:-1\" \/>\n<link rel=\"canonical\" href=\"https:\/\/autocaravanascamperdadi.com\/tienda\/alquiler-porsche-panamera-diesel\/\" \/>\n<meta property=\"og:locale\" content=\"it_IT\" \/>\n<meta property=\"og:type\" content=\"article\" \/>\n<meta property=\"og:title\" content=\"Porsche Panamera Diesel - Camperdadi\" \/>\n<meta property=\"og:description\" content=\"NUMERO DI POSTI: 4       Bassa stagione Met\u00e0 stagione Alta stagione   205\u20ac\/giorno 235\u20ac\/giorno 275\u20ac\/giorno     STAGIONI  Alta: Pasqua e ponti (minimo 5 giorni) Luglio e agosto (minimo 15 giorni) Met\u00e0: giugno e settembre (minimo 7 giorni) Basso: resto dell&#039;anno (minimo 3 giorni) Fine settimana: 3 giorni (ritiro venerd\u00ec e consegna luned\u00ec mattina)\" \/>\n<meta property=\"og:url\" content=\"https:\/\/autocaravanascamperdadi.com\/tienda\/alquiler-porsche-panamera-diesel\/\" \/>\n<meta property=\"og:site_name\" content=\"Camperdadi\" \/>\n<meta property=\"article:publisher\" content=\"https:\/\/es-es.facebook.com\/camperdadi\/\" \/>\n<meta property=\"article:modified_time\" content=\"2023-01-17T09:30:53+00:00\" \/>\n<meta property=\"og:image\" content=\"https:\/\/autocaravanascamperdadi.com\/wp-content\/uploads\/2020\/04\/IMG_4982.jpg\" \/>\n\t<meta property=\"og:image:width\" content=\"900\" \/>\n\t<meta property=\"og:image:height\" content=\"675\" \/>\n\t<meta property=\"og:image:type\" content=\"image\/jpeg\" \/>\n<meta name=\"twitter:card\" content=\"summary_large_image\" \/>\n<meta name=\"twitter:site\" content=\"@camperdadi\" \/>\n<meta name=\"twitter:label1\" content=\"Tempo di lettura stimato\" \/>\n\t<meta name=\"twitter:data1\" content=\"1 minuto\" \/>\n<script type=\"application\/ld+json\" class=\"yoast-schema-graph\">{\"@context\":\"https:\\\/\\\/schema.org\",\"@graph\":[{\"@type\":\"WebPage\",\"@id\":\"https:\\\/\\\/autocaravanascamperdadi.com\\\/tienda\\\/alquiler-porsche-panamera-diesel\\\/\",\"url\":\"https:\\\/\\\/autocaravanascamperdadi.com\\\/tienda\\\/alquiler-porsche-panamera-diesel\\\/\",\"name\":\"Porsche Panamera Diesel - Camperdadi\",\"isPartOf\":{\"@id\":\"https:\\\/\\\/autocaravanascamperdadi.com\\\/en\\\/#website\"},\"primaryImageOfPage\":{\"@id\":\"https:\\\/\\\/autocaravanascamperdadi.com\\\/tienda\\\/alquiler-porsche-panamera-diesel\\\/#primaryimage\"},\"image\":{\"@id\":\"https:\\\/\\\/autocaravanascamperdadi.com\\\/tienda\\\/alquiler-porsche-panamera-diesel\\\/#primaryimage\"},\"thumbnailUrl\":\"https:\\\/\\\/autocaravanascamperdadi.com\\\/wp-content\\\/uploads\\\/2020\\\/04\\\/IMG_4982.jpg\",\"datePublished\":\"2020-04-29T09:25:50+00:00\",\"dateModified\":\"2023-01-17T09:30:53+00:00\",\"breadcrumb\":{\"@id\":\"https:\\\/\\\/autocaravanascamperdadi.com\\\/tienda\\\/alquiler-porsche-panamera-diesel\\\/#breadcrumb\"},\"inLanguage\":\"it-IT\",\"potentialAction\":[{\"@type\":\"ReadAction\",\"target\":[\"https:\\\/\\\/autocaravanascamperdadi.com\\\/tienda\\\/alquiler-porsche-panamera-diesel\\\/\"]}]},{\"@type\":\"ImageObject\",\"inLanguage\":\"it-IT\",\"@id\":\"https:\\\/\\\/autocaravanascamperdadi.com\\\/tienda\\\/alquiler-porsche-panamera-diesel\\\/#primaryimage\",\"url\":\"https:\\\/\\\/autocaravanascamperdadi.com\\\/wp-content\\\/uploads\\\/2020\\\/04\\\/IMG_4982.jpg\",\"contentUrl\":\"https:\\\/\\\/autocaravanascamperdadi.com\\\/wp-content\\\/uploads\\\/2020\\\/04\\\/IMG_4982.jpg\",\"width\":900,\"height\":675,\"caption\":\"Alquiler de porsche panamera diesel\"},{\"@type\":\"BreadcrumbList\",\"@id\":\"https:\\\/\\\/autocaravanascamperdadi.com\\\/tienda\\\/alquiler-porsche-panamera-diesel\\\/#breadcrumb\",\"itemListElement\":[{\"@type\":\"ListItem\",\"position\":1,\"name\":\"Portada\",\"item\":\"https:\\\/\\\/autocaravanascamperdadi.com\\\/it\\\/\"},{\"@type\":\"ListItem\",\"position\":2,\"name\":\"Tienda\",\"item\":\"https:\\\/\\\/autocaravanascamperdadi.com\\\/tienda\\\/\"},{\"@type\":\"ListItem\",\"position\":3,\"name\":\"Porsche Panamera Diesel\"}]},{\"@type\":\"WebSite\",\"@id\":\"https:\\\/\\\/autocaravanascamperdadi.com\\\/en\\\/#website\",\"url\":\"https:\\\/\\\/autocaravanascamperdadi.com\\\/en\\\/\",\"name\":\"Autocaravanas Camperdadi\",\"description\":\"Alquiler de autocaravanas y caravanas\",\"potentialAction\":[{\"@type\":\"SearchAction\",\"target\":{\"@type\":\"EntryPoint\",\"urlTemplate\":\"https:\\\/\\\/autocaravanascamperdadi.com\\\/en\\\/?s={search_term_string}\"},\"query-input\":{\"@type\":\"PropertyValueSpecification\",\"valueRequired\":true,\"valueName\":\"search_term_string\"}}],\"inLanguage\":\"it-IT\"}]}<\/script>\n<!-- \/ Yoast SEO plugin. -->","yoast_head_json":{"title":"Porsche Panamera Diesel - Camperdadi","robots":{"index":"index","follow":"follow","max-snippet":"max-snippet:-1","max-image-preview":"max-image-preview:large","max-video-preview":"max-video-preview:-1"},"canonical":"https:\/\/autocaravanascamperdadi.com\/tienda\/alquiler-porsche-panamera-diesel\/","og_locale":"it_IT","og_type":"article","og_title":"Porsche Panamera Diesel - Camperdadi","og_description":"NUMERO DI POSTI: 4       Bassa stagione Met\u00e0 stagione Alta stagione   205\u20ac\/giorno 235\u20ac\/giorno 275\u20ac\/giorno     STAGIONI  Alta: Pasqua e ponti (minimo 5 giorni) Luglio e agosto (minimo 15 giorni) Met\u00e0: giugno e settembre (minimo 7 giorni) Basso: resto dell'anno (minimo 3 giorni) Fine settimana: 3 giorni (ritiro venerd\u00ec e consegna luned\u00ec mattina)","og_url":"https:\/\/autocaravanascamperdadi.com\/tienda\/alquiler-porsche-panamera-diesel\/","og_site_name":"Camperdadi","article_publisher":"https:\/\/es-es.facebook.com\/camperdadi\/","article_modified_time":"2023-01-17T09:30:53+00:00","og_image":[{"width":900,"height":675,"url":"https:\/\/autocaravanascamperdadi.com\/wp-content\/uploads\/2020\/04\/IMG_4982.jpg","type":"image\/jpeg"}],"twitter_card":"summary_large_image","twitter_site":"@camperdadi","twitter_misc":{"Tempo di lettura stimato":"1 minuto"},"schema":{"@context":"https:\/\/schema.org","@graph":[{"@type":"WebPage","@id":"https:\/\/autocaravanascamperdadi.com\/tienda\/alquiler-porsche-panamera-diesel\/","url":"https:\/\/autocaravanascamperdadi.com\/tienda\/alquiler-porsche-panamera-diesel\/","name":"Porsche Panamera Diesel - Camperdadi","isPartOf":{"@id":"https:\/\/autocaravanascamperdadi.com\/en\/#website"},"primaryImageOfPage":{"@id":"https:\/\/autocaravanascamperdadi.com\/tienda\/alquiler-porsche-panamera-diesel\/#primaryimage"},"image":{"@id":"https:\/\/autocaravanascamperdadi.com\/tienda\/alquiler-porsche-panamera-diesel\/#primaryimage"},"thumbnailUrl":"https:\/\/autocaravanascamperdadi.com\/wp-content\/uploads\/2020\/04\/IMG_4982.jpg","datePublished":"2020-04-29T09:25:50+00:00","dateModified":"2023-01-17T09:30:53+00:00","breadcrumb":{"@id":"https:\/\/autocaravanascamperdadi.com\/tienda\/alquiler-porsche-panamera-diesel\/#breadcrumb"},"inLanguage":"it-IT","potentialAction":[{"@type":"ReadAction","target":["https:\/\/autocaravanascamperdadi.com\/tienda\/alquiler-porsche-panamera-diesel\/"]}]},{"@type":"ImageObject","inLanguage":"it-IT","@id":"https:\/\/autocaravanascamperdadi.com\/tienda\/alquiler-porsche-panamera-diesel\/#primaryimage","url":"https:\/\/autocaravanascamperdadi.com\/wp-content\/uploads\/2020\/04\/IMG_4982.jpg","contentUrl":"https:\/\/autocaravanascamperdadi.com\/wp-content\/uploads\/2020\/04\/IMG_4982.jpg","width":900,"height":675,"caption":"Alquiler de porsche panamera diesel"},{"@type":"BreadcrumbList","@id":"https:\/\/autocaravanascamperdadi.com\/tienda\/alquiler-porsche-panamera-diesel\/#breadcrumb","itemListElement":[{"@type":"ListItem","position":1,"name":"Portada","item":"https:\/\/autocaravanascamperdadi.com\/it\/"},{"@type":"ListItem","position":2,"name":"Tienda","item":"https:\/\/autocaravanascamperdadi.com\/tienda\/"},{"@type":"ListItem","position":3,"name":"Porsche Panamera Diesel"}]},{"@type":"WebSite","@id":"https:\/\/autocaravanascamperdadi.com\/en\/#website","url":"https:\/\/autocaravanascamperdadi.com\/en\/","name":"Autocaravanas Camperdadi","description":"Alquiler de autocaravanas y caravanas","potentialAction":[{"@type":"SearchAction","target":{"@type":"EntryPoint","urlTemplate":"https:\/\/autocaravanascamperdadi.com\/en\/?s={search_term_string}"},"query-input":{"@type":"PropertyValueSpecification","valueRequired":true,"valueName":"search_term_string"}}],"inLanguage":"it-IT"}]}},"_links":{"self":[{"href":"https:\/\/autocaravanascamperdadi.com\/it\/wp-json\/wp\/v2\/product\/4707","targetHints":{"allow":["GET"]}}],"collection":[{"href":"https:\/\/autocaravanascamperdadi.com\/it\/wp-json\/wp\/v2\/product"}],"about":[{"href":"https:\/\/autocaravanascamperdadi.com\/it\/wp-json\/wp\/v2\/types\/product"}],"replies":[{"embeddable":true,"href":"https:\/\/autocaravanascamperdadi.com\/it\/wp-json\/wp\/v2\/comments?post=4707"}],"wp:featuredmedia":[{"embeddable":true,"href":"https:\/\/autocaravanascamperdadi.com\/it\/wp-json\/wp\/v2\/media\/4716"}],"wp:attachment":[{"href":"https:\/\/autocaravanascamperdadi.com\/it\/wp-json\/wp\/v2\/media?parent=4707"}],"wp:term":[{"taxonomy":"product_brand","embeddable":true,"href":"https:\/\/autocaravanascamperdadi.com\/it\/wp-json\/wp\/v2\/product_brand?post=4707"},{"taxonomy":"product_cat","embeddable":true,"href":"https:\/\/autocaravanascamperdadi.com\/it\/wp-json\/wp\/v2\/product_cat?post=4707"},{"taxonomy":"product_tag","embeddable":true,"href":"https:\/\/autocaravanascamperdadi.com\/it\/wp-json\/wp\/v2\/product_tag?post=4707"}],"curies":[{"name":"wp","href":"https:\/\/api.w.org\/{rel}","templated":true}]}}